{"id":96888,"date":"2023-02-01T06:06:31","date_gmt":"2023-02-01T03:06:31","guid":{"rendered":"https:\/\/hqstore.ro\/index.php\/product\/access-point-range-ext-tp-link-wireless-access-point-eap653-ax3000-wireless-dual-band-indoor-eap653\/"},"modified":"2023-05-30T01:22:45","modified_gmt":"2023-05-29T22:22:45","slug":"access-point-range-ext-tp-link-wireless-access-point-eap653-ax3000-wireless-dual-band-indoor-eap653","status":"publish","type":"product","link":"https:\/\/hqstore.ro\/index.php\/product\/access-point-range-ext-tp-link-wireless-access-point-eap653-ax3000-wireless-dual-band-indoor-eap653\/","title":{"rendered":"TP-Link Wireless Access Point EAP653, AX3000 Wireless Dual Band Indoor,"},"content":{"rendered":"<p>TP-Link Wireless Access Point EAP653, AX3000 Wireless Dual Band Indoor, 1\u00d7 Gigabit Ethernet (RJ-45) Port (Support 802.3at PoE), antenna interna: 2.4 GHz: 2\u00d7 4 dBi, 5 GHz: 2\u00d7 5 dBi, Standarde Wireless: IEEE 802.11ax\/ac\/n\/g\/b\/a, Rat\u0103 de Semnal: 5 GHz: P\u00e2n\u0103 la 2402 Mbps, 2.4 GHz: P\u00e2n\u0103 la 574 Mbps. &#8211; Adaptorul POE nu este inclus in pachet, se achizitioneaza separat.<\/p>\n","protected":false},"excerpt":{"rendered":"<p>TP-Link Wireless Access Point EAP653, AX3000 Wireless Dual Band Indoor, 1\u00d7 Gigabit Ethernet (RJ-45) Port (Support 802.3at PoE), antenna interna: 2.4 GHz: 2\u00d7 4 dBi, 5 GHz: 2\u00d7 5 dBi, Standarde Wireless: IEEE 802.11ax\/ac\/n\/g\/b\/a, Rat\u0103 de Semnal: 5 GHz: P\u00e2n\u0103 la 2402 Mbps, 2.4 GHz: P\u00e2n\u0103 la 574 Mbps. &#8211; Adaptorul POE nu este inclus<span class=\"read-more-faq\"><a href=\"https:\/\/hqstore.ro\/index.php\/product\/access-point-range-ext-tp-link-wireless-access-point-eap653-ax3000-wireless-dual-band-indoor-eap653\/\">Read More<\/a><\/span><\/p>\n","protected":false},"featured_media":96889,"comment_status":"open","ping_status":"closed","template":"","meta":[],"product_cat":[332],"product_tag":[],"_links":{"self":[{"href":"https:\/\/hqstore.ro\/index.php\/wp-json\/wp\/v2\/product\/96888"}],"collection":[{"href":"https:\/\/hqstore.ro\/index.php\/wp-json\/wp\/v2\/product"}],"about":[{"href":"https:\/\/hqstore.ro\/index.php\/wp-json\/wp\/v2\/types\/product"}],"replies":[{"embeddable":true,"href":"https:\/\/hqstore.ro\/index.php\/wp-json\/wp\/v2\/comments?post=96888"}],"wp:featuredmedia":[{"embeddable":true,"href":"https:\/\/hqstore.ro\/index.php\/wp-json\/wp\/v2\/media\/96889"}],"wp:attachment":[{"href":"https:\/\/hqstore.ro\/index.php\/wp-json\/wp\/v2\/media?parent=96888"}],"wp:term":[{"taxonomy":"product_cat","embeddable":true,"href":"https:\/\/hqstore.ro\/index.php\/wp-json\/wp\/v2\/product_cat?post=96888"},{"taxonomy":"product_tag","embeddable":true,"href":"https:\/\/hqstore.ro\/index.php\/wp-json\/wp\/v2\/product_tag?post=96888"}],"curies":[{"name":"wp","href":"https:\/\/api.w.org\/{rel}","templated":true}]}}