{"id":87749,"date":"2023-01-30T23:33:41","date_gmt":"2023-01-30T20:33:41","guid":{"rendered":"https:\/\/hqstore.ro\/index.php\/product\/multifunctionale-laser-multifunctional-laser-color-canon-mf832cdw-dimensiune-a4-printare-copiere-scanare-4930c007aa\/"},"modified":"2023-05-27T23:55:01","modified_gmt":"2023-05-27T20:55:01","slug":"multifunctionale-laser-multifunctional-laser-color-canon-mf832cdw-dimensiune-a4-printare-copiere-scanare-4930c007aa","status":"publish","type":"product","link":"https:\/\/hqstore.ro\/index.php\/product\/multifunctionale-laser-multifunctional-laser-color-canon-mf832cdw-dimensiune-a4-printare-copiere-scanare-4930c007aa\/","title":{"rendered":"Multifunctional laser color Canon MF832CDW, dimensiune A4 (Printare, Copiere, Scanare,"},"content":{"rendered":"<p>Multifunctional laser color Canon MF832CDW, dimensiune A4 (Printare, Copiere, Scanare, Fax), duplex, Procesor: 1Ghz x 2, memorie: 2Gb, Stocare 64Gb(disponibil 30gb) viteza max 38ppm alb-negru si color, rezolutie max 1200x1200dpi, memorie 2Gb RAM, alimentare hartie 550+100 coli,max: 2300 coli, limbaje de printare: UFRII, PCL 5c1, PCL6, Adobe\u00ae PostScript3,  Copiere 38 ppm, pana la 999 copii, marire-micsorare 25- 400%, Copiere duplex, scanare color rezolutie optica 600X600 dpi, Scan to file server, Scan to Email and i-Fax, Scan to USB memory key, fax 33.6 Kbps, memorie fax 30000 pagini, display tactil color 7&#8243;, volum de printare max 80000 pagini\/luna, interfata USB 2.0 Hi-Speed, 10BASE- T\/100BASE-TX\/1000Base-T, Wireless 802.11b\/g\/n, conexiune Wireless Direct, consumabile: Imprimanta este livrat\u0103 cu cartu\u015fe ini\u0163iale \u2013 negru: 6.000 de pagini, C\/M\/Y: 3.200 de pagini, foloseste ulterior 064 sau 064H.<\/p>\n","protected":false},"excerpt":{"rendered":"<p>Multifunctional laser color Canon MF832CDW, dimensiune A4 (Printare, Copiere, Scanare, Fax), duplex, Procesor: 1Ghz x 2, memorie: 2Gb, Stocare 64Gb(disponibil 30gb) viteza max 38ppm alb-negru si color, rezolutie max 1200x1200dpi, memorie 2Gb RAM, alimentare hartie 550+100 coli,max: 2300 coli, limbaje de printare: UFRII, PCL 5c1, PCL6, Adobe\u00ae PostScript3, Copiere 38 ppm, pana la 999 copii,<span class=\"read-more-faq\"><a href=\"https:\/\/hqstore.ro\/index.php\/product\/multifunctionale-laser-multifunctional-laser-color-canon-mf832cdw-dimensiune-a4-printare-copiere-scanare-4930c007aa\/\">Read More<\/a><\/span><\/p>\n","protected":false},"featured_media":87750,"comment_status":"open","ping_status":"closed","template":"","meta":[],"product_cat":[299],"product_tag":[],"_links":{"self":[{"href":"https:\/\/hqstore.ro\/index.php\/wp-json\/wp\/v2\/product\/87749"}],"collection":[{"href":"https:\/\/hqstore.ro\/index.php\/wp-json\/wp\/v2\/product"}],"about":[{"href":"https:\/\/hqstore.ro\/index.php\/wp-json\/wp\/v2\/types\/product"}],"replies":[{"embeddable":true,"href":"https:\/\/hqstore.ro\/index.php\/wp-json\/wp\/v2\/comments?post=87749"}],"wp:featuredmedia":[{"embeddable":true,"href":"https:\/\/hqstore.ro\/index.php\/wp-json\/wp\/v2\/media\/87750"}],"wp:attachment":[{"href":"https:\/\/hqstore.ro\/index.php\/wp-json\/wp\/v2\/media?parent=87749"}],"wp:term":[{"taxonomy":"product_cat","embeddable":true,"href":"https:\/\/hqstore.ro\/index.php\/wp-json\/wp\/v2\/product_cat?post=87749"},{"taxonomy":"product_tag","embeddable":true,"href":"https:\/\/hqstore.ro\/index.php\/wp-json\/wp\/v2\/product_tag?post=87749"}],"curies":[{"name":"wp","href":"https:\/\/api.w.org\/{rel}","templated":true}]}}