{"id":87239,"date":"2023-01-30T23:11:17","date_gmt":"2023-01-30T20:11:17","guid":{"rendered":"https:\/\/hqstore.ro\/index.php\/product\/accesorii-sursa-de-alimentare-in-comutatie-paradox-protectie-electronicacurevenire-automata-12vdc-ps-817\/"},"modified":"2023-05-29T00:48:38","modified_gmt":"2023-05-28T21:48:38","slug":"accesorii-sursa-de-alimentare-in-comutatie-paradox-protectie-electronicacurevenire-automata-12vdc-ps-817","status":"publish","type":"product","link":"https:\/\/hqstore.ro\/index.php\/product\/accesorii-sursa-de-alimentare-in-comutatie-paradox-protectie-electronicacurevenire-automata-12vdc-ps-817\/","title":{"rendered":"Sursa de alimentare in comuta\u0163ie PARADOX; protectie electronic\u0103curevenire automat\u0103; 12Vdc"},"content":{"rendered":"<p>Sursa de alimentare in comuta\u0163ie PARADOX; protectie electronic\u0103curevenire automat\u0103; 12Vdc \u015fi 1,75A; testare acumulator; transfer automatpe acumulator \u00een cazul dispari\u0163iei tensiunii CA de alimentare, PS-817<\/p>\n","protected":false},"excerpt":{"rendered":"<p>Sursa de alimentare in comuta\u0163ie PARADOX; protectie electronic\u0103curevenire automat\u0103; 12Vdc \u015fi 1,75A; testare acumulator; transfer automatpe acumulator \u00een cazul dispari\u0163iei tensiunii CA de alimentare, PS-817<\/p>\n","protected":false},"featured_media":87240,"comment_status":"open","ping_status":"closed","template":"","meta":[],"product_cat":[373],"product_tag":[],"_links":{"self":[{"href":"https:\/\/hqstore.ro\/index.php\/wp-json\/wp\/v2\/product\/87239"}],"collection":[{"href":"https:\/\/hqstore.ro\/index.php\/wp-json\/wp\/v2\/product"}],"about":[{"href":"https:\/\/hqstore.ro\/index.php\/wp-json\/wp\/v2\/types\/product"}],"replies":[{"embeddable":true,"href":"https:\/\/hqstore.ro\/index.php\/wp-json\/wp\/v2\/comments?post=87239"}],"wp:featuredmedia":[{"embeddable":true,"href":"https:\/\/hqstore.ro\/index.php\/wp-json\/wp\/v2\/media\/87240"}],"wp:attachment":[{"href":"https:\/\/hqstore.ro\/index.php\/wp-json\/wp\/v2\/media?parent=87239"}],"wp:term":[{"taxonomy":"product_cat","embeddable":true,"href":"https:\/\/hqstore.ro\/index.php\/wp-json\/wp\/v2\/product_cat?post=87239"},{"taxonomy":"product_tag","embeddable":true,"href":"https:\/\/hqstore.ro\/index.php\/wp-json\/wp\/v2\/product_tag?post=87239"}],"curies":[{"name":"wp","href":"https:\/\/api.w.org\/{rel}","templated":true}]}}