{"id":87235,"date":"2023-01-30T23:11:10","date_gmt":"2023-01-30T20:11:10","guid":{"rendered":"https:\/\/hqstore.ro\/index.php\/product\/accesorii-telecomanda-cu-cartela-de-acces-integrata-5-actiuni-programabile-raza-rac2\/"},"modified":"2023-05-30T00:46:19","modified_gmt":"2023-05-29T21:46:19","slug":"accesorii-telecomanda-cu-cartela-de-acces-integrata-5-actiuni-programabile-raza-rac2","status":"publish","type":"product","link":"https:\/\/hqstore.ro\/index.php\/product\/accesorii-telecomanda-cu-cartela-de-acces-integrata-5-actiuni-programabile-raza-rac2\/","title":{"rendered":"Telecomand\u0103 cu Cartel\u0103 de Acces integrat\u0103; 5 ac\u0163iuni programabile; raz\u0103"},"content":{"rendered":"<p>Telecomand\u0103 cu Cartel\u0103 de Acces integrat\u0103; 5 ac\u0163iuni programabile; raz\u0103 radio de ac\u0163iune: 30m (MG 6160 si MG 6130); 45m (MG5000\/MG5050\/RTX3); frecven\u0163a: 433 sau 868 MHz<\/p>\n","protected":false},"excerpt":{"rendered":"<p>Telecomand\u0103 cu Cartel\u0103 de Acces integrat\u0103; 5 ac\u0163iuni programabile; raz\u0103 radio de ac\u0163iune: 30m (MG 6160 si MG 6130); 45m (MG5000\/MG5050\/RTX3); frecven\u0163a: 433 sau 868 MHz<\/p>\n","protected":false},"featured_media":87236,"comment_status":"open","ping_status":"closed","template":"","meta":[],"product_cat":[373],"product_tag":[],"_links":{"self":[{"href":"https:\/\/hqstore.ro\/index.php\/wp-json\/wp\/v2\/product\/87235"}],"collection":[{"href":"https:\/\/hqstore.ro\/index.php\/wp-json\/wp\/v2\/product"}],"about":[{"href":"https:\/\/hqstore.ro\/index.php\/wp-json\/wp\/v2\/types\/product"}],"replies":[{"embeddable":true,"href":"https:\/\/hqstore.ro\/index.php\/wp-json\/wp\/v2\/comments?post=87235"}],"wp:featuredmedia":[{"embeddable":true,"href":"https:\/\/hqstore.ro\/index.php\/wp-json\/wp\/v2\/media\/87236"}],"wp:attachment":[{"href":"https:\/\/hqstore.ro\/index.php\/wp-json\/wp\/v2\/media?parent=87235"}],"wp:term":[{"taxonomy":"product_cat","embeddable":true,"href":"https:\/\/hqstore.ro\/index.php\/wp-json\/wp\/v2\/product_cat?post=87235"},{"taxonomy":"product_tag","embeddable":true,"href":"https:\/\/hqstore.ro\/index.php\/wp-json\/wp\/v2\/product_tag?post=87235"}],"curies":[{"name":"wp","href":"https:\/\/api.w.org\/{rel}","templated":true}]}}