{"id":87051,"date":"2023-01-30T23:06:52","date_gmt":"2023-01-30T20:06:52","guid":{"rendered":"https:\/\/hqstore.ro\/index.php\/product\/detectori-hd78-cablat-detector-cu-grad-mare-de-securitate-si-hd78\/"},"modified":"2023-05-25T22:49:42","modified_gmt":"2023-05-25T19:49:42","slug":"detectori-hd78-cablat-detector-cu-grad-mare-de-securitate-si-hd78","status":"publish","type":"product","link":"https:\/\/hqstore.ro\/index.php\/product\/detectori-hd78-cablat-detector-cu-grad-mare-de-securitate-si-hd78\/","title":{"rendered":"HD78 (Cablat) &#8211; detector cu grad mare de securitate si"},"content":{"rendered":"<p>HD78 (Cablat) &#8211; detector cu grad mare de securitate si camera IP de interior, oferind o solutie de detectie\/video\/audio pentru sistemele de securitate Paradox, HD78 se poate conecta in retea prin cablu (Ethernet), Compatibilitate: SP5500, SP6000, SP7000, EVO192, EVOHD, 12x12m perimetru protejat, unghi vizualizare camera: 91\u00b0(V) x 110\u00b0(H), Inaltimea instalarii: 2.1m~2.7m, Secvente video color la 720P rezolutie (HD264), redare HD audio 16 bit\/24 KHz,  Stocare interna: 20min &#8211; alarme si 20min &#8211; inregistrare video la cerere (VOD)\/inregistrare la miscare (ROT), 3s inregistrare pre-alarma, Notificari in timp real, Element Quad PIR incorporat, Partajare Video Live pentru max 4 utilizator, Stocare cloud, fara taxa in Google Drive, Acces de la distanta prin aplicatia Insite GOLD (Instalare si programare usoara, vizualizare, armare\/dezarmare acces si activare PGM), Viteza de detectie: 0.2m\/s ~ 2.5m\/s, Rezolutie imagine: 1280 x 720, senzor imagine CMOS 7V \/LUX.Sec 1.4Mpixel, 12.0~16.0 Vdc, 15x 7.5&#215;5 cm, Temperatura operare: -20\u00b0 C~+40\u00b0 C, Verificare video a evenimentelor de alarma prin: e-mail (utilizator si sta\u0163ie de monitorizare) si integrarea IPRS-7 cu softul statiei de monitorizare, Notificare pe e-mail catre utilizatorii autoriza\u0163i si sta\u0163ia de monitorizare: &#8211; 10 imagini JPEG: 3 pre-alarma si 7 post- alarma- o secven\u0163a video: 3s pre-alarma si 7s post-alarma, la 360p &#8211; un link pentru descarcarea aceleiasi secven\u0163e video, la 720p<\/p>\n","protected":false},"excerpt":{"rendered":"<p>HD78 (Cablat) &#8211; detector cu grad mare de securitate si camera IP de interior, oferind o solutie de detectie\/video\/audio pentru sistemele de securitate Paradox, HD78 se poate conecta in retea prin cablu (Ethernet), Compatibilitate: SP5500, SP6000, SP7000, EVO192, EVOHD, 12x12m perimetru protejat, unghi vizualizare camera: 91\u00b0(V) x 110\u00b0(H), Inaltimea instalarii: 2.1m~2.7m, Secvente video color la<span class=\"read-more-faq\"><a href=\"https:\/\/hqstore.ro\/index.php\/product\/detectori-hd78-cablat-detector-cu-grad-mare-de-securitate-si-hd78\/\">Read More<\/a><\/span><\/p>\n","protected":false},"featured_media":87052,"comment_status":"open","ping_status":"closed","template":"","meta":[],"product_cat":[371],"product_tag":[],"_links":{"self":[{"href":"https:\/\/hqstore.ro\/index.php\/wp-json\/wp\/v2\/product\/87051"}],"collection":[{"href":"https:\/\/hqstore.ro\/index.php\/wp-json\/wp\/v2\/product"}],"about":[{"href":"https:\/\/hqstore.ro\/index.php\/wp-json\/wp\/v2\/types\/product"}],"replies":[{"embeddable":true,"href":"https:\/\/hqstore.ro\/index.php\/wp-json\/wp\/v2\/comments?post=87051"}],"wp:featuredmedia":[{"embeddable":true,"href":"https:\/\/hqstore.ro\/index.php\/wp-json\/wp\/v2\/media\/87052"}],"wp:attachment":[{"href":"https:\/\/hqstore.ro\/index.php\/wp-json\/wp\/v2\/media?parent=87051"}],"wp:term":[{"taxonomy":"product_cat","embeddable":true,"href":"https:\/\/hqstore.ro\/index.php\/wp-json\/wp\/v2\/product_cat?post=87051"},{"taxonomy":"product_tag","embeddable":true,"href":"https:\/\/hqstore.ro\/index.php\/wp-json\/wp\/v2\/product_tag?post=87051"}],"curies":[{"name":"wp","href":"https:\/\/api.w.org\/{rel}","templated":true}]}}