{"id":85934,"date":"2023-01-30T22:26:16","date_gmt":"2023-01-30T19:26:16","guid":{"rendered":"https:\/\/hqstore.ro\/index.php\/product\/camere-supraveghere-ip-camera-de-supraveghere-hikvision-mini-pt-dome-ds-2de2a404iw-de3-ds2de2a404iwde3s6c\/"},"modified":"2024-03-08T03:52:33","modified_gmt":"2024-03-08T00:52:33","slug":"camere-supraveghere-ip-camera-de-supraveghere-hikvision-mini-pt-dome-ds-2de2a404iw-de3-ds2de2a404iwde3s6c","status":"publish","type":"product","link":"https:\/\/hqstore.ro\/index.php\/product\/camere-supraveghere-ip-camera-de-supraveghere-hikvision-mini-pt-dome-ds-2de2a404iw-de3-ds2de2a404iwde3s6c\/","title":{"rendered":"Camera de supraveghere Hikvision Mini PT Dome DS-2DE2A404IW-DE3"},"content":{"rendered":"<p>Camera de supraveghere Hikvision Mini PT Dome DS-2DE2A404IW-DE3    C0 S6 C sonzor de imagine: 1\/2.8&#8243; Progressive Scan CMOS, 4MP reezolutie maxima: 2560 \u00d7 1440, IR cut filter , IR 20M, 4x optical, 16x digital, lentila varifocala: 2.8 to 12 mm, WDR 120dB,IP66,  dimensiuni: \u00d8 130.7 mm \u00d7101.7 mm,  temperatura de functionare : -20 \u00b0C to 60 \u00b0C, greutate: 0.530 kg.<\/p>\n","protected":false},"excerpt":{"rendered":"<p>Camera de supraveghere Hikvision Mini PT Dome DS-2DE2A404IW-DE3 C0 S6 C sonzor de imagine: 1\/2.8&#8243; Progressive Scan CMOS, 4MP reezolutie maxima: 2560 \u00d7 1440, IR cut filter , IR 20M, 4x optical, 16x digital, lentila varifocala: 2.8 to 12 mm, WDR 120dB,IP66, dimensiuni: \u00d8 130.7 mm \u00d7101.7 mm, temperatura de functionare : -20 \u00b0C to<span class=\"read-more-faq\"><a href=\"https:\/\/hqstore.ro\/index.php\/product\/camere-supraveghere-ip-camera-de-supraveghere-hikvision-mini-pt-dome-ds-2de2a404iw-de3-ds2de2a404iwde3s6c\/\">Read More<\/a><\/span><\/p>\n","protected":false},"featured_media":85935,"comment_status":"open","ping_status":"closed","template":"","meta":[],"product_cat":[366],"product_tag":[],"_links":{"self":[{"href":"https:\/\/hqstore.ro\/index.php\/wp-json\/wp\/v2\/product\/85934"}],"collection":[{"href":"https:\/\/hqstore.ro\/index.php\/wp-json\/wp\/v2\/product"}],"about":[{"href":"https:\/\/hqstore.ro\/index.php\/wp-json\/wp\/v2\/types\/product"}],"replies":[{"embeddable":true,"href":"https:\/\/hqstore.ro\/index.php\/wp-json\/wp\/v2\/comments?post=85934"}],"wp:featuredmedia":[{"embeddable":true,"href":"https:\/\/hqstore.ro\/index.php\/wp-json\/wp\/v2\/media\/85935"}],"wp:attachment":[{"href":"https:\/\/hqstore.ro\/index.php\/wp-json\/wp\/v2\/media?parent=85934"}],"wp:term":[{"taxonomy":"product_cat","embeddable":true,"href":"https:\/\/hqstore.ro\/index.php\/wp-json\/wp\/v2\/product_cat?post=85934"},{"taxonomy":"product_tag","embeddable":true,"href":"https:\/\/hqstore.ro\/index.php\/wp-json\/wp\/v2\/product_tag?post=85934"}],"curies":[{"name":"wp","href":"https:\/\/api.w.org\/{rel}","templated":true}]}}