{"id":84841,"date":"2023-01-30T21:29:55","date_gmt":"2023-01-30T18:29:55","guid":{"rendered":"https:\/\/hqstore.ro\/index.php\/product\/switch-uri-switch-tp-link-jetstream-48-port-gigabit-l2-managed-tl-sg3452p-interfata-tl-sg3452p\/"},"modified":"2023-04-07T09:41:16","modified_gmt":"2023-04-07T06:41:16","slug":"switch-uri-switch-tp-link-jetstream-48-port-gigabit-l2-managed-tl-sg3452p-interfata-tl-sg3452p","status":"publish","type":"product","link":"https:\/\/hqstore.ro\/index.php\/product\/switch-uri-switch-tp-link-jetstream-48-port-gigabit-l2-managed-tl-sg3452p-interfata-tl-sg3452p\/","title":{"rendered":"Switch TP-Link JetStream 48-Port Gigabit L2 Managed, TL-SG3452P interfata:"},"content":{"rendered":"<p>Switch TP-Link JetStream 48-Port Gigabit L2 Managed, TL-SG3452P interfata:  48\u00d7 Porturi RJ45 10\/100\/1000 Mbps,  4\u00d7 Sloturi Gigabit SFP, 1\u00d7 Port RJ45 pe console, 1\u00d7 Port Micro-USB pe console, Standard: 802.3at\/af compliant, Porturi PoE+: 48 porturi, p\u00e2n\u0103 la 30 W per port, PoE Power Budget: 384 W, Dimensiuni: 440 \u00d7 330 \u00d7 44 mm, Switching Capacity: 104 Gbps, Packet Forwarding Rate: 77.4 Mpps, Rack mount.<\/p>\n","protected":false},"excerpt":{"rendered":"<p>Switch TP-Link JetStream 48-Port Gigabit L2 Managed, TL-SG3452P interfata: 48\u00d7 Porturi RJ45 10\/100\/1000 Mbps, 4\u00d7 Sloturi Gigabit SFP, 1\u00d7 Port RJ45 pe console, 1\u00d7 Port Micro-USB pe console, Standard: 802.3at\/af compliant, Porturi PoE+: 48 porturi, p\u00e2n\u0103 la 30 W per port, PoE Power Budget: 384 W, Dimensiuni: 440 \u00d7 330 \u00d7 44 mm, Switching Capacity:<span class=\"read-more-faq\"><a href=\"https:\/\/hqstore.ro\/index.php\/product\/switch-uri-switch-tp-link-jetstream-48-port-gigabit-l2-managed-tl-sg3452p-interfata-tl-sg3452p\/\">Read More<\/a><\/span><\/p>\n","protected":false},"featured_media":84842,"comment_status":"open","ping_status":"closed","template":"","meta":[],"product_cat":[338],"product_tag":[],"_links":{"self":[{"href":"https:\/\/hqstore.ro\/index.php\/wp-json\/wp\/v2\/product\/84841"}],"collection":[{"href":"https:\/\/hqstore.ro\/index.php\/wp-json\/wp\/v2\/product"}],"about":[{"href":"https:\/\/hqstore.ro\/index.php\/wp-json\/wp\/v2\/types\/product"}],"replies":[{"embeddable":true,"href":"https:\/\/hqstore.ro\/index.php\/wp-json\/wp\/v2\/comments?post=84841"}],"wp:featuredmedia":[{"embeddable":true,"href":"https:\/\/hqstore.ro\/index.php\/wp-json\/wp\/v2\/media\/84842"}],"wp:attachment":[{"href":"https:\/\/hqstore.ro\/index.php\/wp-json\/wp\/v2\/media?parent=84841"}],"wp:term":[{"taxonomy":"product_cat","embeddable":true,"href":"https:\/\/hqstore.ro\/index.php\/wp-json\/wp\/v2\/product_cat?post=84841"},{"taxonomy":"product_tag","embeddable":true,"href":"https:\/\/hqstore.ro\/index.php\/wp-json\/wp\/v2\/product_tag?post=84841"}],"curies":[{"name":"wp","href":"https:\/\/api.w.org\/{rel}","templated":true}]}}