{"id":83966,"date":"2023-01-30T20:45:28","date_gmt":"2023-01-30T17:45:28","guid":{"rendered":"https:\/\/hqstore.ro\/index.php\/product\/scannere-scanner-mbil-epson-workforce-es-60w-dimensiune-a4-viteza-scanare4-ppm-b11b253401\/"},"modified":"2023-05-29T00:28:38","modified_gmt":"2023-05-28T21:28:38","slug":"scannere-scanner-mbil-epson-workforce-es-60w-dimensiune-a4-viteza-scanare4-ppm-b11b253401","status":"publish","type":"product","link":"https:\/\/hqstore.ro\/index.php\/product\/scannere-scanner-mbil-epson-workforce-es-60w-dimensiune-a4-viteza-scanare4-ppm-b11b253401\/","title":{"rendered":"Scanner mbil Epson WorkForce ES-60W, dimensiune A4, viteza scanare:4 ppm"},"content":{"rendered":"<p>Scanner mbil Epson WorkForce ES-60W, dimensiune A4, viteza scanare:4 ppm mono si color, rezolutie optica 600 DPI x 600 DPI, senzor CIS, tehnologie ReadyScan LED, Scanare catre JPEG, PDF, Scanare c\u0103tre PDFc\u0103utabil, PDF\/A, Software inclus: Epson Scan 2, Volum scanare: 300\/zi, interfata: Wi-Fi Direct, USB 2.0 Micro-B dimensiuni: 272\u200e x 47 x 34 mm (L\u0103\u0163ime x Lungime x \u00cen\u0103l\u0163ime).<\/p>\n","protected":false},"excerpt":{"rendered":"<p>Scanner mbil Epson WorkForce ES-60W, dimensiune A4, viteza scanare:4 ppm mono si color, rezolutie optica 600 DPI x 600 DPI, senzor CIS, tehnologie ReadyScan LED, Scanare catre JPEG, PDF, Scanare c\u0103tre PDFc\u0103utabil, PDF\/A, Software inclus: Epson Scan 2, Volum scanare: 300\/zi, interfata: Wi-Fi Direct, USB 2.0 Micro-B dimensiuni: 272\u200e x 47 x 34 mm (L\u0103\u0163ime<span class=\"read-more-faq\"><a href=\"https:\/\/hqstore.ro\/index.php\/product\/scannere-scanner-mbil-epson-workforce-es-60w-dimensiune-a4-viteza-scanare4-ppm-b11b253401\/\">Read More<\/a><\/span><\/p>\n","protected":false},"featured_media":83967,"comment_status":"open","ping_status":"closed","template":"","meta":[],"product_cat":[307],"product_tag":[],"_links":{"self":[{"href":"https:\/\/hqstore.ro\/index.php\/wp-json\/wp\/v2\/product\/83966"}],"collection":[{"href":"https:\/\/hqstore.ro\/index.php\/wp-json\/wp\/v2\/product"}],"about":[{"href":"https:\/\/hqstore.ro\/index.php\/wp-json\/wp\/v2\/types\/product"}],"replies":[{"embeddable":true,"href":"https:\/\/hqstore.ro\/index.php\/wp-json\/wp\/v2\/comments?post=83966"}],"wp:featuredmedia":[{"embeddable":true,"href":"https:\/\/hqstore.ro\/index.php\/wp-json\/wp\/v2\/media\/83967"}],"wp:attachment":[{"href":"https:\/\/hqstore.ro\/index.php\/wp-json\/wp\/v2\/media?parent=83966"}],"wp:term":[{"taxonomy":"product_cat","embeddable":true,"href":"https:\/\/hqstore.ro\/index.php\/wp-json\/wp\/v2\/product_cat?post=83966"},{"taxonomy":"product_tag","embeddable":true,"href":"https:\/\/hqstore.ro\/index.php\/wp-json\/wp\/v2\/product_tag?post=83966"}],"curies":[{"name":"wp","href":"https:\/\/api.w.org\/{rel}","templated":true}]}}