{"id":83951,"date":"2023-01-30T20:44:56","date_gmt":"2023-01-30T17:44:56","guid":{"rendered":"https:\/\/hqstore.ro\/index.php\/product\/scannere-canon-imageformula-r10-sheetfed-scanner-a4-senzor-cmos-cis-cu-4861c003aa\/"},"modified":"2023-05-22T23:10:42","modified_gmt":"2023-05-22T20:10:42","slug":"scannere-canon-imageformula-r10-sheetfed-scanner-a4-senzor-cmos-cis-cu-4861c003aa","status":"publish","type":"product","link":"https:\/\/hqstore.ro\/index.php\/product\/scannere-canon-imageformula-r10-sheetfed-scanner-a4-senzor-cmos-cis-cu-4861c003aa\/","title":{"rendered":"Canon imageFORMULA R10, Sheetfed Scanner A4, Senzor CMOS CIS cu"},"content":{"rendered":"<p>Canon imageFORMULA R10, Sheetfed Scanner A4, Senzor CMOS CIS cu 1 linie, Sursa de lumina LED RGB, Rezolutie optica 600 dpi, Viteza de scanare: Alb-negru: 12 ppm Color:9 ppm, Capacitate alimentator 20 coli, Software de scanare integrat CaptureOnTouch Lite (Windows 8.1 \/ 10 &#8211; 32 bi\u0163i\/64 bi\u0163i), interfata: USB 2.0, Scanare: Fa\u0163\u0103\/Verso\/Duplex, greutate 0.9 kg, dimensiuni: 285 (l) x 95 (A) x 40 (H) mm, consum energie 2.5 W.<\/p>\n","protected":false},"excerpt":{"rendered":"<p>Canon imageFORMULA R10, Sheetfed Scanner A4, Senzor CMOS CIS cu 1 linie, Sursa de lumina LED RGB, Rezolutie optica 600 dpi, Viteza de scanare: Alb-negru: 12 ppm Color:9 ppm, Capacitate alimentator 20 coli, Software de scanare integrat CaptureOnTouch Lite (Windows 8.1 \/ 10 &#8211; 32 bi\u0163i\/64 bi\u0163i), interfata: USB 2.0, Scanare: Fa\u0163\u0103\/Verso\/Duplex, greutate 0.9 kg,<span class=\"read-more-faq\"><a href=\"https:\/\/hqstore.ro\/index.php\/product\/scannere-canon-imageformula-r10-sheetfed-scanner-a4-senzor-cmos-cis-cu-4861c003aa\/\">Read More<\/a><\/span><\/p>\n","protected":false},"featured_media":83952,"comment_status":"open","ping_status":"closed","template":"","meta":[],"product_cat":[307],"product_tag":[],"_links":{"self":[{"href":"https:\/\/hqstore.ro\/index.php\/wp-json\/wp\/v2\/product\/83951"}],"collection":[{"href":"https:\/\/hqstore.ro\/index.php\/wp-json\/wp\/v2\/product"}],"about":[{"href":"https:\/\/hqstore.ro\/index.php\/wp-json\/wp\/v2\/types\/product"}],"replies":[{"embeddable":true,"href":"https:\/\/hqstore.ro\/index.php\/wp-json\/wp\/v2\/comments?post=83951"}],"wp:featuredmedia":[{"embeddable":true,"href":"https:\/\/hqstore.ro\/index.php\/wp-json\/wp\/v2\/media\/83952"}],"wp:attachment":[{"href":"https:\/\/hqstore.ro\/index.php\/wp-json\/wp\/v2\/media?parent=83951"}],"wp:term":[{"taxonomy":"product_cat","embeddable":true,"href":"https:\/\/hqstore.ro\/index.php\/wp-json\/wp\/v2\/product_cat?post=83951"},{"taxonomy":"product_tag","embeddable":true,"href":"https:\/\/hqstore.ro\/index.php\/wp-json\/wp\/v2\/product_tag?post=83951"}],"curies":[{"name":"wp","href":"https:\/\/api.w.org\/{rel}","templated":true}]}}