{"id":83948,"date":"2023-01-30T20:44:53","date_gmt":"2023-01-30T17:44:53","guid":{"rendered":"https:\/\/hqstore.ro\/index.php\/product\/scannere-canon-imageformula-r40-sheetfed-scanner-a4-senzor-cmos-cis-cu-4229c002ab\/"},"modified":"2023-05-22T23:10:43","modified_gmt":"2023-05-22T20:10:43","slug":"scannere-canon-imageformula-r40-sheetfed-scanner-a4-senzor-cmos-cis-cu-4229c002ab","status":"publish","type":"product","link":"https:\/\/hqstore.ro\/index.php\/product\/scannere-canon-imageformula-r40-sheetfed-scanner-a4-senzor-cmos-cis-cu-4229c002ab\/","title":{"rendered":"Canon imageFORMULA R40, Sheetfed Scanner A4, Senzor CMOS CIS cu"},"content":{"rendered":"<p>Canon imageFORMULA R40, Sheetfed Scanner A4, Senzor CMOS CIS cu 1 linie, Sursa de lumina LED RGB, Rezolutie optica 600 dpi, Viteza de scanare: Alb-negru: 40 ppm Color:30 ppm, Capacitate alimentator 60 coli, Software de scanare integrat Driver TWAIN (Windows 7 SP1 \/ 8.1 \/ 10 &#8211; 32 bi\u0163i\/64 bi\u0163i), software de scanare Canon CaptureOnTouch, software Readiris pentru PDF, software Cardiris pentru c\u0103r\u0163i de vizit\u0103, interfata: USB 2.0, Scanare: Fa\u0163\u0103\/Verso\/Duplex, greutate 2.8 kg, dimensiuni: 291 x 250 x 245 mm, consum energie 22 W.<\/p>\n","protected":false},"excerpt":{"rendered":"<p>Canon imageFORMULA R40, Sheetfed Scanner A4, Senzor CMOS CIS cu 1 linie, Sursa de lumina LED RGB, Rezolutie optica 600 dpi, Viteza de scanare: Alb-negru: 40 ppm Color:30 ppm, Capacitate alimentator 60 coli, Software de scanare integrat Driver TWAIN (Windows 7 SP1 \/ 8.1 \/ 10 &#8211; 32 bi\u0163i\/64 bi\u0163i), software de scanare Canon CaptureOnTouch,<span class=\"read-more-faq\"><a href=\"https:\/\/hqstore.ro\/index.php\/product\/scannere-canon-imageformula-r40-sheetfed-scanner-a4-senzor-cmos-cis-cu-4229c002ab\/\">Read More<\/a><\/span><\/p>\n","protected":false},"featured_media":83949,"comment_status":"open","ping_status":"closed","template":"","meta":[],"product_cat":[307],"product_tag":[],"_links":{"self":[{"href":"https:\/\/hqstore.ro\/index.php\/wp-json\/wp\/v2\/product\/83948"}],"collection":[{"href":"https:\/\/hqstore.ro\/index.php\/wp-json\/wp\/v2\/product"}],"about":[{"href":"https:\/\/hqstore.ro\/index.php\/wp-json\/wp\/v2\/types\/product"}],"replies":[{"embeddable":true,"href":"https:\/\/hqstore.ro\/index.php\/wp-json\/wp\/v2\/comments?post=83948"}],"wp:featuredmedia":[{"embeddable":true,"href":"https:\/\/hqstore.ro\/index.php\/wp-json\/wp\/v2\/media\/83949"}],"wp:attachment":[{"href":"https:\/\/hqstore.ro\/index.php\/wp-json\/wp\/v2\/media?parent=83948"}],"wp:term":[{"taxonomy":"product_cat","embeddable":true,"href":"https:\/\/hqstore.ro\/index.php\/wp-json\/wp\/v2\/product_cat?post=83948"},{"taxonomy":"product_tag","embeddable":true,"href":"https:\/\/hqstore.ro\/index.php\/wp-json\/wp\/v2\/product_tag?post=83948"}],"curies":[{"name":"wp","href":"https:\/\/api.w.org\/{rel}","templated":true}]}}