{"id":83911,"date":"2023-01-30T20:43:55","date_gmt":"2023-01-30T17:43:55","guid":{"rendered":"https:\/\/hqstore.ro\/index.php\/product\/routere-wireless-zyxel-nr7102-tip-interfata-ethernet-2-5-gigabit-ethernet-viteza-transfer-nr7102-eu01v1f\/"},"modified":"2023-05-30T01:36:01","modified_gmt":"2023-05-29T22:36:01","slug":"routere-wireless-zyxel-nr7102-tip-interfata-ethernet-2-5-gigabit-ethernet-viteza-transfer-nr7102-eu01v1f","status":"publish","type":"product","link":"https:\/\/hqstore.ro\/index.php\/product\/routere-wireless-zyxel-nr7102-tip-interfata-ethernet-2-5-gigabit-ethernet-viteza-transfer-nr7102-eu01v1f\/","title":{"rendered":"Zyxel NR7102. Tip interfa\u021b\u0103 Ethernet: 2.5 Gigabit Ethernet, Vitez\u0103 transfer"},"content":{"rendered":"<p>Zyxel NR7102. Tip interfa\u021b\u0103 Ethernet: 2.5 Gigabit Ethernet, Vitez\u0103 transfer de date Ethernet LAN: 10,100,1000,2500 Mbit\/s. Tip re\u021bea mobil\u0103: 5G, Standarde 4G: LTE-TDD &amp; LTE-FDD. Culoarea produsului: Alb. Consum de energie (tipic): 16 W. L\u0103\u021bime: 256 milimetri, Ad\u00e2ncime: 256 milimetri, \u00cen\u0103l\u0163ime: 58 milimetri<\/p>\n","protected":false},"excerpt":{"rendered":"<p>Zyxel NR7102. Tip interfa\u021b\u0103 Ethernet: 2.5 Gigabit Ethernet, Vitez\u0103 transfer de date Ethernet LAN: 10,100,1000,2500 Mbit\/s. Tip re\u021bea mobil\u0103: 5G, Standarde 4G: LTE-TDD &amp; LTE-FDD. Culoarea produsului: Alb. Consum de energie (tipic): 16 W. L\u0103\u021bime: 256 milimetri, Ad\u00e2ncime: 256 milimetri, \u00cen\u0103l\u0163ime: 58 milimetri<\/p>\n","protected":false},"featured_media":0,"comment_status":"open","ping_status":"closed","template":"","meta":[],"product_cat":[335],"product_tag":[],"_links":{"self":[{"href":"https:\/\/hqstore.ro\/index.php\/wp-json\/wp\/v2\/product\/83911"}],"collection":[{"href":"https:\/\/hqstore.ro\/index.php\/wp-json\/wp\/v2\/product"}],"about":[{"href":"https:\/\/hqstore.ro\/index.php\/wp-json\/wp\/v2\/types\/product"}],"replies":[{"embeddable":true,"href":"https:\/\/hqstore.ro\/index.php\/wp-json\/wp\/v2\/comments?post=83911"}],"wp:attachment":[{"href":"https:\/\/hqstore.ro\/index.php\/wp-json\/wp\/v2\/media?parent=83911"}],"wp:term":[{"taxonomy":"product_cat","embeddable":true,"href":"https:\/\/hqstore.ro\/index.php\/wp-json\/wp\/v2\/product_cat?post=83911"},{"taxonomy":"product_tag","embeddable":true,"href":"https:\/\/hqstore.ro\/index.php\/wp-json\/wp\/v2\/product_tag?post=83911"}],"curies":[{"name":"wp","href":"https:\/\/api.w.org\/{rel}","templated":true}]}}