{"id":83815,"date":"2023-01-30T20:33:50","date_gmt":"2023-01-30T17:33:50","guid":{"rendered":"https:\/\/hqstore.ro\/index.php\/product\/routere-wireless-mercusys-router-ax3000-mu-mimo-dual-band-wpa3-standarde-wireless-wi-fi-802-11ax-ac-a-b-g-n-mr80x\/"},"modified":"2023-05-11T18:02:04","modified_gmt":"2023-05-11T15:02:04","slug":"routere-wireless-mercusys-router-ax3000-mu-mimo-dual-band-wpa3-standarde-wireless-wi-fi-802-11ax-ac-a-b-g-n-mr80x","status":"publish","type":"product","link":"https:\/\/hqstore.ro\/index.php\/product\/routere-wireless-mercusys-router-ax3000-mu-mimo-dual-band-wpa3-standarde-wireless-wi-fi-802-11ax-ac-a-b-g-n-mr80x\/","title":{"rendered":"Mercusys Router, AX3000, MU-MIMO, Dual-Band, WPA3, Standarde wireless: Wi-Fi 802.11ax\/ac\/a\/b\/g\/n,"},"content":{"rendered":"<p>Mercusys Router, AX3000, MU-MIMO, Dual-Band, WPA3, Standarde wireless: Wi-Fi 802.11ax\/ac\/a\/b\/g\/n, Rata semnal: 2402 Mbps (5 GHz) + 574 Mbps (2.4 GHz), Securitate Wireless:  WEP, WPA \/ WPA2-Personal, WPA2 \/ WPA3-Personal, Interfa\u021b\u0103: 1\u00d7 Port WAN Gigabit + 3\u00d7 Porturi LAN Gigabit,   4\u00d7 Antene fixe Omni-Direc\u021bionale de 5 dBi.<\/p>\n","protected":false},"excerpt":{"rendered":"<p>Mercusys Router, AX3000, MU-MIMO, Dual-Band, WPA3, Standarde wireless: Wi-Fi 802.11ax\/ac\/a\/b\/g\/n, Rata semnal: 2402 Mbps (5 GHz) + 574 Mbps (2.4 GHz), Securitate Wireless: WEP, WPA \/ WPA2-Personal, WPA2 \/ WPA3-Personal, Interfa\u021b\u0103: 1\u00d7 Port WAN Gigabit + 3\u00d7 Porturi LAN Gigabit, 4\u00d7 Antene fixe Omni-Direc\u021bionale de 5 dBi.<\/p>\n","protected":false},"featured_media":83816,"comment_status":"open","ping_status":"closed","template":"","meta":[],"product_cat":[335],"product_tag":[],"_links":{"self":[{"href":"https:\/\/hqstore.ro\/index.php\/wp-json\/wp\/v2\/product\/83815"}],"collection":[{"href":"https:\/\/hqstore.ro\/index.php\/wp-json\/wp\/v2\/product"}],"about":[{"href":"https:\/\/hqstore.ro\/index.php\/wp-json\/wp\/v2\/types\/product"}],"replies":[{"embeddable":true,"href":"https:\/\/hqstore.ro\/index.php\/wp-json\/wp\/v2\/comments?post=83815"}],"wp:featuredmedia":[{"embeddable":true,"href":"https:\/\/hqstore.ro\/index.php\/wp-json\/wp\/v2\/media\/83816"}],"wp:attachment":[{"href":"https:\/\/hqstore.ro\/index.php\/wp-json\/wp\/v2\/media?parent=83815"}],"wp:term":[{"taxonomy":"product_cat","embeddable":true,"href":"https:\/\/hqstore.ro\/index.php\/wp-json\/wp\/v2\/product_cat?post=83815"},{"taxonomy":"product_tag","embeddable":true,"href":"https:\/\/hqstore.ro\/index.php\/wp-json\/wp\/v2\/product_tag?post=83815"}],"curies":[{"name":"wp","href":"https:\/\/api.w.org\/{rel}","templated":true}]}}