{"id":83668,"date":"2023-01-30T20:27:04","date_gmt":"2023-01-30T17:27:04","guid":{"rendered":"https:\/\/hqstore.ro\/index.php\/product\/routere-wireless-router-wireless-asus-rt-ax88u-pro-standard-retea-wifi-6-802-11ax-rt-ax88u-pro\/"},"modified":"2023-05-29T00:23:34","modified_gmt":"2023-05-28T21:23:34","slug":"routere-wireless-router-wireless-asus-rt-ax88u-pro-standard-retea-wifi-6-802-11ax-rt-ax88u-pro","status":"publish","type":"product","link":"https:\/\/hqstore.ro\/index.php\/product\/routere-wireless-router-wireless-asus-rt-ax88u-pro-standard-retea-wifi-6-802-11ax-rt-ax88u-pro\/","title":{"rendered":"Router Wireless Asus RT-AX88U PRO; Standard re\u021bea: WiFi 6 (802.11ax)"},"content":{"rendered":"<p>Router Wireless Asus RT-AX88U PRO; Standard re\u021bea: WiFi 6 (802.11ax) Segment produs: Performan\u021b\u0103 AX Extrem\u0103 AX6000; Rata Datelor: 802.11ax (2.4GHz): p\u00e2n\u0103 la 1148 Mbps, 802.11ax (5GHz): p\u00e2n\u0103 la 4804 Mbps; 4* anten\u0103 extern\u0103; Procesor: Quad-core la 2.0GHz; Memorie: 256 MB Flash, 1GB RAM; Frecven\u021ba de operare: 2.4 GHz\/ 5 GHz; Porturi: RJ45 for 2.5 Gigabits BaseT for WAN x 1, RJ45 for 2.5 Gigabits BaseT for LAN x 1, RJ45 for Gigabits BaseT for LAN x 4, USB 3.2 Gen 1 x 1<\/p>\n","protected":false},"excerpt":{"rendered":"<p>Router Wireless Asus RT-AX88U PRO; Standard re\u021bea: WiFi 6 (802.11ax) Segment produs: Performan\u021b\u0103 AX Extrem\u0103 AX6000; Rata Datelor: 802.11ax (2.4GHz): p\u00e2n\u0103 la 1148 Mbps, 802.11ax (5GHz): p\u00e2n\u0103 la 4804 Mbps; 4* anten\u0103 extern\u0103; Procesor: Quad-core la 2.0GHz; Memorie: 256 MB Flash, 1GB RAM; Frecven\u021ba de operare: 2.4 GHz\/ 5 GHz; Porturi: RJ45 for 2.5 Gigabits<span class=\"read-more-faq\"><a href=\"https:\/\/hqstore.ro\/index.php\/product\/routere-wireless-router-wireless-asus-rt-ax88u-pro-standard-retea-wifi-6-802-11ax-rt-ax88u-pro\/\">Read More<\/a><\/span><\/p>\n","protected":false},"featured_media":0,"comment_status":"open","ping_status":"closed","template":"","meta":[],"product_cat":[335],"product_tag":[],"_links":{"self":[{"href":"https:\/\/hqstore.ro\/index.php\/wp-json\/wp\/v2\/product\/83668"}],"collection":[{"href":"https:\/\/hqstore.ro\/index.php\/wp-json\/wp\/v2\/product"}],"about":[{"href":"https:\/\/hqstore.ro\/index.php\/wp-json\/wp\/v2\/types\/product"}],"replies":[{"embeddable":true,"href":"https:\/\/hqstore.ro\/index.php\/wp-json\/wp\/v2\/comments?post=83668"}],"wp:attachment":[{"href":"https:\/\/hqstore.ro\/index.php\/wp-json\/wp\/v2\/media?parent=83668"}],"wp:term":[{"taxonomy":"product_cat","embeddable":true,"href":"https:\/\/hqstore.ro\/index.php\/wp-json\/wp\/v2\/product_cat?post=83668"},{"taxonomy":"product_tag","embeddable":true,"href":"https:\/\/hqstore.ro\/index.php\/wp-json\/wp\/v2\/product_tag?post=83668"}],"curies":[{"name":"wp","href":"https:\/\/api.w.org\/{rel}","templated":true}]}}