{"id":78954,"date":"2022-11-15T22:20:36","date_gmt":"2022-11-15T19:20:36","guid":{"rendered":"https:\/\/hqstore.ro\/index.php\/product\/imprimante-de-format-mare-plotter-multifunctional-epson-surecolor-t5100m-36-print-copy-scan-format-c11cj54301a0\/"},"modified":"2023-05-29T00:10:42","modified_gmt":"2023-05-28T21:10:42","slug":"imprimante-de-format-mare-plotter-multifunctional-epson-surecolor-t5100m-36-print-copy-scan-format-c11cj54301a0","status":"publish","type":"product","link":"https:\/\/hqstore.ro\/index.php\/product\/imprimante-de-format-mare-plotter-multifunctional-epson-surecolor-t5100m-36-print-copy-scan-format-c11cj54301a0\/","title":{"rendered":"Plotter Multifunctional Epson Surecolor T5100M 36&#034; (Print, Copy, Scan) format"},"content":{"rendered":"<p>Plotter Multifunctional Epson Surecolor T5100M 36&#8243; (Print, Copy, Scan) format A0, 4 culori cerneala, rezolutie printare max 2400 x 1200  DPI, Formate hartie: A1, A3, A4, A2, A2+, A3+, A6, B1, B2, B3, B4, B5, A0, capacitate stacker: 50 coli, Emulatii: PDF, TIFF, JPEG, Scanare direct\u0103 pentru imprimare, f\u0103r\u0103 a fi nevoie de computer, Imprimare direct\u0103 de pe USB, Tehnologie de verificare a duzelor, Aliniere automat\u0103 (imprimare \u0219i scanare), LCD Touchscreen, Scanner integrat, Scanare c\u0103tre email, Scanare c\u0103tre FTP, Scanare c\u0103tre folder de re\u0163ea, Scanare c\u0103tre USB, JPEG, TIFF, Scanare c\u0103tre multi TIFF, PDF, Scanare c\u0103tre PDF sigur, PDF\/A, PDF multi, sensor CIS, latime scanare: 36&#8243;, lungime maxima scanare: 2.7m, rezolutie scanare: 600 DPI x 600 DPI, viteza: 4,5 inci\/s Monocrom 1,5 inci\/s Color, interfata: USB de mare vitez\u0103 compatibil cu specifica\u0163ia USB 2.0, Interfa\u0163\u0103 Ethernet (1000 Base-T\/ 100-Base TX\/ 10- Base-T), LAN IEEE 802.11a\/b\/g\/n\/ac wireless, consumabile: C13T40C140, C13T40D140, C13T40C240, C13T40D240, C13T40C340, C13T40D340, C13T40C440, C13T40D440, C13S210055, C13S210057.<\/p>\n","protected":false},"excerpt":{"rendered":"<p>Plotter Multifunctional Epson Surecolor T5100M 36&#8243; (Print, Copy, Scan) format A0, 4 culori cerneala, rezolutie printare max 2400 x 1200 DPI, Formate hartie: A1, A3, A4, A2, A2+, A3+, A6, B1, B2, B3, B4, B5, A0, capacitate stacker: 50 coli, Emulatii: PDF, TIFF, JPEG, Scanare direct\u0103 pentru imprimare, f\u0103r\u0103 a fi nevoie de computer, Imprimare<span class=\"read-more-faq\"><a href=\"https:\/\/hqstore.ro\/index.php\/product\/imprimante-de-format-mare-plotter-multifunctional-epson-surecolor-t5100m-36-print-copy-scan-format-c11cj54301a0\/\">Read More<\/a><\/span><\/p>\n","protected":false},"featured_media":78955,"comment_status":"open","ping_status":"closed","template":"","meta":[],"product_cat":[301],"product_tag":[],"_links":{"self":[{"href":"https:\/\/hqstore.ro\/index.php\/wp-json\/wp\/v2\/product\/78954"}],"collection":[{"href":"https:\/\/hqstore.ro\/index.php\/wp-json\/wp\/v2\/product"}],"about":[{"href":"https:\/\/hqstore.ro\/index.php\/wp-json\/wp\/v2\/types\/product"}],"replies":[{"embeddable":true,"href":"https:\/\/hqstore.ro\/index.php\/wp-json\/wp\/v2\/comments?post=78954"}],"wp:featuredmedia":[{"embeddable":true,"href":"https:\/\/hqstore.ro\/index.php\/wp-json\/wp\/v2\/media\/78955"}],"wp:attachment":[{"href":"https:\/\/hqstore.ro\/index.php\/wp-json\/wp\/v2\/media?parent=78954"}],"wp:term":[{"taxonomy":"product_cat","embeddable":true,"href":"https:\/\/hqstore.ro\/index.php\/wp-json\/wp\/v2\/product_cat?post=78954"},{"taxonomy":"product_tag","embeddable":true,"href":"https:\/\/hqstore.ro\/index.php\/wp-json\/wp\/v2\/product_tag?post=78954"}],"curies":[{"name":"wp","href":"https:\/\/api.w.org\/{rel}","templated":true}]}}