{"id":77559,"date":"2022-11-15T20:18:42","date_gmt":"2022-11-15T17:18:42","guid":{"rendered":"https:\/\/hqstore.ro\/index.php\/product\/ups-ups-serioux-line-interactive-1200liled-capacitate-1200va-720w-4-prize-schuko-srxu-ld1200li\/"},"modified":"2023-04-08T10:06:52","modified_gmt":"2023-04-08T07:06:52","slug":"ups-ups-serioux-line-interactive-1200liled-capacitate-1200va-720w-4-prize-schuko-srxu-ld1200li","status":"publish","type":"product","link":"https:\/\/hqstore.ro\/index.php\/product\/ups-ups-serioux-line-interactive-1200liled-capacitate-1200va-720w-4-prize-schuko-srxu-ld1200li\/","title":{"rendered":"UPS Serioux Line Interactive 1200LI,Led, capacitate 1200VA\/720W, 4 prize Schuko"},"content":{"rendered":"<p>UPS Serioux Line Interactive 1200LI,Led, capacitate 1200VA\/720W, 4 prize Schuko , baterie 12 V \/ 7.0 Ah \u00d7 2, timp mediu de functionare pe baterii 10 min &#8211; 50% sarcina, management USB\/RJ45, software inclus, protectii scurtcircuit, supra\u00eenc\u0103rcare baterie, supradesc\u0103rcare, suprasarcin\u0103, supratensiune, functie auto-restart la revenirea tensiunii electrice, stabilizator (AVR) de tip Boost and Buck, functie de incarcare in mod<br \/>\noprit, functie de pornire la rece, gestionare inteligent\u0103 a bateriei: compensare a temperaturii bateriei pentru a prelungi durata de via\u021b\u0103;<\/p>\n","protected":false},"excerpt":{"rendered":"<p>UPS Serioux Line Interactive 1200LI,Led, capacitate 1200VA\/720W, 4 prize Schuko , baterie 12 V \/ 7.0 Ah \u00d7 2, timp mediu de functionare pe baterii 10 min &#8211; 50% sarcina, management USB\/RJ45, software inclus, protectii scurtcircuit, supra\u00eenc\u0103rcare baterie, supradesc\u0103rcare, suprasarcin\u0103, supratensiune, functie auto-restart la revenirea tensiunii electrice, stabilizator (AVR) de tip Boost and Buck, functie<span class=\"read-more-faq\"><a href=\"https:\/\/hqstore.ro\/index.php\/product\/ups-ups-serioux-line-interactive-1200liled-capacitate-1200va-720w-4-prize-schuko-srxu-ld1200li\/\">Read More<\/a><\/span><\/p>\n","protected":false},"featured_media":77560,"comment_status":"open","ping_status":"closed","template":"","meta":[],"product_cat":[342],"product_tag":[],"_links":{"self":[{"href":"https:\/\/hqstore.ro\/index.php\/wp-json\/wp\/v2\/product\/77559"}],"collection":[{"href":"https:\/\/hqstore.ro\/index.php\/wp-json\/wp\/v2\/product"}],"about":[{"href":"https:\/\/hqstore.ro\/index.php\/wp-json\/wp\/v2\/types\/product"}],"replies":[{"embeddable":true,"href":"https:\/\/hqstore.ro\/index.php\/wp-json\/wp\/v2\/comments?post=77559"}],"wp:featuredmedia":[{"embeddable":true,"href":"https:\/\/hqstore.ro\/index.php\/wp-json\/wp\/v2\/media\/77560"}],"wp:attachment":[{"href":"https:\/\/hqstore.ro\/index.php\/wp-json\/wp\/v2\/media?parent=77559"}],"wp:term":[{"taxonomy":"product_cat","embeddable":true,"href":"https:\/\/hqstore.ro\/index.php\/wp-json\/wp\/v2\/product_cat?post=77559"},{"taxonomy":"product_tag","embeddable":true,"href":"https:\/\/hqstore.ro\/index.php\/wp-json\/wp\/v2\/product_tag?post=77559"}],"curies":[{"name":"wp","href":"https:\/\/api.w.org\/{rel}","templated":true}]}}