{"id":77557,"date":"2022-11-15T20:18:39","date_gmt":"2022-11-15T17:18:39","guid":{"rendered":"https:\/\/hqstore.ro\/index.php\/product\/ups-ups-serioux-line-interactive-600li-led-capacitate-600va-360w-2-prize-srxu-ld600li\/"},"modified":"2023-05-20T22:47:38","modified_gmt":"2023-05-20T19:47:38","slug":"ups-ups-serioux-line-interactive-600li-led-capacitate-600va-360w-2-prize-srxu-ld600li","status":"publish","type":"product","link":"https:\/\/hqstore.ro\/index.php\/product\/ups-ups-serioux-line-interactive-600li-led-capacitate-600va-360w-2-prize-srxu-ld600li\/","title":{"rendered":"UPS Serioux Line Interactive 600LI, Led, capacitate 600VA\/360W, 2 prize"},"content":{"rendered":"<p>UPS Serioux Line Interactive 600LI, Led, capacitate 600VA\/360W, 2 prize Schuko , baterie 12 V \/ 7.0 Ah \u00d7 1, timp mediu de functionare pe baterii 6.5 min &#8211; 50% sarcina, management USB\/RJ45, software inclus, protectii scurtcircuit, supra\u00eenc\u0103rcare baterie, supradesc\u0103rcare, suprasarcin\u0103, supratensiune, functie auto-restart la revenirea tensiunii electrice, stabilizator (AVR) de tip Boost and Buck, functie de incarcare in mod<br \/>\noprit, functie de pornire la rece, gestionare inteligent\u0103 a bateriei: compensare a temperaturii bateriei pentru a prelungi durata de via\u021b\u0103;<\/p>\n","protected":false},"excerpt":{"rendered":"<p>UPS Serioux Line Interactive 600LI, Led, capacitate 600VA\/360W, 2 prize Schuko , baterie 12 V \/ 7.0 Ah \u00d7 1, timp mediu de functionare pe baterii 6.5 min &#8211; 50% sarcina, management USB\/RJ45, software inclus, protectii scurtcircuit, supra\u00eenc\u0103rcare baterie, supradesc\u0103rcare, suprasarcin\u0103, supratensiune, functie auto-restart la revenirea tensiunii electrice, stabilizator (AVR) de tip Boost and Buck,<span class=\"read-more-faq\"><a href=\"https:\/\/hqstore.ro\/index.php\/product\/ups-ups-serioux-line-interactive-600li-led-capacitate-600va-360w-2-prize-srxu-ld600li\/\">Read More<\/a><\/span><\/p>\n","protected":false},"featured_media":77558,"comment_status":"open","ping_status":"closed","template":"","meta":[],"product_cat":[342],"product_tag":[],"_links":{"self":[{"href":"https:\/\/hqstore.ro\/index.php\/wp-json\/wp\/v2\/product\/77557"}],"collection":[{"href":"https:\/\/hqstore.ro\/index.php\/wp-json\/wp\/v2\/product"}],"about":[{"href":"https:\/\/hqstore.ro\/index.php\/wp-json\/wp\/v2\/types\/product"}],"replies":[{"embeddable":true,"href":"https:\/\/hqstore.ro\/index.php\/wp-json\/wp\/v2\/comments?post=77557"}],"wp:featuredmedia":[{"embeddable":true,"href":"https:\/\/hqstore.ro\/index.php\/wp-json\/wp\/v2\/media\/77558"}],"wp:attachment":[{"href":"https:\/\/hqstore.ro\/index.php\/wp-json\/wp\/v2\/media?parent=77557"}],"wp:term":[{"taxonomy":"product_cat","embeddable":true,"href":"https:\/\/hqstore.ro\/index.php\/wp-json\/wp\/v2\/product_cat?post=77557"},{"taxonomy":"product_tag","embeddable":true,"href":"https:\/\/hqstore.ro\/index.php\/wp-json\/wp\/v2\/product_tag?post=77557"}],"curies":[{"name":"wp","href":"https:\/\/api.w.org\/{rel}","templated":true}]}}