{"id":77553,"date":"2022-11-15T20:18:31","date_gmt":"2022-11-15T17:18:31","guid":{"rendered":"https:\/\/hqstore.ro\/index.php\/product\/ups-ups-serioux-line-interactive-1500li-led-capacitate-1500va-900w-4-prize-srxu-ld1500li\/"},"modified":"2023-05-20T22:47:36","modified_gmt":"2023-05-20T19:47:36","slug":"ups-ups-serioux-line-interactive-1500li-led-capacitate-1500va-900w-4-prize-srxu-ld1500li","status":"publish","type":"product","link":"https:\/\/hqstore.ro\/index.php\/product\/ups-ups-serioux-line-interactive-1500li-led-capacitate-1500va-900w-4-prize-srxu-ld1500li\/","title":{"rendered":"UPS Serioux Line Interactive 1500LI, Led, capacitate 1500VA\/900W, 4 prize"},"content":{"rendered":"<p>UPS Serioux Line Interactive 1500LI, Led, capacitate 1500VA\/900W, 4 prize Schuko , baterie 12 V \/ 8.0 Ah \u00d7 2, timp mediu de functionare pe baterii 8 min &#8211; 50% sarcina, management USB\/RJ45, software inclus, protectii scurtcircuit, supra\u00eenc\u0103rcare baterie, supradesc\u0103rcare, suprasarcin\u0103, supratensiune, functie auto-restart la revenirea tensiunii electrice, stabilizator (AVR) de tip Boost and Buck, functie de incarcare in mod<br \/>\noprit, functie de pornire la rece, gestionare inteligent\u0103 a bateriei: compensare a temperaturii bateriei pentru a prelungi durata de via\u021b\u0103;<\/p>\n","protected":false},"excerpt":{"rendered":"<p>UPS Serioux Line Interactive 1500LI, Led, capacitate 1500VA\/900W, 4 prize Schuko , baterie 12 V \/ 8.0 Ah \u00d7 2, timp mediu de functionare pe baterii 8 min &#8211; 50% sarcina, management USB\/RJ45, software inclus, protectii scurtcircuit, supra\u00eenc\u0103rcare baterie, supradesc\u0103rcare, suprasarcin\u0103, supratensiune, functie auto-restart la revenirea tensiunii electrice, stabilizator (AVR) de tip Boost and Buck,<span class=\"read-more-faq\"><a href=\"https:\/\/hqstore.ro\/index.php\/product\/ups-ups-serioux-line-interactive-1500li-led-capacitate-1500va-900w-4-prize-srxu-ld1500li\/\">Read More<\/a><\/span><\/p>\n","protected":false},"featured_media":77554,"comment_status":"open","ping_status":"closed","template":"","meta":[],"product_cat":[342],"product_tag":[],"_links":{"self":[{"href":"https:\/\/hqstore.ro\/index.php\/wp-json\/wp\/v2\/product\/77553"}],"collection":[{"href":"https:\/\/hqstore.ro\/index.php\/wp-json\/wp\/v2\/product"}],"about":[{"href":"https:\/\/hqstore.ro\/index.php\/wp-json\/wp\/v2\/types\/product"}],"replies":[{"embeddable":true,"href":"https:\/\/hqstore.ro\/index.php\/wp-json\/wp\/v2\/comments?post=77553"}],"wp:featuredmedia":[{"embeddable":true,"href":"https:\/\/hqstore.ro\/index.php\/wp-json\/wp\/v2\/media\/77554"}],"wp:attachment":[{"href":"https:\/\/hqstore.ro\/index.php\/wp-json\/wp\/v2\/media?parent=77553"}],"wp:term":[{"taxonomy":"product_cat","embeddable":true,"href":"https:\/\/hqstore.ro\/index.php\/wp-json\/wp\/v2\/product_cat?post=77553"},{"taxonomy":"product_tag","embeddable":true,"href":"https:\/\/hqstore.ro\/index.php\/wp-json\/wp\/v2\/product_tag?post=77553"}],"curies":[{"name":"wp","href":"https:\/\/api.w.org\/{rel}","templated":true}]}}