{"id":77551,"date":"2022-11-15T20:18:28","date_gmt":"2022-11-15T17:18:28","guid":{"rendered":"https:\/\/hqstore.ro\/index.php\/product\/ups-ups-serioux-line-interactive-1200li-ecran-lcd-capacitate-1200va-720w-4-srxu-lcd1200li\/"},"modified":"2023-03-05T00:47:25","modified_gmt":"2023-03-04T21:47:25","slug":"ups-ups-serioux-line-interactive-1200li-ecran-lcd-capacitate-1200va-720w-4-srxu-lcd1200li","status":"publish","type":"product","link":"https:\/\/hqstore.ro\/index.php\/product\/ups-ups-serioux-line-interactive-1200li-ecran-lcd-capacitate-1200va-720w-4-srxu-lcd1200li\/","title":{"rendered":"UPS Serioux Line Interactive 1200LI, ecran LCD, capacitate 1200VA\/720W, 4"},"content":{"rendered":"<p>UPS Serioux Line Interactive 1200LI, ecran LCD, capacitate 1200VA\/720W, 4 prize Schuko , baterie 12 V \/ 7.0 Ah \u00d7 2, timp mediu de functionare pe baterii 10 min &#8211; 50% sarcina, management USB\/RJ45, software inclus, protectii scurtcircuit, supra\u00eenc\u0103rcare baterie, supradesc\u0103rcare, suprasarcin\u0103, supratensiune<\/p>\n","protected":false},"excerpt":{"rendered":"<p>UPS Serioux Line Interactive 1200LI, ecran LCD, capacitate 1200VA\/720W, 4 prize Schuko , baterie 12 V \/ 7.0 Ah \u00d7 2, timp mediu de functionare pe baterii 10 min &#8211; 50% sarcina, management USB\/RJ45, software inclus, protectii scurtcircuit, supra\u00eenc\u0103rcare baterie, supradesc\u0103rcare, suprasarcin\u0103, supratensiune<\/p>\n","protected":false},"featured_media":77552,"comment_status":"open","ping_status":"closed","template":"","meta":[],"product_cat":[342],"product_tag":[],"_links":{"self":[{"href":"https:\/\/hqstore.ro\/index.php\/wp-json\/wp\/v2\/product\/77551"}],"collection":[{"href":"https:\/\/hqstore.ro\/index.php\/wp-json\/wp\/v2\/product"}],"about":[{"href":"https:\/\/hqstore.ro\/index.php\/wp-json\/wp\/v2\/types\/product"}],"replies":[{"embeddable":true,"href":"https:\/\/hqstore.ro\/index.php\/wp-json\/wp\/v2\/comments?post=77551"}],"wp:featuredmedia":[{"embeddable":true,"href":"https:\/\/hqstore.ro\/index.php\/wp-json\/wp\/v2\/media\/77552"}],"wp:attachment":[{"href":"https:\/\/hqstore.ro\/index.php\/wp-json\/wp\/v2\/media?parent=77551"}],"wp:term":[{"taxonomy":"product_cat","embeddable":true,"href":"https:\/\/hqstore.ro\/index.php\/wp-json\/wp\/v2\/product_cat?post=77551"},{"taxonomy":"product_tag","embeddable":true,"href":"https:\/\/hqstore.ro\/index.php\/wp-json\/wp\/v2\/product_tag?post=77551"}],"curies":[{"name":"wp","href":"https:\/\/api.w.org\/{rel}","templated":true}]}}