{"id":77543,"date":"2022-11-15T20:18:12","date_gmt":"2022-11-15T17:18:12","guid":{"rendered":"https:\/\/hqstore.ro\/index.php\/product\/ups-ups-serioux-line-interactive-2000li-ecran-lcd-capacitate-2000va-1200w-4-srxu-lcd2000li\/"},"modified":"2023-05-30T01:29:53","modified_gmt":"2023-05-29T22:29:53","slug":"ups-ups-serioux-line-interactive-2000li-ecran-lcd-capacitate-2000va-1200w-4-srxu-lcd2000li","status":"publish","type":"product","link":"https:\/\/hqstore.ro\/index.php\/product\/ups-ups-serioux-line-interactive-2000li-ecran-lcd-capacitate-2000va-1200w-4-srxu-lcd2000li\/","title":{"rendered":"UPS Serioux Line Interactive 2000LI, ecran LCD, capacitate 2000VA\/1200W, 4"},"content":{"rendered":"<p>UPS Serioux Line Interactive 2000LI, ecran LCD, capacitate 2000VA\/1200W, 4 prize Schuko , baterie 12 V \/ 9.0 Ah \u00d7 2, timp mediu de functionare pe baterii 5 min &#8211; 50% sarcina, management USB\/RJ45, software inclus, protectii scurtcircuit, supra\u00eenc\u0103rcare baterie, supradesc\u0103rcare, suprasarcin\u0103, supratensiune, functie auto-restart la revenirea tensiunii electrice, stabilizator (AVR) de tip Boost and Buck, functie de incarcare in mod<br \/>\noprit, functie de pornire la rece, gestionare inteligent\u0103 a bateriei: compensare a temperaturii bateriei pentru a prelungi durata de via\u021b\u0103;<\/p>\n","protected":false},"excerpt":{"rendered":"<p>UPS Serioux Line Interactive 2000LI, ecran LCD, capacitate 2000VA\/1200W, 4 prize Schuko , baterie 12 V \/ 9.0 Ah \u00d7 2, timp mediu de functionare pe baterii 5 min &#8211; 50% sarcina, management USB\/RJ45, software inclus, protectii scurtcircuit, supra\u00eenc\u0103rcare baterie, supradesc\u0103rcare, suprasarcin\u0103, supratensiune, functie auto-restart la revenirea tensiunii electrice, stabilizator (AVR) de tip Boost and<span class=\"read-more-faq\"><a href=\"https:\/\/hqstore.ro\/index.php\/product\/ups-ups-serioux-line-interactive-2000li-ecran-lcd-capacitate-2000va-1200w-4-srxu-lcd2000li\/\">Read More<\/a><\/span><\/p>\n","protected":false},"featured_media":77544,"comment_status":"open","ping_status":"closed","template":"","meta":[],"product_cat":[342],"product_tag":[],"_links":{"self":[{"href":"https:\/\/hqstore.ro\/index.php\/wp-json\/wp\/v2\/product\/77543"}],"collection":[{"href":"https:\/\/hqstore.ro\/index.php\/wp-json\/wp\/v2\/product"}],"about":[{"href":"https:\/\/hqstore.ro\/index.php\/wp-json\/wp\/v2\/types\/product"}],"replies":[{"embeddable":true,"href":"https:\/\/hqstore.ro\/index.php\/wp-json\/wp\/v2\/comments?post=77543"}],"wp:featuredmedia":[{"embeddable":true,"href":"https:\/\/hqstore.ro\/index.php\/wp-json\/wp\/v2\/media\/77544"}],"wp:attachment":[{"href":"https:\/\/hqstore.ro\/index.php\/wp-json\/wp\/v2\/media?parent=77543"}],"wp:term":[{"taxonomy":"product_cat","embeddable":true,"href":"https:\/\/hqstore.ro\/index.php\/wp-json\/wp\/v2\/product_cat?post=77543"},{"taxonomy":"product_tag","embeddable":true,"href":"https:\/\/hqstore.ro\/index.php\/wp-json\/wp\/v2\/product_tag?post=77543"}],"curies":[{"name":"wp","href":"https:\/\/api.w.org\/{rel}","templated":true}]}}