{"id":77262,"date":"2022-08-19T19:11:16","date_gmt":"2022-08-19T16:11:16","guid":{"rendered":"https:\/\/hqstore.ro\/index.php\/product\/aparate-foto-mirrorless-camera-foto-canon-mirrorless-eos-r10-kit-obiectiv-rf-s-5331c033aa-2\/"},"modified":"2024-03-08T03:53:09","modified_gmt":"2024-03-08T00:53:09","slug":"aparate-foto-mirrorless-camera-foto-canon-mirrorless-eos-r10-kit-obiectiv-rf-s-5331c033aa-2","status":"publish","type":"product","link":"https:\/\/hqstore.ro\/index.php\/product\/aparate-foto-mirrorless-camera-foto-canon-mirrorless-eos-r10-kit-obiectiv-rf-s-5331c033aa-2\/","title":{"rendered":"Camera foto Canon Mirrorless EOS R10 kit + obiectiv RF-S"},"content":{"rendered":"<p>Camera foto Canon Mirrorless EOS R10 kit + obiectiv RF-S 18-45mm F4.5- 6.3 IS STM , Black, sensor APS-C 24.2 MP,rezolutie sensor imagine: CMOS, 22,3 x 14,8 mm, Raport de aspect: 3:2, sistem curatare integrat, Procesor imagine Digic X, Montur\u0103 obiectiv: RF, Distan\u0163\u0103 focal\u0103: 1.6 X, Focalizare: Dual Pixel CMOS AF II, Puncte focalizare: Cu zon\u0103 100 % pe orizontal\u0103 \u015fi 100 % pe vertical\u0103 (selectare automat\u0103) 90 % pe orizontal\u0103 \u015fi 100 % pe vertical\u0103 (selectare manual\u0103), Sensibilitate ISO: Auto 100 &#8211; 32000, se poate extinde la H:51200, vizor electronic OLED 0.39&#8243;, 2.36mil puncte, 1024 x 768, LCD 2.95&#8243; 1.04 mil puncte, tactil, filmare MP4: 4K UHD, Full HD (16:9), 4K \/ Full HD: H.265 \/ HEVC, audio: AAC \/ PCM linear, 4K \/ Full HD: H.264 \/ MPEG-4 AVC, audio: AAC \/ PCM liniar, Rafala 15 CPS, WIFI, Bluetooth, Interfata: USB C SuperSpeed USB 3.2 Gen 2, mini HDMI, Stocare: SD\/SDHC\/SDXC \u015fi UHS-II, Baterie Li-ion re\u00eenc\u0103rcabil\u0103 LP-E17 (inclus\u0103), Cu LCD aprox. 430 de fotografii (la 23 \u00b0C), Cu vizor aprox. 260 de fotografii (la 23 \u00b0C), \u00cenc\u0103rc\u0103tor de baterii LC-E17E (inclus).<\/p>\n","protected":false},"excerpt":{"rendered":"<p>Camera foto Canon Mirrorless EOS R10 kit + obiectiv RF-S 18-45mm F4.5- 6.3 IS STM , Black, sensor APS-C 24.2 MP,rezolutie sensor imagine: CMOS, 22,3 x 14,8 mm, Raport de aspect: 3:2, sistem curatare integrat, Procesor imagine Digic X, Montur\u0103 obiectiv: RF, Distan\u0163\u0103 focal\u0103: 1.6 X, Focalizare: Dual Pixel CMOS AF II, Puncte focalizare: Cu<span class=\"read-more-faq\"><a href=\"https:\/\/hqstore.ro\/index.php\/product\/aparate-foto-mirrorless-camera-foto-canon-mirrorless-eos-r10-kit-obiectiv-rf-s-5331c033aa-2\/\">Read More<\/a><\/span><\/p>\n","protected":false},"featured_media":77263,"comment_status":"open","ping_status":"closed","template":"","meta":[],"product_cat":[51],"product_tag":[],"_links":{"self":[{"href":"https:\/\/hqstore.ro\/index.php\/wp-json\/wp\/v2\/product\/77262"}],"collection":[{"href":"https:\/\/hqstore.ro\/index.php\/wp-json\/wp\/v2\/product"}],"about":[{"href":"https:\/\/hqstore.ro\/index.php\/wp-json\/wp\/v2\/types\/product"}],"replies":[{"embeddable":true,"href":"https:\/\/hqstore.ro\/index.php\/wp-json\/wp\/v2\/comments?post=77262"}],"wp:featuredmedia":[{"embeddable":true,"href":"https:\/\/hqstore.ro\/index.php\/wp-json\/wp\/v2\/media\/77263"}],"wp:attachment":[{"href":"https:\/\/hqstore.ro\/index.php\/wp-json\/wp\/v2\/media?parent=77262"}],"wp:term":[{"taxonomy":"product_cat","embeddable":true,"href":"https:\/\/hqstore.ro\/index.php\/wp-json\/wp\/v2\/product_cat?post=77262"},{"taxonomy":"product_tag","embeddable":true,"href":"https:\/\/hqstore.ro\/index.php\/wp-json\/wp\/v2\/product_tag?post=77262"}],"curies":[{"name":"wp","href":"https:\/\/api.w.org\/{rel}","templated":true}]}}