{"id":72565,"date":"2021-09-21T17:37:34","date_gmt":"2021-09-21T14:37:34","guid":{"rendered":"https:\/\/hqstore.ro\/index.php\/product\/aparate-foto-mirrorless-camera-foto-canon-mirrorless-eos-r3-body-black-sensor-full-4895c014aa\/"},"modified":"2024-03-08T03:53:10","modified_gmt":"2024-03-08T00:53:10","slug":"aparate-foto-mirrorless-camera-foto-canon-mirrorless-eos-r3-body-black-sensor-full-4895c014aa","status":"publish","type":"product","link":"https:\/\/hqstore.ro\/index.php\/product\/aparate-foto-mirrorless-camera-foto-canon-mirrorless-eos-r3-body-black-sensor-full-4895c014aa\/","title":{"rendered":"Camera foto Canon Mirrorless EOS R3 body, Black, sensor full"},"content":{"rendered":"<p>Camera foto Canon Mirrorless EOS R3 body, Black, sensor full frame 24.1 MP,rezolutie sensor imagine: CMOS, 36 x 24 mm, Raport de aspect: 3:2, sistem curatare integrat, Procesor imagine Digic X, Montur\u0103 obiectiv: RF, Distan\u0163\u0103 focal\u0103: 1.0X,  Focalizare: Dual Pixel CMOS AF II, Puncte focalizare: Cu zon\u0103 100 % pe orizontal\u0103 \u015fi 100 % pe vertical\u0103 (selectare automat\u0103), Sensibilitate ISO: Automat\u0103 100-102.400, se poate extinde la L:50, H1:204800, vizor electronic OLED 0.5&#8243;, 5.7mil puncta, 1600&#215;1200, LCD 3.2&#8243; 4.15 mil puncta, tactil, filmare: MP4: 4K DCI\/UHD (17:9 \/ 16:9), Full HD (16:9), 6K RAW: CRM pe 12 bi\u0163i Audio: PCM linear, Rafala 30 CPS, Stabilizare a imaginii incorporate, echivalent\u0103 cu p\u00e2n\u0103 la 8 stopuri, WIFI, Bluetooth, Interfata: USB C SuperSpeed USB 3.2 Gen 2, mini HDMI, Stocare: 1x CFexpress tip B, 1x SD\/SDHC\/SDXC \u015fi UHS-II, Baterie Li-ion re\u00eenc\u0103rcabil\u0103 LP-E19 (inclus\u0103), Cu LCD aprox. 860 de fotografii (la 23 \u00b0C), Cu vizor aprox. 620 de fotografii (la 23 \u00b0C), \u00cenc\u0103rc\u0103tor de baterii LC-E19E (inclus).<\/p>\n","protected":false},"excerpt":{"rendered":"<p>Camera foto Canon Mirrorless EOS R3 body, Black, sensor full frame 24.1 MP,rezolutie sensor imagine: CMOS, 36 x 24 mm, Raport de aspect: 3:2, sistem curatare integrat, Procesor imagine Digic X, Montur\u0103 obiectiv: RF, Distan\u0163\u0103 focal\u0103: 1.0X, Focalizare: Dual Pixel CMOS AF II, Puncte focalizare: Cu zon\u0103 100 % pe orizontal\u0103 \u015fi 100 % pe<span class=\"read-more-faq\"><a href=\"https:\/\/hqstore.ro\/index.php\/product\/aparate-foto-mirrorless-camera-foto-canon-mirrorless-eos-r3-body-black-sensor-full-4895c014aa\/\">Read More<\/a><\/span><\/p>\n","protected":false},"featured_media":74580,"comment_status":"open","ping_status":"closed","template":"","meta":[],"product_cat":[51],"product_tag":[],"_links":{"self":[{"href":"https:\/\/hqstore.ro\/index.php\/wp-json\/wp\/v2\/product\/72565"}],"collection":[{"href":"https:\/\/hqstore.ro\/index.php\/wp-json\/wp\/v2\/product"}],"about":[{"href":"https:\/\/hqstore.ro\/index.php\/wp-json\/wp\/v2\/types\/product"}],"replies":[{"embeddable":true,"href":"https:\/\/hqstore.ro\/index.php\/wp-json\/wp\/v2\/comments?post=72565"}],"wp:featuredmedia":[{"embeddable":true,"href":"https:\/\/hqstore.ro\/index.php\/wp-json\/wp\/v2\/media\/74580"}],"wp:attachment":[{"href":"https:\/\/hqstore.ro\/index.php\/wp-json\/wp\/v2\/media?parent=72565"}],"wp:term":[{"taxonomy":"product_cat","embeddable":true,"href":"https:\/\/hqstore.ro\/index.php\/wp-json\/wp\/v2\/product_cat?post=72565"},{"taxonomy":"product_tag","embeddable":true,"href":"https:\/\/hqstore.ro\/index.php\/wp-json\/wp\/v2\/product_tag?post=72565"}],"curies":[{"name":"wp","href":"https:\/\/api.w.org\/{rel}","templated":true}]}}