{"id":71209,"date":"2021-08-31T19:50:05","date_gmt":"2021-08-31T16:50:05","guid":{"rendered":"https:\/\/hqstore.ro\/index.php\/product\/accesorii-suport-de-montaj-pe-perete-cu-doza-de-conexiuni-hikvision-ds-1473zj-155b\/"},"modified":"2023-05-29T00:41:38","modified_gmt":"2023-05-28T21:41:38","slug":"accesorii-suport-de-montaj-pe-perete-cu-doza-de-conexiuni-hikvision-ds-1473zj-155b","status":"publish","type":"product","link":"https:\/\/hqstore.ro\/index.php\/product\/accesorii-suport-de-montaj-pe-perete-cu-doza-de-conexiuni-hikvision-ds-1473zj-155b\/","title":{"rendered":"Suport de montaj pe perete cu doza de conexiuni Hikvision"},"content":{"rendered":"<p>Suport de montaj pe perete cu doza de conexiuni Hikvision DS-1473ZJ- 155B, material aliaj de aluminiu, dimensiuni: \u00d8 155 mm \u00d7 243 mm \u00d7 300 mm, greutate: 1750 g<\/p>\n","protected":false},"excerpt":{"rendered":"<p>Suport de montaj pe perete cu doza de conexiuni Hikvision DS-1473ZJ- 155B, material aliaj de aluminiu, dimensiuni: \u00d8 155 mm \u00d7 243 mm \u00d7 300 mm, greutate: 1750 g<\/p>\n","protected":false},"featured_media":71210,"comment_status":"open","ping_status":"closed","template":"","meta":[],"product_cat":[368],"product_tag":[],"_links":{"self":[{"href":"https:\/\/hqstore.ro\/index.php\/wp-json\/wp\/v2\/product\/71209"}],"collection":[{"href":"https:\/\/hqstore.ro\/index.php\/wp-json\/wp\/v2\/product"}],"about":[{"href":"https:\/\/hqstore.ro\/index.php\/wp-json\/wp\/v2\/types\/product"}],"replies":[{"embeddable":true,"href":"https:\/\/hqstore.ro\/index.php\/wp-json\/wp\/v2\/comments?post=71209"}],"wp:featuredmedia":[{"embeddable":true,"href":"https:\/\/hqstore.ro\/index.php\/wp-json\/wp\/v2\/media\/71210"}],"wp:attachment":[{"href":"https:\/\/hqstore.ro\/index.php\/wp-json\/wp\/v2\/media?parent=71209"}],"wp:term":[{"taxonomy":"product_cat","embeddable":true,"href":"https:\/\/hqstore.ro\/index.php\/wp-json\/wp\/v2\/product_cat?post=71209"},{"taxonomy":"product_tag","embeddable":true,"href":"https:\/\/hqstore.ro\/index.php\/wp-json\/wp\/v2\/product_tag?post=71209"}],"curies":[{"name":"wp","href":"https:\/\/api.w.org\/{rel}","templated":true}]}}