{"id":70132,"date":"2021-08-17T11:50:43","date_gmt":"2021-08-17T08:50:43","guid":{"rendered":"https:\/\/hqstore.ro\/index.php\/product\/camere-auto-camera-auto-dvr-garmin-dashcam-mini-2-camera-de-010-02504-10\/"},"modified":"2024-03-08T03:52:24","modified_gmt":"2024-03-08T00:52:24","slug":"camere-auto-camera-auto-dvr-garmin-dashcam-mini-2-unghi-de-140-010-02504-10","status":"publish","type":"product","link":"https:\/\/hqstore.ro\/index.php\/product\/camere-auto-camera-auto-dvr-garmin-dashcam-mini-2-unghi-de-140-010-02504-10\/","title":{"rendered":"Camera auto DVR Garmin DashCam Mini 2, unghi de 140"},"content":{"rendered":"<p>Camera auto DVR Garmin DashCam Mini 2  Camer\u0103 de bord mic\u0103 de 1080p cu c\u00e2mp vizual de 140 de grade  Caracteristici Fizice \u015fi Performan\u0163e DIMENSIUNI FIZICE Lx\u00cexA: 3.13 cm x 5.33 cm x 2.91 cm GREUTATE 32.1 g  BATERIE nu (utilizeaz\u0103 supercondensator) H\u0103r\u0163i \u015fi Memorie CARDURI DE DATE Necesit\u0103 card microSD\u2122 de cel pu\u0163in 8 GB (accept\u0103 p\u00e2n\u0103 la 512 GB), Class-10 sau mai rapid (nu este inclus) Caracteristicile camerei FUNC\u0162IE DE DETECTARE A INCIDENTELOR (SENZOR G) REZOLU\u0162IA CAMEREI 1080P C\u00c2MP VIZUAL 140 de grade (diagonal\u0103) CONTROL VOCAL FRECVEN\u0162\u0102 CADRE P\u00e2n\u0103 la 30 CPS HDR CLARITY\u2122 INFORMA\u0162II GPS DESPRE VITEZ\u0102 \u015eI LOCA\u0162IE \u00ceN IMAGINEA VIDEO no (yes, if synced with a GPS-enabled dash cam; sold separately) SINCRONIZARE AUTOMAT\u0102 A CAMERELOR DE BORD Da (p\u00e2n\u0103 la 4 camere) APLICA\u0162IE MOBIL\u0102 PENTRU EXAMINAREA \u00ceNREGISTR\u0102RILOR Da (aplica\u0163ia Garmin Drive\u2122) COMPATIBIL CU VAULT (STOCARE VIDEO SECURIZAT\u0102 ONLINE) PARKING GUARD (TE ALERTEAZ\u0102 LA IMPACTUL VEHICULULUI) no (yes, if using a Constant Power Cable, sold separately) LIVE VIEW LA DISTAN\u0162\u0102 (ESTE NECESAR\u0102 O CONEXIUNE WI-FI) Da (cu aplica\u021bia Garmin Drive \u2122) MANUALE SOFTWARE CENTRU DE SUPORT   https:\/\/buy.garmin.com\/ro-RO\/RO\/p\/731428#specs<\/p>\n","protected":false},"excerpt":{"rendered":"<p>Camera auto DVR Garmin DashCam Mini 2 Camer\u0103 de bord mic\u0103 de 1080p cu c\u00e2mp vizual de 140 de grade Caracteristici Fizice \u015fi Performan\u0163e DIMENSIUNI FIZICE Lx\u00cexA: 3.13 cm x 5.33 cm x 2.91 cm GREUTATE 32.1 g BATERIE nu (utilizeaz\u0103 supercondensator) H\u0103r\u0163i \u015fi Memorie CARDURI DE DATE Necesit\u0103 card microSD\u2122 de cel pu\u0163in 8<span class=\"read-more-faq\"><a href=\"https:\/\/hqstore.ro\/index.php\/product\/camere-auto-camera-auto-dvr-garmin-dashcam-mini-2-unghi-de-140-010-02504-10\/\">Read More<\/a><\/span><\/p>\n","protected":false},"featured_media":75423,"comment_status":"open","ping_status":"closed","template":"","meta":[],"product_cat":[91],"product_tag":[],"_links":{"self":[{"href":"https:\/\/hqstore.ro\/index.php\/wp-json\/wp\/v2\/product\/70132"}],"collection":[{"href":"https:\/\/hqstore.ro\/index.php\/wp-json\/wp\/v2\/product"}],"about":[{"href":"https:\/\/hqstore.ro\/index.php\/wp-json\/wp\/v2\/types\/product"}],"replies":[{"embeddable":true,"href":"https:\/\/hqstore.ro\/index.php\/wp-json\/wp\/v2\/comments?post=70132"}],"wp:featuredmedia":[{"embeddable":true,"href":"https:\/\/hqstore.ro\/index.php\/wp-json\/wp\/v2\/media\/75423"}],"wp:attachment":[{"href":"https:\/\/hqstore.ro\/index.php\/wp-json\/wp\/v2\/media?parent=70132"}],"wp:term":[{"taxonomy":"product_cat","embeddable":true,"href":"https:\/\/hqstore.ro\/index.php\/wp-json\/wp\/v2\/product_cat?post=70132"},{"taxonomy":"product_tag","embeddable":true,"href":"https:\/\/hqstore.ro\/index.php\/wp-json\/wp\/v2\/product_tag?post=70132"}],"curies":[{"name":"wp","href":"https:\/\/api.w.org\/{rel}","templated":true}]}}