{"id":69724,"date":"2021-08-17T07:48:11","date_gmt":"2021-08-17T04:48:11","guid":{"rendered":"https:\/\/hqstore.ro\/index.php\/product\/periferice-diverse-microsoft-modern-usb-c-speaker-black-8kz-00006\/"},"modified":"2023-05-27T23:36:43","modified_gmt":"2023-05-27T20:36:43","slug":"periferice-diverse-microsoft-modern-usb-c-speaker-black-8kz-00006","status":"publish","type":"product","link":"https:\/\/hqstore.ro\/index.php\/product\/periferice-diverse-microsoft-modern-usb-c-speaker-black-8kz-00006\/","title":{"rendered":"MICROSOFT MODERN USB-C SPEAKER BLACK"},"content":{"rendered":"<ul data-grid=\"col-6\" class=\"f-column\" style=\"margin-top: 0px;margin-bottom: 0px;padding: 0px 10px 0px 0px;min-height: 1px;width: 800px;font-family: 'Segoe UI', SegoeUI, 'Helvetica Neue', Helvetica, Arial, sans-serif;font-size: 15px;text-align: justify\">\n<li class=\"f-row\" style=\"width: 790px;float: left\">\n<div data-grid=\"col-10\" style=\"float: left;min-height: 1px;width: 658.328px;padding: 8px 12px 8px 24px\">\n<div class=\"c-paragraph-3\" style=\"line-height: 20px;padding: 0px\">\n<h3 style=\"margin-top: 0px;margin-bottom: 0px;text-align: left\"><span>Comenzi intuitive pentru \u0219edin\u021be<\/span><\/h3>\n<p style=\"margin-top: 0px;margin-bottom: 0px;text-align: left\">Boxa ofer\u0103 butoane u\u0219or de utilizat, inclusiv un buton pentru dezactivarea sunetului, cu lumin\u0103 de stare, pentru a vedea cu u\u0219urin\u021b\u0103 dac\u0103 pute\u021bi fi auzit.<\/p>\n<\/div>\n<\/div>\n<\/li>\n<li class=\"f-row\" style=\"width: 790px;float: left;text-align: left\">\n<div data-grid=\"col-10\" style=\"float: left;min-height: 1px;width: 658.328px;padding: 8px 12px 8px 24px\">\n<div class=\"c-paragraph-3\" style=\"line-height: 20px;padding: 0px\">\n<h3 style=\"margin-top: 0px;margin-bottom: 0px\"><span>Microfon cu atenuarea zgomotului<\/span><\/h3>\n<p style=\"margin-top: 0px;margin-bottom: 0px\">Microfonul omnidirec\u021bional, care atenueaz\u0103 zgomotul de fundal, v\u0103 capteaz\u0103 vocea mai bine dec&acirc;t computerul singur.<\/p>\n<\/div>\n<\/div>\n<\/li>\n<li class=\"f-row\" style=\"width: 790px;float: left\">\n<div data-grid=\"col-10\" style=\"float: left;min-height: 1px;width: 658.328px;padding: 8px 12px 8px 24px\">\n<div class=\"c-paragraph\" style=\"padding: 0px\">\n<h3 style=\"margin-top: 0px;margin-bottom: 0px;text-align: left\"><span>Optimizat\u0103 pentru voce<\/span><\/h3>\n<p style=\"margin-top: 0px;margin-bottom: 0px;text-align: justify\">Difuzoarele de &icirc;nalt\u0103 calitate sunt optime pentru &icirc;nt&acirc;lniri, apeluri \u0219i muzic\u0103.<\/p>\n<p><\/p>\n<ul data-grid=\"col-6\" class=\"f-column\" style=\"margin-top: 0px;margin-bottom: 0px;padding: 0px 0px 0px 10px;min-height: 1px;width: 800px\">\n<li class=\"f-row\" style=\"width: 790px;float: left;text-align: left\">\n<div data-grid=\"col-10\" style=\"float: left;min-height: 1px;width: 658.328px;padding: 8px 12px 8px 24px\">\n<div class=\"c-paragraph-3\" style=\"line-height: 20px;padding: 0px\">\n<h3 style=\"margin-top: 0px;margin-bottom: 0px\"><span>Design premium, compact<\/span><\/h3>\n<p style=\"margin-top: 0px;margin-bottom: 0px\">Gra\u021bie zonei pentru depozitarea cablului \u0219i suportului pentru c\u0103l\u0103torie, nu ve\u021bi aglomera spa\u021biul de lucru sau geanta \u0219i nu ve\u021bi avea obstacole &icirc;n cale &icirc;n timpul apelurilor.<\/p>\n<\/div>\n<\/div>\n<\/li>\n<li class=\"f-row\" style=\"width: 790px;float: left;text-align: left\">\n<div data-grid=\"col-10\" style=\"float: left;min-height: 1px;width: 658.328px;padding: 8px 12px 8px 24px\">\n<div class=\"c-paragraph-3\" style=\"line-height: 20px;padding: 0px\">\n<h3 style=\"margin-top: 0px;margin-bottom: 0px\"><span>Certificate pentru Microsoft Teams<\/span><\/h3>\n<p style=\"margin-top: 0px;margin-bottom: 0px\">Se integreaz\u0103 perfect cu dispozitivul dvs. Surface sau cu alt computer cu Windows 10.<span style=\"font-size: 0.8em;line-height: 0;vertical-align: baseline\">1<\/span>&nbsp;Cu panou de control cu acces rapid pentru apelurile Microsoft Teams.<\/p>\n<\/div>\n<\/div>\n<\/li>\n<li class=\"f-row\" style=\"width: 790px;float: left\">\n<div data-grid=\"col-10\" style=\"float: left;min-height: 1px;width: 658.328px;padding: 8px 12px 8px 24px\">\n<div class=\"c-paragraph\" style=\"padding: 0px\">\n<h3 style=\"margin-top: 0px;margin-bottom: 0px;text-align: left\"><span>Conexiune USB-C&reg;<\/span><\/h3>\n<p style=\"margin-top: 0px;margin-bottom: 0px;text-align: left\">Ofer\u0103 u\u0219urin\u021ba sistemului plug-and-play.<\/p>\n<\/div>\n<\/div>\n<\/li>\n<\/ul>\n<\/div>\n<\/div>\n<\/li>\n<\/ul>\n","protected":false},"excerpt":{"rendered":"<p>Comenzi intuitive pentru \u0219edin\u021be Boxa ofer\u0103 butoane u\u0219or de utilizat, inclusiv un buton pentru dezactivarea sunetului, cu lumin\u0103 de stare, pentru a vedea cu u\u0219urin\u021b\u0103 dac\u0103 pute\u021bi fi auzit. Microfon cu atenuarea zgomotului Microfonul omnidirec\u021bional, care atenueaz\u0103 zgomotul de fundal, v\u0103 capteaz\u0103 vocea mai bine dec&acirc;t computerul singur. Optimizat\u0103 pentru voce Difuzoarele de &icirc;nalt\u0103 calitate<span class=\"read-more-faq\"><a href=\"https:\/\/hqstore.ro\/index.php\/product\/periferice-diverse-microsoft-modern-usb-c-speaker-black-8kz-00006\/\">Read More<\/a><\/span><\/p>\n","protected":false},"featured_media":69725,"comment_status":"open","ping_status":"closed","template":"","meta":[],"product_cat":[322],"product_tag":[],"_links":{"self":[{"href":"https:\/\/hqstore.ro\/index.php\/wp-json\/wp\/v2\/product\/69724"}],"collection":[{"href":"https:\/\/hqstore.ro\/index.php\/wp-json\/wp\/v2\/product"}],"about":[{"href":"https:\/\/hqstore.ro\/index.php\/wp-json\/wp\/v2\/types\/product"}],"replies":[{"embeddable":true,"href":"https:\/\/hqstore.ro\/index.php\/wp-json\/wp\/v2\/comments?post=69724"}],"wp:featuredmedia":[{"embeddable":true,"href":"https:\/\/hqstore.ro\/index.php\/wp-json\/wp\/v2\/media\/69725"}],"wp:attachment":[{"href":"https:\/\/hqstore.ro\/index.php\/wp-json\/wp\/v2\/media?parent=69724"}],"wp:term":[{"taxonomy":"product_cat","embeddable":true,"href":"https:\/\/hqstore.ro\/index.php\/wp-json\/wp\/v2\/product_cat?post=69724"},{"taxonomy":"product_tag","embeddable":true,"href":"https:\/\/hqstore.ro\/index.php\/wp-json\/wp\/v2\/product_tag?post=69724"}],"curies":[{"name":"wp","href":"https:\/\/api.w.org\/{rel}","templated":true}]}}