{"id":67815,"date":"2021-07-29T14:40:46","date_gmt":"2021-07-29T11:40:46","guid":{"rendered":"https:\/\/hqstore.ro\/index.php\/product\/routere-wireless-asus-router-ap-range-extender-pentru-spatii-largi-rt-n12-n300-300mbps-ieee-rt-n12\/"},"modified":"2023-05-29T00:23:38","modified_gmt":"2023-05-28T21:23:38","slug":"routere-wireless-router-wireless-asus-rt-n12-wi-fi-single-band-rt-n12","status":"publish","type":"product","link":"https:\/\/hqstore.ro\/index.php\/product\/routere-wireless-router-wireless-asus-rt-n12-wi-fi-single-band-rt-n12\/","title":{"rendered":"Router Wireless ASUS RT-N12+, , Wi-Fi, Single-Band"},"content":{"rendered":"<p>ASUS Router\/AP\/Range Extender pentru Spa\u021bii Largi, RT-N12+, N300; 300Mbps, IEEE 802.11b, IEEE 802.11g, IEEE 802.11n, IPv4, IPv6, 2 x anten\u0103 fix\u0103 de 5 dBi, 2.4 GHz, IP Automat, IP Static, PPPoE (suport\u0103 MPPE), PPTP, L2TP, 1 x RJ45 pentru 10\/100 BaseT pentru WAN, 4 x RJ45 pentru 10\/100 BaseT pentru LAN, Wi-Fi*1, WAN*1, LAN*1, AC : 110V~240V(50 ~60Hz), DC : 12 V cu max. 0.5 A<\/p>\n","protected":false},"excerpt":{"rendered":"<p>ASUS Router\/AP\/Range Extender pentru Spa\u021bii Largi, RT-N12+, N300; 300Mbps, IEEE 802.11b, IEEE 802.11g, IEEE 802.11n, IPv4, IPv6, 2 x anten\u0103 fix\u0103 de 5 dBi, 2.4 GHz, IP Automat, IP Static, PPPoE (suport\u0103 MPPE), PPTP, L2TP, 1 x RJ45 pentru 10\/100 BaseT pentru WAN, 4 x RJ45 pentru 10\/100 BaseT pentru LAN, Wi-Fi*1, WAN*1, LAN*1, AC<span class=\"read-more-faq\"><a href=\"https:\/\/hqstore.ro\/index.php\/product\/routere-wireless-router-wireless-asus-rt-n12-wi-fi-single-band-rt-n12\/\">Read More<\/a><\/span><\/p>\n","protected":false},"featured_media":67816,"comment_status":"open","ping_status":"closed","template":"","meta":[],"product_cat":[335],"product_tag":[],"_links":{"self":[{"href":"https:\/\/hqstore.ro\/index.php\/wp-json\/wp\/v2\/product\/67815"}],"collection":[{"href":"https:\/\/hqstore.ro\/index.php\/wp-json\/wp\/v2\/product"}],"about":[{"href":"https:\/\/hqstore.ro\/index.php\/wp-json\/wp\/v2\/types\/product"}],"replies":[{"embeddable":true,"href":"https:\/\/hqstore.ro\/index.php\/wp-json\/wp\/v2\/comments?post=67815"}],"wp:featuredmedia":[{"embeddable":true,"href":"https:\/\/hqstore.ro\/index.php\/wp-json\/wp\/v2\/media\/67816"}],"wp:attachment":[{"href":"https:\/\/hqstore.ro\/index.php\/wp-json\/wp\/v2\/media?parent=67815"}],"wp:term":[{"taxonomy":"product_cat","embeddable":true,"href":"https:\/\/hqstore.ro\/index.php\/wp-json\/wp\/v2\/product_cat?post=67815"},{"taxonomy":"product_tag","embeddable":true,"href":"https:\/\/hqstore.ro\/index.php\/wp-json\/wp\/v2\/product_tag?post=67815"}],"curies":[{"name":"wp","href":"https:\/\/api.w.org\/{rel}","templated":true}]}}