{"id":64019,"date":"2021-05-21T00:24:21","date_gmt":"2021-05-20T21:24:21","guid":{"rendered":"https:\/\/hqstore.ro\/index.php\/product\/smartwhatch-uri-gps-watch-garmin-fenix-5-blk-sapphire-240-x-240-010-01688-11\/"},"modified":"2023-01-30T21:09:45","modified_gmt":"2023-01-30T18:09:45","slug":"smartwhatch-uri-ceas-smartwatch-garmin-fenix-5-gps-sapphire-010-01688-11","status":"publish","type":"product","link":"https:\/\/hqstore.ro\/index.php\/product\/smartwhatch-uri-ceas-smartwatch-garmin-fenix-5-gps-sapphire-010-01688-11\/","title":{"rendered":"Ceas Smartwatch Garmin Fenix 5, GPS, Sapphire"},"content":{"rendered":"<p>GPS Watch Garmin FENIX 5 BLK SAPPHIRE, 240 x 240 pixels; (afi\u015faj color, mereu activ, cu consum redus \u015fi lizibil \u00een lumina soarelui), sunlight- visible, transflective memory-in-pixel (MIP), sapphire lens, chemically strengthened glass or sapphire crystal, Material: stainless steel, Material banda: silicone or steel, Rezisten\u0163\u0103 la ap\u0103 10 ATM, Durata de via\u0163\u0103 a bateriei: P\u00e2n\u0103 la 2 s\u0103pt\u0103m\u00e2ni \u00een modul de ceas inteligent (\u00een func\u0163ie de set\u0103ri), p\u00e2n\u0103 la 24 de ore \u00een modul GPS \u015fi p\u00e2n\u0103 la 60 de ore \u00een modul de economisire a energiei UltraTrac, Memorie integrat\u0103 64 MB; disponibili 54 MB,  Ora (12\/24h), calendar (zi\/dat\u0103), alarm\u0103 zilnic\u0103, cronometru, temporizator, alerte r\u0103s\u0103rit\/apus, GPS activat<\/p>\n","protected":false},"excerpt":{"rendered":"<p>GPS Watch Garmin FENIX 5 BLK SAPPHIRE, 240 x 240 pixels; (afi\u015faj color, mereu activ, cu consum redus \u015fi lizibil \u00een lumina soarelui), sunlight- visible, transflective memory-in-pixel (MIP), sapphire lens, chemically strengthened glass or sapphire crystal, Material: stainless steel, Material banda: silicone or steel, Rezisten\u0163\u0103 la ap\u0103 10 ATM, Durata de via\u0163\u0103 a bateriei: P\u00e2n\u0103<span class=\"read-more-faq\"><a href=\"https:\/\/hqstore.ro\/index.php\/product\/smartwhatch-uri-ceas-smartwatch-garmin-fenix-5-gps-sapphire-010-01688-11\/\">Read More<\/a><\/span><\/p>\n","protected":false},"featured_media":0,"comment_status":"open","ping_status":"closed","template":"","meta":[],"product_cat":[43],"product_tag":[],"_links":{"self":[{"href":"https:\/\/hqstore.ro\/index.php\/wp-json\/wp\/v2\/product\/64019"}],"collection":[{"href":"https:\/\/hqstore.ro\/index.php\/wp-json\/wp\/v2\/product"}],"about":[{"href":"https:\/\/hqstore.ro\/index.php\/wp-json\/wp\/v2\/types\/product"}],"replies":[{"embeddable":true,"href":"https:\/\/hqstore.ro\/index.php\/wp-json\/wp\/v2\/comments?post=64019"}],"wp:attachment":[{"href":"https:\/\/hqstore.ro\/index.php\/wp-json\/wp\/v2\/media?parent=64019"}],"wp:term":[{"taxonomy":"product_cat","embeddable":true,"href":"https:\/\/hqstore.ro\/index.php\/wp-json\/wp\/v2\/product_cat?post=64019"},{"taxonomy":"product_tag","embeddable":true,"href":"https:\/\/hqstore.ro\/index.php\/wp-json\/wp\/v2\/product_tag?post=64019"}],"curies":[{"name":"wp","href":"https:\/\/api.w.org\/{rel}","templated":true}]}}