{"id":61664,"date":"2021-04-22T21:33:37","date_gmt":"2021-04-22T18:33:37","guid":{"rendered":"https:\/\/hqstore.ro\/index.php\/product\/smartwhatch-uri-smartwatch-garmin-lily-rosegold-lightsand-caracteristici-fizice-si-performante-material-010-02384-11\/"},"modified":"2023-05-23T22:57:28","modified_gmt":"2023-05-23T19:57:28","slug":"smartwatch-uri-ceas-smartwatch-garmin-lily-rosegold-010-02384-11","status":"publish","type":"product","link":"https:\/\/hqstore.ro\/index.php\/product\/smartwatch-uri-ceas-smartwatch-garmin-lily-rosegold-010-02384-11\/","title":{"rendered":"Ceas Smartwatch Garmin Lily, RoseGold"},"content":{"rendered":"<p>Smartwatch Garmin Lily RoseGold\/LightSand  Caracteristici Fizice \u015fi Performan\u0163e Material lentil\u0103 Corning\u00ae Gorilla\u00ae Glass 3 Material cadru Aluminiu anodizat Material capac Polimer ranforsat cu fibre Material band\u0103 Silicon Dimensiune fizic\u0103  34,50 x 34,50 x 10,15 mm  Se potrive\u015fte pentru \u00eencheieturi cu circumferin\u0163a de 110-175 mm Ecran tactil Afi\u015faj \u00een culori no (16 level grayscale) Dimensiune afi\u015faj 1,00&#8243; x 0,84&#8243; (25,4 mm x 21,3 mm) Rezolu\u0163ie afi\u015faj 240 x 201 pixeli Tip afi\u015faj TFT LCD Greutate 24.0 g Durata de via\u0163\u0103 a bateriei P\u00e2n\u0103 la 5 zile (f\u0103r\u0103 monitorizarea somnului cu Pulse Ox). Afl\u0103 mai multe Rezisten\u0163\u0103 la ap\u0103 \u00cenot, 5 ATM Memorie integrat\u0103 7 activit\u0103\u0163i temporizate, 14 zile de date de monitorizare a activit\u0103\u0163ilor https:\/\/buy.garmin.com\/ro-RO\/RO\/p\/698519\/pn\/010-02384-10#specs<\/p>\n","protected":false},"excerpt":{"rendered":"<p>Smartwatch Garmin Lily RoseGold\/LightSand Caracteristici Fizice \u015fi Performan\u0163e Material lentil\u0103 Corning\u00ae Gorilla\u00ae Glass 3 Material cadru Aluminiu anodizat Material capac Polimer ranforsat cu fibre Material band\u0103 Silicon Dimensiune fizic\u0103 34,50 x 34,50 x 10,15 mm Se potrive\u015fte pentru \u00eencheieturi cu circumferin\u0163a de 110-175 mm Ecran tactil Afi\u015faj \u00een culori no (16 level grayscale) Dimensiune afi\u015faj<span class=\"read-more-faq\"><a href=\"https:\/\/hqstore.ro\/index.php\/product\/smartwatch-uri-ceas-smartwatch-garmin-lily-rosegold-010-02384-11\/\">Read More<\/a><\/span><\/p>\n","protected":false},"featured_media":76208,"comment_status":"open","ping_status":"closed","template":"","meta":[],"product_cat":[43],"product_tag":[],"_links":{"self":[{"href":"https:\/\/hqstore.ro\/index.php\/wp-json\/wp\/v2\/product\/61664"}],"collection":[{"href":"https:\/\/hqstore.ro\/index.php\/wp-json\/wp\/v2\/product"}],"about":[{"href":"https:\/\/hqstore.ro\/index.php\/wp-json\/wp\/v2\/types\/product"}],"replies":[{"embeddable":true,"href":"https:\/\/hqstore.ro\/index.php\/wp-json\/wp\/v2\/comments?post=61664"}],"wp:featuredmedia":[{"embeddable":true,"href":"https:\/\/hqstore.ro\/index.php\/wp-json\/wp\/v2\/media\/76208"}],"wp:attachment":[{"href":"https:\/\/hqstore.ro\/index.php\/wp-json\/wp\/v2\/media?parent=61664"}],"wp:term":[{"taxonomy":"product_cat","embeddable":true,"href":"https:\/\/hqstore.ro\/index.php\/wp-json\/wp\/v2\/product_cat?post=61664"},{"taxonomy":"product_tag","embeddable":true,"href":"https:\/\/hqstore.ro\/index.php\/wp-json\/wp\/v2\/product_tag?post=61664"}],"curies":[{"name":"wp","href":"https:\/\/api.w.org\/{rel}","templated":true}]}}