{"id":589,"date":"2020-05-12T12:40:49","date_gmt":"2020-05-12T09:40:49","guid":{"rendered":"https:\/\/hqstore.ro\/index.php\/product\/accesorii-it-hpe-lto-6-ultrium-6-25tb-mp-rw-data-cartridge-c7976a\/"},"modified":"2023-05-26T23:09:14","modified_gmt":"2023-05-26T20:09:14","slug":"hard-disk-uri-server-hpe-lto-6-ultrium-6-25tb-mp-rw-data-tape-c7976a","status":"publish","type":"product","link":"https:\/\/hqstore.ro\/index.php\/product\/hard-disk-uri-server-hpe-lto-6-ultrium-6-25tb-mp-rw-data-tape-c7976a\/","title":{"rendered":"HPE LTO-6 Ultrium 6.25TB MP RW Data Tape"},"content":{"rendered":"<h4>Lifecycle<\/h4>\n<ul>\n<li><b>Obsolete Date<\/b> 31-10-2027<\/a><\/li>\n<li><b>End of support date<\/b> 31-10-2032<\/a><\/li>\n<\/ul>\n<h4>Specifications<\/h4>\n<ul>\n<li><b>Capacity<\/b> 6.25 TB Compressed 2.5:1 Supported<\/li>\n<li><b>Base material<\/b> Metal Particle<\/li>\n<li><b>Tape thickness<\/b> 6.4 um<\/li>\n<li><b>Data tracks<\/b> 2176<\/li>\n<li><b>Product color<\/b> Purple<\/li>\n<li><b>Product dimensions (H x W x D)<\/b> 4.45 x 1.1 x 4.37 in<\/li>\n<li><b>Weight<\/b> 0.6 lb<\/li>\n<li><b>Media labeling<\/b> Write-on Labels in box<\/li>\n<li><b>Weight<\/b> 0.27 kg<\/li>\n<li><b>Media format<\/b> Re-writable<\/li>\n<li><b>Bit density<\/b> 343 kbits\/inch<\/li>\n<li><b>Magnetic coercivity<\/b> 2,800 &#8211; 2,900 Oe<\/li>\n<li><b>Minimum dimensions ( H x W x D)<\/b> 11.3 x 2.79 x 11.1 cm<\/li>\n<li><b>Read speed, media<\/b> 400 MB\/sec<\/li>\n<li><b>Archival life<\/b> 30 years<\/li>\n<li><b>Tape width<\/b> 12.65 mm<\/li>\n<li><b>Quantity per Package<\/b> 1<\/li>\n<li><b>Tape length<\/b> 846 m<\/li>\n<li><b>Recording technology<\/b> LTO-6 Ultrium<\/li>\n<\/ul>\n<h4>Quickspecs<\/h4>\n<ul>\n<li><a href=\"https:\/\/www.hpe.com\/h20195\/v2\/gethtml.aspx?docname=c04154430\" target=\"_blank\" rel=\"noopener\">QuickSpecs (HTML)<\/a><\/li>\n<li><a href=\"https:\/\/www.hpe.com\/h20195\/v2\/GetDocument.aspx?docname=c04154430\" target=\"_blank\" rel=\"noopener\">QuickSpecs (PDF)<\/a><\/li>\n<\/ul>\n<h4>Overview<\/h4>\n<p>Exhaustively tested, HPE LTO Ultrium cartridges meet all your demands for maximum reliability when restoring data, offering high storage density, ease of management and scalable storage and backup performance. Covering eight generations of capacity &#8211; LTO-1 (200 GB), LTO-2 (400 GB), LTO-3 (800 GB), LTO-4 (1.6 TB), LTO-5 (3 TB), LTO-6 (6.25 TB), LTO-7 (15 TB) and LTO-8 (30 TB) \u2013 and with transfer speeds of up to 2.7 TB\/hr for LTO-8, there is a platform for every need and budget. From LTO-3 onwards, LTO Ultrium WORM cartridges enable the creation of compliant, permanent and tamper-proof archives. From LTO-4 onwards, secure AES-256 encryption provides even higher levels of data security and compliance with the most stringent industry regulations to prevent unauthorized data access. From LTO-5 onwards, HPE LTO Ultrium Linear Tape File System makes using tape as easy, flexible, portable and intuitive as using other removable and shareable media, such as a USB drive.<\/p>\n<h4>What&#8217;s new<\/h4>\n<ul>\n<li>Massive increase in capacity: 700% improvement versus LTO-5 and 380% capacity versus LTO-6 (assume native data capacity)<\/li>\n<li>Significant increase in performance &#8211; possible to store 2.7 TB\/hr using LTO-8.<\/li>\n<li>Built-in AES 256-bit encryption (IEEE1619.1) (LTO-4, LTO-5, LTO-6, LTO-7, LTO-8) &#8211; granted FIPS140-2 Level 1 certification.<\/li>\n<\/ul>\n<h4>Features<\/h4>\n<p>An 85% increase in the number of tracks and a 8% increase in bit density has permitted an increase in capacity from 15 TB for LTO-7 to 30 TB to LTO-8: from 3,584 tracks for LTO-6 to 6,656 tracks for 8th generation HPE LTO-8 Ultrium 30 TB cartridges (assuming 2.5:1 compression).<\/p>\n<p>HPE LTO-8 Ultrium can write or read data at a blistering 2.7 TB\/hour, storing, encrypting and protecting up to 30 TB on a single cartridge, making it ideal for large-scale, 24 x 7, mission-critical IT environments (assumes 2.5:1 compression).<\/p>\n<p>                                <b>Highest Capacity and Performance of any Comparable Tape Technology<\/b><br \/>\n                                <b>Ultra-reliable<\/b><\/p>\n<p>Write-Once-Read-Many (WORM) version provides tamper-proof, compliant data storage.<\/p>\n<p>HPE warrants LTO Ultrium cartridges for up to 30 years archival life. This ensures businesses can meet the ever-increasing demands of regulation for data retention and archiving.<\/p>\n<p>HPE LTO Ultrium cartridge memory chip delivers faster access time and enhanced media monitoring.<\/p>\n<p>Tape is more reliable than Enterprise SATA disk. With a BER of 1&#215;10 to the power of 19 for LTO-8 versus 1&#215;10 to the power of 15 for Enterprise SATA HDD\u2019s. That\u2019s a difference in reliability of four orders of magnitude \u2013 e.g. tape is 10,000 times more reliable than Enterprise SATA HDD.<\/p>\n<p>Superior &#039;smart grabber&#039; mechanism and mechanical interlock to prevent the leader pin from being pulled inside the tape housing. Sensors detect proper connection and prevent leader loss that would ruin the tape. Simplified tape path to reduce wear, tear &amp; build-up of debris (important in automation)<\/p>\n<p>Estimated data loss over 10 years for 1 Exabyte archive is 1.1 Petabytes for HDD compared to only 7.4 Terabytes for tape.<\/p>\n<p>                                <b>Value for money<\/b><br \/>\n                                <b>Secure<\/b><\/p>\n<p>Open standard technology ensures compatibility across product generations and gives you more choice. Cartridges are available as Custom Labeled, Non-Custom Labeled (both Custom and Non Custom include RFID options for some formats) and non-labeled versions.<\/p>\n<p>HPE brand qualification test procedures (load\/unload, shoeshine, drop testing and environmental stress testing) go far beyond what is required for the LTO Ultrium logo.This ensures maximum reliability for restoring your data.<\/p>\n<p>First time restore ensured with fewer media failures and disrupted backups, regardless of duty cycle or environmental conditions.<\/p>\n<p>Data encryption for enhanced data security on HPE LTO-4, LTO-5, LTO-6, LTO-7 and LTO-8 Ultrium. Compliance with FIPS 140-2 level 1 security standards.<\/p>\n<p>Standardizing on HPE LTO Ultrium delivers the capacity to meet shrinking backup windows, industry-standard, AES 256-bit encryption (IEEE1619.1), and interchangeable RW or WORM media; without extra space or IT resource overhead.<\/p>\n<h4>Media<\/h4>\n<p>            <b>Protect Your Data Flow With HPE StoreEver LTO<\/b><\/p>\n<p>Data. Your business depends on it flowing through your whole organization. But what happens if that data flow is stopped, or worse, becomes corrupted through a ransomware attack? HPE StoreEver LTO tape protects your data flow from ransomware.<\/p>\n<div class=\"center-aligned media\"><\/div>\n<h4>Compatible products<\/h4>\n<ul class=\"more-details compatible-products\">\n<li class=\"cross-sell\"><a href=\"https:\/\/b2b.nod.ro\/products\/product\/?code=AE459B\">ACCESORII SERVER HP 1U SAS RACK MOUNT KIT AE459B<\/a><\/li>\n<li class=\"cross-sell\"><a href=\"https:\/\/b2b.nod.ro\/products\/product\/?code=AK379A\">HPE StoreEver MSL2024 0-drive Tape Library<\/a><\/li>\n<li class=\"cross-sell\"><a href=\"https:\/\/b2b.nod.ro\/products\/product\/?code=AK381A\">HPE MSL4048 0-Drive Tape Library<\/a><\/li>\n<li class=\"cross-sell\"><a href=\"https:\/\/b2b.nod.ro\/products\/product\/?code=BB873A\">HPE StoreEver LTO-7 Ultrium 15000 Internal Tape Drive<\/a><\/li>\n<li class=\"cross-sell\"><a href=\"https:\/\/b2b.nod.ro\/products\/product\/?code=BB874A\">HPE StoreEver LTO-7 Ultrium 15000 External Tape Drive<\/a><\/li>\n<li class=\"cross-sell\"><a href=\"https:\/\/b2b.nod.ro\/products\/product\/?code=BB953A\">HPE StoreEver LTO-7 Ultrium 15000 TAA-compliant Internal Tape Drive<\/a><\/li>\n<li class=\"cross-sell\"><a href=\"https:\/\/b2b.nod.ro\/products\/product\/?code=BC022A\">HPE StoreEver LTO-8 Ultrium 30750 Internal Tape Drive<\/a><\/li>\n<li class=\"cross-sell\"><a href=\"https:\/\/b2b.nod.ro\/products\/product\/?code=BC023A\">HPE StoreEver LTO-8 Ultrium 30750 External Tape Drive<\/a><\/li>\n<li class=\"cross-sell\"><a href=\"https:\/\/b2b.nod.ro\/products\/product\/?code=BC029A\">HPE StoreEver 1U Generic Rack Mount Kit<\/a><\/li>\n<li class=\"cross-sell\"><a href=\"https:\/\/b2b.nod.ro\/products\/product\/?code=BL536B\">HP 1\/8 G2 LTO-5 Ultrium 3000 SAS Tape Autoloader<\/a><\/li>\n<li class=\"cross-sell\"><a href=\"https:\/\/b2b.nod.ro\/products\/product\/?code=BL541B\">HP StoreEver 1\/8 G2 LTO-5 Ultrium 3000 F<\/a><\/li>\n<li class=\"cross-sell\"><a href=\"https:\/\/b2b.nod.ro\/products\/product\/?code=C0H18A\">HP 1\/8 G2  LTO-6 Ult 6250 SAS Autoloader<\/a><\/li>\n<li class=\"cross-sell\"><a href=\"https:\/\/b2b.nod.ro\/products\/product\/?code=C0H19A\">HPE 1\/8 G2 LTO-6 Ult 6250 FC Autoloader<\/a><\/li>\n<li class=\"cross-sell\"><a href=\"https:\/\/b2b.nod.ro\/products\/product\/?code=C0L99A\">HPE LTO-6 Ultr 6250 Tape DR 1U Rackmount<\/a><\/li>\n<li class=\"cross-sell\"><a href=\"https:\/\/b2b.nod.ro\/products\/product\/?code=E7W43A\">HPE StoreEver MSL2024 1 LTO-6 Ultrium 6250 SAS Library w\/24 LTO-6 Media\/TVlite<\/a><\/li>\n<li class=\"cross-sell\"><a href=\"https:\/\/b2b.nod.ro\/products\/product\/?code=E7W44A\">HPE StoreEver MSL2024 1 LTO-5 Ultrium 3000 SAS Library w\/24 LTO-5 Media\/TVlite<\/a><\/li>\n<li class=\"cross-sell\"><a href=\"https:\/\/b2b.nod.ro\/products\/product\/?code=E7W45A\">HPE 1\/8 G2 LT06 SAS Autoload Bndl\/Tvlite<\/a><\/li>\n<li class=\"cross-sell\"><a href=\"https:\/\/b2b.nod.ro\/products\/product\/?code=E7W46A\">HPE 1\/8 G2 LT05 SAS Autoload Bndl\/Tvlite<\/a><\/li>\n<li class=\"cross-sell\"><a href=\"https:\/\/b2b.nod.ro\/products\/product\/?code=EH957B\">HPE StoreEver LTO-5 Ultrium 3000 SAS Internal Tape Drive<\/a><\/li>\n<li class=\"cross-sell\"><a href=\"https:\/\/b2b.nod.ro\/products\/product\/?code=EH958B\">HPE StoreEver LTO-5 Ultrium 3000 SAS External Tape Drive<\/a><\/li>\n<li class=\"cross-sell\"><a href=\"https:\/\/b2b.nod.ro\/products\/product\/?code=EH969A\">HPE StoreEver LTO-6 Ultrium 6250 Internal Tape Drive<\/a><\/li>\n<li class=\"cross-sell\"><a href=\"https:\/\/b2b.nod.ro\/products\/product\/?code=EH970A\">HPE StoreEver LTO-6 Ultrium 6250 External Tape Drive<\/a><\/li>\n<li class=\"cross-sell\"><a href=\"https:\/\/b2b.nod.ro\/products\/product\/?code=L4Z52A\">HPE StoreEver MSL4048 1 LTO-5 Ultrium 3000 SAS Library\/TVlite<\/a><\/li>\n<li class=\"cross-sell\"><a href=\"https:\/\/b2b.nod.ro\/products\/product\/?code=L4Z53A\">HPE StoreEver MSL4048 1 LTO-6 Ultrium 6250 Fibre Channel Tape Library\/TVlite<\/a><\/li>\n<li class=\"cross-sell\"><a href=\"https:\/\/b2b.nod.ro\/products\/product\/?code=L4Z54A\">HPE StoreEver MSL4048 1 LTO-6 Ultrium 6250 SAS Tape Library\/TVlite<\/a><\/li>\n<li class=\"cross-sell\"><a href=\"https:\/\/b2b.nod.ro\/products\/product\/?code=N7P34A\">HPE StoreEver 1\/8 G2 LTO-7 Ultrium 15000 FC Tape Autoloader<\/a><\/li>\n<li class=\"cross-sell\"><a href=\"https:\/\/b2b.nod.ro\/products\/product\/?code=N7P35A\">HPE StoreEver 1\/8 G2 LTO-7 Ultrium 15000 SAS Tape Autoloader<\/a><\/li>\n<li class=\"cross-sell\"><a href=\"https:\/\/b2b.nod.ro\/products\/product\/?code=P9G68A\">HPE 1\/8 G2 LTO7 FC Autoload Bdl\/TVlite<\/a><\/li>\n<li class=\"cross-sell\"><a href=\"https:\/\/b2b.nod.ro\/products\/product\/?code=P9G69A\">HPE StoreEver MSL2024 LTO-7 15000 SAS Library 24-cartridge Bundle\/TVlite<\/a><\/li>\n<li class=\"cross-sell\"><a href=\"https:\/\/b2b.nod.ro\/products\/product\/?code=P9G70A\">HPE StoreEver MSL2024 LTO-7 15000 FC Library 24-cartridge Bundle\/TVlite<\/a><\/li>\n<li class=\"cross-sell\"><a href=\"https:\/\/b2b.nod.ro\/products\/product\/?code=P9G71A\">HPE MSL4048 LTO7 15000 Lib Bdl\/TVlite<\/a><\/li>\n<li class=\"cross-sell\"><a href=\"https:\/\/b2b.nod.ro\/products\/product\/?code=P9G72A\">HPE MSL4048 LTO7 15000 FC Lib Bdl\/TVlite<\/a><\/li>\n<li class=\"cross-sell\"><a href=\"https:\/\/b2b.nod.ro\/products\/product\/?code=P9G74A\">HPE StoreEver LTO-7 Ultrium 15000 SAS Internal Tape Drive Bundle\/TVlite<\/a><\/li>\n<li class=\"cross-sell\"><a href=\"https:\/\/b2b.nod.ro\/products\/product\/?code=P9G75A\">HPE StoreEver LTO-7 Ultrium 15000 SAS External Tape Drive Bundle\/TVlite<\/a><\/li>\n<li class=\"cross-sell\"><a href=\"https:\/\/b2b.nod.ro\/products\/product\/?code=Q2013A\">HPE LTO-6 Ultrium RW Bar Code Label Pack<\/a><\/li>\n<li class=\"cross-sell\"><a href=\"https:\/\/b2b.nod.ro\/products\/product\/?code=Q6Q62A\">HPE MSL3040 Scalable Base Module<\/a><\/li>\n<li class=\"cross-sell\"><a href=\"https:\/\/b2b.nod.ro\/products\/product\/?code=Q6Q62B\">HPE StoreEver MSL3040 Scalable Library Base Module<\/a><\/li>\n<li class=\"cross-sell\"><a href=\"https:\/\/b2b.nod.ro\/products\/product\/?code=Q6Q63A\">HPE StoreEver MSL3040 Scalable Library Expansion Module<\/a><\/li>\n<li class=\"cross-sell\"><a href=\"https:\/\/b2b.nod.ro\/products\/product\/?code=Q6Q65A\">HPE 1\/8 G2 LTO-8 FC Tape Autoloader<\/a><\/li>\n<li class=\"cross-sell\"><a href=\"https:\/\/b2b.nod.ro\/products\/product\/?code=Q6Q66A\">HPE 1\/8 G2 LTO-8 SAS Tape Autoloader<\/a><\/li>\n<li class=\"cross-sell\"><a href=\"https:\/\/b2b.nod.ro\/products\/product\/?code=QR555AT\">HPE StoreEver LTO-5 Ultrium 3000 SAS Internal Tape Drive\/TVlite<\/a><\/li>\n<li class=\"cross-sell\"><a href=\"https:\/\/b2b.nod.ro\/products\/product\/?code=QU625A\">HPE MSL6480 Scalable Base Module<\/a><\/li>\n<li class=\"cross-sell\"><a href=\"https:\/\/b2b.nod.ro\/products\/product\/?code=QU626A\">MSL6480 Scalable Expansion Module<\/a><\/li>\n<li class=\"cross-sell\"><a href=\"https:\/\/b2b.nod.ro\/products\/product\/?code=R1R75A\">HPE StoreEver MSL 1\/8 G2 0-drive Tape Autoloader<\/a><\/li>\n<\/ul>\n<h4>Documents<\/h4>\n<ul class=\"more-details documents\">\n<li class=\"document\"><a href=\"http:\/\/h20195.www2.hpe.com\/v2\/GetPDF.aspx\/c04154430.pdf\" target=\"_blank\" rel=\"noopener\">HPE LTO Ultrium Storage Supplies<\/a><\/li>\n<li class=\"document\"><a href=\"http:\/\/h20195.www2.hpe.com\/v2\/GetPDF.aspx\/a00039055eew.pdf\" target=\"_blank\" rel=\"noopener\">West London College basis future growth on HPE technology<\/a><\/li>\n<li class=\"document\"><a href=\"http:\/\/h20195.www2.hpe.com\/v2\/GetPDF.aspx\/a00039948eee.pdf\" target=\"_blank\" rel=\"noopener\">HPE LTO-7 cartridge initialized as Type M media<\/a><\/li>\n<li class=\"document\"><a href=\"http:\/\/h20195.www2.hpe.com\/v2\/GetPDF.aspx\/a00042029enw.pdf\" target=\"_blank\" rel=\"noopener\">Make HPE LTO-8 tape the backbone of your Hybrid IT archive strategy<\/a><\/li>\n<li class=\"document\"><a href=\"http:\/\/h20195.www2.hpe.com\/v2\/GetPDF.aspx\/a00039947dee.pdf\" target=\"_blank\" rel=\"noopener\">Bandmedien mit h\u00f6chster Zuverl\u00e4ssigkeit f\u00fcr Hybrid-IT-Archivdaten<\/a><\/li>\n<li class=\"document\"><a href=\"http:\/\/h20195.www2.hpe.com\/v2\/GetPDF.aspx\/a00039947eee.pdf\" target=\"_blank\" rel=\"noopener\">Extreme tape media reliability for Hybrid IT archive data<\/a><\/li>\n<li class=\"document\"><a href=\"http:\/\/h20195.www2.hpe.com\/v2\/GetPDF.aspx\/a00042029dee.pdf\" target=\"_blank\" rel=\"noopener\">Machen Sie das HPE LTO-8 Bandlaufwerk zum R\u00fcckgrat Ihrer Hybrid-IT-Archivierungsstrategie<\/a><\/li>\n<li class=\"document\"><a href=\"http:\/\/h20195.www2.hpe.com\/v2\/GetPDF.aspx\/a00042029eee.pdf\" target=\"_blank\" rel=\"noopener\">Make HPE LTO-8 tape the backbone of your Hybrid IT archive strategy<\/a><\/li>\n<li class=\"document\"><a href=\"http:\/\/h20195.www2.hpe.com\/v2\/GetPDF.aspx\/a00042029fre.pdf\" target=\"_blank\" rel=\"noopener\">Faites de la bande HPE LTO-8 l\u2019\u00e9pine dorsale de votre strat\u00e9gie d\u2019archivage IT hybride<\/a><\/li>\n<li class=\"document\"><a href=\"http:\/\/h20195.www2.hpe.com\/v2\/GetPDF.aspx\/a00094556enw.pdf\" target=\"_blank\" rel=\"noopener\">Leveraging Tape to Combat Ransomware with HPE StoreEver<\/a><\/li>\n<li class=\"document\"><a href=\"http:\/\/h20195.www2.hpe.com\/v2\/GetPDF.aspx\/a00039947ptl.pdf\" target=\"_blank\" rel=\"noopener\">Confiabilidade extrema de m\u00eddia de fita para dados de arquivamento de TI h\u00edbrida<\/a><\/li>\n<li class=\"document\"><a href=\"http:\/\/h20195.www2.hpe.com\/v2\/GetPDF.aspx\/a00039947kop.pdf\" target=\"_blank\" rel=\"noopener\">\ud558\uc774\ube0c\ub9ac\ub4dc IT \uc544\uce74\uc774\ube0c \ub370\uc774\ud130\ub97c \uc704\ud55c \ud0c1\uc6d4\ud55c \ud14c\uc774\ud504 \ubbf8\ub514\uc5b4 \uc2e0\ub8b0\uc131<\/a><\/li>\n<li class=\"document\"><a href=\"http:\/\/h20195.www2.hpe.com\/v2\/GetPDF.aspx\/a00039948jpn.pdf\" target=\"_blank\" rel=\"noopener\">HPE LTO-7 Type M 22.5 TB LTO-7\u521d\u671f\u5316\u30c7\u30fc\u30bf\u30ab\u30fc\u30c8\u30ea\u30c3\u30b8<\/a><\/li>\n<li class=\"document\"><a href=\"http:\/\/h20195.www2.hpe.com\/v2\/GetPDF.aspx\/a00039948kop.pdf\" target=\"_blank\" rel=\"noopener\">Type M \ubbf8\ub514\uc5b4\ub85c \ucd08\uae30\ud654\ub41c HPE LTO-7 \uce74\ud2b8\ub9ac\uc9c0<\/a><\/li>\n<li class=\"document\"><a href=\"http:\/\/h20195.www2.hpe.com\/v2\/GetPDF.aspx\/a00057935eew.pdf\" target=\"_blank\" rel=\"noopener\">The Aberdeen eBook<\/a><\/li>\n<li class=\"document\"><a href=\"http:\/\/h20195.www2.hpe.com\/v2\/GetPDF.aspx\/a00057936eew.pdf\" target=\"_blank\" rel=\"noopener\">Wiley Multicloud for dummies<\/a><\/li>\n<li class=\"document\"><a href=\"http:\/\/h20195.www2.hpe.com\/v2\/GetPDF.aspx\/a00049968eew.pdf\" target=\"_blank\" rel=\"noopener\">Well-known retail group chooses \u2018pay-as-you-use\u2019 route for HPE 3PAR refresh<\/a><\/li>\n<li class=\"document\"><a href=\"http:\/\/h20195.www2.hpe.com\/v2\/GetPDF.aspx\/a00039947ite.pdf\" target=\"_blank\" rel=\"noopener\">Massima affidabilit\u00e0 dei supporti a nastro per i dati archiviati dell&#039;IT ibrido<\/a><\/li>\n<li class=\"document\"><a href=\"http:\/\/h20195.www2.hpe.com\/v2\/GetPDF.aspx\/a00057936dee.pdf\" target=\"_blank\" rel=\"noopener\">Die Bedeutung von Multi-Cloud<\/a><\/li>\n<li class=\"document\"><a href=\"http:\/\/h20195.www2.hpe.com\/v2\/GetPDF.aspx\/a00039947chp.pdf\" target=\"_blank\" rel=\"noopener\">\u9002\u7528\u4e8e\u6df7\u5408 IT \u5b58\u6863\u6570\u636e\u7684\u51fa\u4f17\u78c1\u5e26\u4ecb\u8d28\u53ef\u9760\u6027<\/a><\/li>\n<li class=\"document\"><a href=\"http:\/\/h20195.www2.hpe.com\/v2\/GetPDF.aspx\/a00039948chp.pdf\" target=\"_blank\" rel=\"noopener\">HPE LTO-7 M \u7c7b 22.5 TB LTO-7 \u521d\u59cb\u5316\u6570\u636e\u78c1\u5e26\u76d2<\/a><\/li>\n<li class=\"document\"><a href=\"http:\/\/h20195.www2.hpe.com\/v2\/GetPDF.aspx\/a00039948ptl.pdf\" target=\"_blank\" rel=\"noopener\">Cartucho HPE LTO-7 inicializado como m\u00eddia Tipo M<\/a><\/li>\n<li class=\"document\"><a href=\"http:\/\/h20195.www2.hpe.com\/v2\/GetPDF.aspx\/a00039947jpn.pdf\" target=\"_blank\" rel=\"noopener\">\u30cf\u30a4\u30d6\u30ea\u30c3\u30c9IT\u3092\u6d3b\u7528\u3057\u3066\u30a2\u30fc\u30ab\u30a4\u30d6\u30c7\u30fc\u30bf\u3092\u4fdd\u7ba1\u3059\u308b\u305f\u3081\u306e\u4fe1\u983c\u6027\u306e\u9ad8\u3044\u30c6\u30fc\u30d7\u30e1\u30c7\u30a3\u30a2<\/a><\/li>\n<li class=\"document\"><a href=\"http:\/\/h20195.www2.hpe.com\/v2\/GetPDF.aspx\/a00039948ite.pdf\" target=\"_blank\" rel=\"noopener\">Cartucce dati inizializzate HPE LTO-7 tipo M 22,5 TB LTO-7<\/a><\/li>\n<li class=\"document\"><a href=\"http:\/\/h20195.www2.hpe.com\/v2\/GetPDF.aspx\/a00057935fre.pdf\" target=\"_blank\" rel=\"noopener\">Stockage Flash pour la prochaine \u00e9tape de la transformation digitale<\/a><\/li>\n<li class=\"document\"><a href=\"http:\/\/h20195.www2.hpe.com\/v2\/GetPDF.aspx\/a00046829eew.pdf\" target=\"_blank\" rel=\"noopener\">HPE DL380 server increases coffee solutions supplier\u2019s security<\/a><\/li>\n<li class=\"document\"><a href=\"http:\/\/h20195.www2.hpe.com\/v2\/GetPDF.aspx\/a00046963eew.pdf\" target=\"_blank\" rel=\"noopener\">HPE DL380 server increases coffee solutions supplier\u2019s security<\/a><\/li>\n<li class=\"document\"><a href=\"http:\/\/h20195.www2.hpe.com\/v2\/GetPDF.aspx\/a00057936fre.pdf\" target=\"_blank\" rel=\"noopener\">Wiley Le Stockage multicloud pour les nuls<\/a><\/li>\n<\/ul>\n","protected":false},"excerpt":{"rendered":"<p>Lifecycle Obsolete Date 31-10-2027 End of support date 31-10-2032 Specifications Capacity 6.25 TB Compressed 2.5:1 Supported Base material Metal Particle Tape thickness 6.4 um Data tracks 2176 Product color Purple Product dimensions (H x W x D) 4.45 x 1.1 x 4.37 in Weight 0.6 lb Media labeling Write-on Labels in box Weight 0.27 kg<span class=\"read-more-faq\"><a href=\"https:\/\/hqstore.ro\/index.php\/product\/hard-disk-uri-server-hpe-lto-6-ultrium-6-25tb-mp-rw-data-tape-c7976a\/\">Read More<\/a><\/span><\/p>\n","protected":false},"featured_media":590,"comment_status":"open","ping_status":"closed","template":"","meta":[],"product_cat":[343],"product_tag":[],"_links":{"self":[{"href":"https:\/\/hqstore.ro\/index.php\/wp-json\/wp\/v2\/product\/589"}],"collection":[{"href":"https:\/\/hqstore.ro\/index.php\/wp-json\/wp\/v2\/product"}],"about":[{"href":"https:\/\/hqstore.ro\/index.php\/wp-json\/wp\/v2\/types\/product"}],"replies":[{"embeddable":true,"href":"https:\/\/hqstore.ro\/index.php\/wp-json\/wp\/v2\/comments?post=589"}],"wp:featuredmedia":[{"embeddable":true,"href":"https:\/\/hqstore.ro\/index.php\/wp-json\/wp\/v2\/media\/590"}],"wp:attachment":[{"href":"https:\/\/hqstore.ro\/index.php\/wp-json\/wp\/v2\/media?parent=589"}],"wp:term":[{"taxonomy":"product_cat","embeddable":true,"href":"https:\/\/hqstore.ro\/index.php\/wp-json\/wp\/v2\/product_cat?post=589"},{"taxonomy":"product_tag","embeddable":true,"href":"https:\/\/hqstore.ro\/index.php\/wp-json\/wp\/v2\/product_tag?post=589"}],"curies":[{"name":"wp","href":"https:\/\/api.w.org\/{rel}","templated":true}]}}