{"id":58418,"date":"2021-03-17T14:37:35","date_gmt":"2021-03-17T11:37:35","guid":{"rendered":"https:\/\/hqstore.ro\/index.php\/product\/navigatii-gps-garmin-bc-40-wireless-backup-camera-caracteristici-fizice-si-010-01866-11\/"},"modified":"2024-03-08T03:52:25","modified_gmt":"2024-03-08T00:52:25","slug":"camere-auto-camera-auto-garmin-bc-40-backup-camera-wireless-010-01866-11","status":"publish","type":"product","link":"https:\/\/hqstore.ro\/index.php\/product\/camere-auto-camera-auto-garmin-bc-40-backup-camera-wireless-010-01866-11\/","title":{"rendered":"Camera auto Garmin BC 40, backup camera, wireless"},"content":{"rendered":"<p>Garmin BC 40 Wireless Backup Camera  Caracteristici Fizice \u015fi Performan\u0163e DIMENSIUNI FIZICE Lx\u00cexA: 15,85 cm x 2,18 cm x 2,49 cm GREUTATE 58,9 g BATERIE 2 baterii AA (se recomand\u0103 cu litiu, acestea nu sunt incluse) DURATA DE VIA\u0162\u0102 A BATERIEI P\u00e2n\u0103 la 3 luni (durat\u0103 medie de via\u0163\u0103) REZISTEN\u0162\u0102 LA AP\u0102 IPX7 Caracteristicile camerei REZOLU\u0162IA CAMEREI P\u00e2n\u0103 la la 720p cu DriveSmart 55 \u015fi DriveSmart 65. Rezolu\u0163ie mai mic\u0103 cu navigatoarele compatibile Garmin. C\u00c2MP VIZUAL 150 grade CONTROL VOCAL nu FRECVEN\u0162\u0102 CADRE P\u00e2n\u0103 la 15 cps CAMER\u0102 DE MERS \u00ceNAPOI COMPATIBIL\u0102 Da (cu dispozitiv sat-nav Garmin compatibil) DISTAN\u0162\u0102 TRANSMISIE WIRELESS P\u00e2n\u0103 la 13 metri  https:\/\/buy.garmin.com\/ro-RO\/RO\/p\/591686#specs<\/p>\n","protected":false},"excerpt":{"rendered":"<p>Garmin BC 40 Wireless Backup Camera Caracteristici Fizice \u015fi Performan\u0163e DIMENSIUNI FIZICE Lx\u00cexA: 15,85 cm x 2,18 cm x 2,49 cm GREUTATE 58,9 g BATERIE 2 baterii AA (se recomand\u0103 cu litiu, acestea nu sunt incluse) DURATA DE VIA\u0162\u0102 A BATERIEI P\u00e2n\u0103 la 3 luni (durat\u0103 medie de via\u0163\u0103) REZISTEN\u0162\u0102 LA AP\u0102 IPX7 Caracteristicile camerei<span class=\"read-more-faq\"><a href=\"https:\/\/hqstore.ro\/index.php\/product\/camere-auto-camera-auto-garmin-bc-40-backup-camera-wireless-010-01866-11\/\">Read More<\/a><\/span><\/p>\n","protected":false},"featured_media":75419,"comment_status":"open","ping_status":"closed","template":"","meta":[],"product_cat":[91],"product_tag":[],"_links":{"self":[{"href":"https:\/\/hqstore.ro\/index.php\/wp-json\/wp\/v2\/product\/58418"}],"collection":[{"href":"https:\/\/hqstore.ro\/index.php\/wp-json\/wp\/v2\/product"}],"about":[{"href":"https:\/\/hqstore.ro\/index.php\/wp-json\/wp\/v2\/types\/product"}],"replies":[{"embeddable":true,"href":"https:\/\/hqstore.ro\/index.php\/wp-json\/wp\/v2\/comments?post=58418"}],"wp:featuredmedia":[{"embeddable":true,"href":"https:\/\/hqstore.ro\/index.php\/wp-json\/wp\/v2\/media\/75419"}],"wp:attachment":[{"href":"https:\/\/hqstore.ro\/index.php\/wp-json\/wp\/v2\/media?parent=58418"}],"wp:term":[{"taxonomy":"product_cat","embeddable":true,"href":"https:\/\/hqstore.ro\/index.php\/wp-json\/wp\/v2\/product_cat?post=58418"},{"taxonomy":"product_tag","embeddable":true,"href":"https:\/\/hqstore.ro\/index.php\/wp-json\/wp\/v2\/product_tag?post=58418"}],"curies":[{"name":"wp","href":"https:\/\/api.w.org\/{rel}","templated":true}]}}