{"id":56926,"date":"2021-03-04T11:54:30","date_gmt":"2021-03-04T08:54:30","guid":{"rendered":"https:\/\/hqstore.ro\/index.php\/product\/scannere-scanner-canon-z36-mfp-aio-dimensiune-a0-36-pentru-tm-3850v633\/"},"modified":"2023-05-29T00:28:04","modified_gmt":"2023-05-28T21:28:04","slug":"scannere-scanner-canon-z36-mfp-aio-dimensiune-a0-36-pentru-tm-3850v633","status":"publish","type":"product","link":"https:\/\/hqstore.ro\/index.php\/product\/scannere-scanner-canon-z36-mfp-aio-dimensiune-a0-36-pentru-tm-3850v633\/","title":{"rendered":"Scanner Canon Z36 MFP AIO, dimensiune A0 (36&#034;), pentru TM"},"content":{"rendered":"<p>Scanner Canon Z36 MFP AIO, dimensiune A0 (36&#8243;), pentru TM 300\/305 viteza scanare: 13 IPS,rezolutie scanare 1200dpi, Interfa\u0163\u0103 USB 3.0,  Oprire, derulare \u00eenainte, derulare \u00eenapoi, stare LED, Software inclus  SmartWorks MFP V6, Controler de sistem: Windows 10 Enterprise LTSC pe 64 de bi\u0163i. CPU: Intel Pentium G5400T. SSD: 256 GB, RAM: 8 GB DDR4. Afi\u015faj: multitactil de 15,6&#8243;, 1366 x 768. 3 USB3 \u015fi 1 x USB2, 1 GbE (spate). Alimentare buton \u015fi 1 USB3 (fa\u0163\u0103). Ce se afl\u0103 \u00een cutie: Scaner Z36 Suport de instalare pentru imprimant\u0103 \u015fi suport pentru controlerul sistemului, 2 ghidaje pentru marginea h\u00e2rtiei, 3 ghidaje pentru returnarea documentelor, Etalon pentru calibrare, Ghid de asamblare \u015fi pornire, Cablu USB3 (2 metri),Surs\u0103 de alimentare Controler de sistem cu ecran de 15,6 inchi, Cablu de alimentare triplu 3:1 &#8211; necesit\u0103 un cablu de alimentare de la re\u0163eaua local\u0103 (nu este inclus).<\/p>\n","protected":false},"excerpt":{"rendered":"<p>Scanner Canon Z36 MFP AIO, dimensiune A0 (36&#8243;), pentru TM 300\/305 viteza scanare: 13 IPS,rezolutie scanare 1200dpi, Interfa\u0163\u0103 USB 3.0, Oprire, derulare \u00eenainte, derulare \u00eenapoi, stare LED, Software inclus SmartWorks MFP V6, Controler de sistem: Windows 10 Enterprise LTSC pe 64 de bi\u0163i. CPU: Intel Pentium G5400T. SSD: 256 GB, RAM: 8 GB DDR4. Afi\u015faj:<span class=\"read-more-faq\"><a href=\"https:\/\/hqstore.ro\/index.php\/product\/scannere-scanner-canon-z36-mfp-aio-dimensiune-a0-36-pentru-tm-3850v633\/\">Read More<\/a><\/span><\/p>\n","protected":false},"featured_media":58318,"comment_status":"open","ping_status":"closed","template":"","meta":[],"product_cat":[307],"product_tag":[],"_links":{"self":[{"href":"https:\/\/hqstore.ro\/index.php\/wp-json\/wp\/v2\/product\/56926"}],"collection":[{"href":"https:\/\/hqstore.ro\/index.php\/wp-json\/wp\/v2\/product"}],"about":[{"href":"https:\/\/hqstore.ro\/index.php\/wp-json\/wp\/v2\/types\/product"}],"replies":[{"embeddable":true,"href":"https:\/\/hqstore.ro\/index.php\/wp-json\/wp\/v2\/comments?post=56926"}],"wp:featuredmedia":[{"embeddable":true,"href":"https:\/\/hqstore.ro\/index.php\/wp-json\/wp\/v2\/media\/58318"}],"wp:attachment":[{"href":"https:\/\/hqstore.ro\/index.php\/wp-json\/wp\/v2\/media?parent=56926"}],"wp:term":[{"taxonomy":"product_cat","embeddable":true,"href":"https:\/\/hqstore.ro\/index.php\/wp-json\/wp\/v2\/product_cat?post=56926"},{"taxonomy":"product_tag","embeddable":true,"href":"https:\/\/hqstore.ro\/index.php\/wp-json\/wp\/v2\/product_tag?post=56926"}],"curies":[{"name":"wp","href":"https:\/\/api.w.org\/{rel}","templated":true}]}}