{"id":5692,"date":"2020-05-16T19:49:53","date_gmt":"2020-05-16T16:49:53","guid":{"rendered":"https:\/\/hqstore.ro\/index.php\/product\/sisteme-de-operare-licenta-oem-microsoft-windows-10-home-32-bit-romanian-kw9-00165\/"},"modified":"2023-01-30T22:43:16","modified_gmt":"2023-01-30T19:43:16","slug":"sisteme-de-operare-licenta-oem-microsoft-windows-10-home-32-bit-romanian-kw9-00165","status":"publish","type":"product","link":"https:\/\/hqstore.ro\/index.php\/product\/sisteme-de-operare-licenta-oem-microsoft-windows-10-home-32-bit-romanian-kw9-00165\/","title":{"rendered":"Licenta OEM Microsoft Windows 10 Home 32 bit Romanian"},"content":{"rendered":"<h1 id=\"DynamicHeading_productTitle\" data-reactroot=\"\" style=\"font-size: 34px;margin: 0px;line-height: 42px;font-family: 'Segoe UI', SegoeUI, 'Helvetica Neue', Helvetica, Arial, sans-serif\">Windows 10 Home<\/p>\n<p><span style=\"font-size: 12px\">Folosind Windows 10 pe computer pute\u021bi face orice.<\/span><\/h1>\n<p><span style=\"font-family: 'Segoe UI', SegoeUI, 'Helvetica Neue', Helvetica, Arial, sans-serif;font-size: 15px\">&nbsp; &bull; Caracteristicile de securitate &icirc;ncorporate includ antivirus, firewall \u0219i protec\u021bii pentru internet <br \/>&bull; Scana\u021bi fa\u021ba sau amprenta &icirc;n Windows Hello pentru a v\u0103 putea debloca PC-ul rapid \u0219i sigur, f\u0103r\u0103 nicio parol\u0103.* <br \/>&bull; Asisten\u021ba pentru concentrare v\u0103 permite s\u0103 bloca\u021bi notific\u0103rile, sunetele \u0219i alertele, pentru a beneficia de un timp de lucru f\u0103r\u0103 a fi distras.<br \/> &bull; Folosind cronologia pute\u021bi derula rapid \u0219i simplu prin cele mai recente documente, aplica\u021bii \u0219i site-uri web<br \/> &bull; Aplica\u021bia Fotografii Microsoft reprezint\u0103 o modalitate simpl\u0103 prin care pute\u021bi organiza, c\u0103uta, edita \u0219i partaja fotografii \u0219i clipuri video.** <br \/>&bull; Difuza\u021bi &icirc;n mod instant &icirc;n flux jocuri, efectua\u021bi &icirc;nregistr\u0103ri ale ecranului \u0219i controla\u021bi set\u0103ri audio individuale folosind bara Joc. <br \/>*Unele caracteristici necesit\u0103 hardware \u0219i\/sau software specializate.<br \/> **Fotografii Microsoft func\u021bioneaz\u0103 cu fotografii \u0219i clipuri video stocate &icirc;n PC \u0219i &icirc;n OneDrive.<\/span><\/p>\n","protected":false},"excerpt":{"rendered":"<p>Windows 10 Home Folosind Windows 10 pe computer pute\u021bi face orice. &nbsp; &bull; Caracteristicile de securitate &icirc;ncorporate includ antivirus, firewall \u0219i protec\u021bii pentru internet &bull; Scana\u021bi fa\u021ba sau amprenta &icirc;n Windows Hello pentru a v\u0103 putea debloca PC-ul rapid \u0219i sigur, f\u0103r\u0103 nicio parol\u0103.* &bull; Asisten\u021ba pentru concentrare v\u0103 permite s\u0103 bloca\u021bi notific\u0103rile, sunetele \u0219i<span class=\"read-more-faq\"><a href=\"https:\/\/hqstore.ro\/index.php\/product\/sisteme-de-operare-licenta-oem-microsoft-windows-10-home-32-bit-romanian-kw9-00165\/\">Read More<\/a><\/span><\/p>\n","protected":false},"featured_media":5693,"comment_status":"open","ping_status":"closed","template":"","meta":[],"product_cat":[355],"product_tag":[],"_links":{"self":[{"href":"https:\/\/hqstore.ro\/index.php\/wp-json\/wp\/v2\/product\/5692"}],"collection":[{"href":"https:\/\/hqstore.ro\/index.php\/wp-json\/wp\/v2\/product"}],"about":[{"href":"https:\/\/hqstore.ro\/index.php\/wp-json\/wp\/v2\/types\/product"}],"replies":[{"embeddable":true,"href":"https:\/\/hqstore.ro\/index.php\/wp-json\/wp\/v2\/comments?post=5692"}],"wp:featuredmedia":[{"embeddable":true,"href":"https:\/\/hqstore.ro\/index.php\/wp-json\/wp\/v2\/media\/5693"}],"wp:attachment":[{"href":"https:\/\/hqstore.ro\/index.php\/wp-json\/wp\/v2\/media?parent=5692"}],"wp:term":[{"taxonomy":"product_cat","embeddable":true,"href":"https:\/\/hqstore.ro\/index.php\/wp-json\/wp\/v2\/product_cat?post=5692"},{"taxonomy":"product_tag","embeddable":true,"href":"https:\/\/hqstore.ro\/index.php\/wp-json\/wp\/v2\/product_tag?post=5692"}],"curies":[{"name":"wp","href":"https:\/\/api.w.org\/{rel}","templated":true}]}}