{"id":52056,"date":"2021-01-19T06:23:45","date_gmt":"2021-01-19T03:23:45","guid":{"rendered":"https:\/\/hqstore.ro\/index.php\/product\/antene-retelistica-accesorii-tp-link-ac750-wi-fi-range-extender-re190-dual-band-ieee-802-11a-n-ac-5ghz-re190\/"},"modified":"2023-05-12T18:56:03","modified_gmt":"2023-05-12T15:56:03","slug":"access-point-range-ext-range-extender-tp-link-re190-ac750-onemesh-dual-band-smart-roaming-re190","status":"publish","type":"product","link":"https:\/\/hqstore.ro\/index.php\/product\/access-point-range-ext-range-extender-tp-link-re190-ac750-onemesh-dual-band-smart-roaming-re190\/","title":{"rendered":"Range Extender TP-LINK RE190, AC750, OneMesh\u2122, Dual-Band, Smart Roaming"},"content":{"rendered":"<p>TP-LINK AC750 Wi-Fi Range Extender, RE190, Dual-Band, IEEE 802.11a\/n\/ac 5GHz, IEEE 802.11b\/g\/n 2.4GHz, Rat\u0103 de Semnal : 300Mbps \u00een 2.4GHz, 433Mbps \u00een 5GHz, Putere de Transmisie:<\/p>\n","protected":false},"excerpt":{"rendered":"<p>TP-LINK AC750 Wi-Fi Range Extender, RE190, Dual-Band, IEEE 802.11a\/n\/ac 5GHz, IEEE 802.11b\/g\/n 2.4GHz, Rat\u0103 de Semnal : 300Mbps \u00een 2.4GHz, 433Mbps \u00een 5GHz, Putere de Transmisie:<\/p>\n","protected":false},"featured_media":56328,"comment_status":"open","ping_status":"closed","template":"","meta":[],"product_cat":[332],"product_tag":[],"_links":{"self":[{"href":"https:\/\/hqstore.ro\/index.php\/wp-json\/wp\/v2\/product\/52056"}],"collection":[{"href":"https:\/\/hqstore.ro\/index.php\/wp-json\/wp\/v2\/product"}],"about":[{"href":"https:\/\/hqstore.ro\/index.php\/wp-json\/wp\/v2\/types\/product"}],"replies":[{"embeddable":true,"href":"https:\/\/hqstore.ro\/index.php\/wp-json\/wp\/v2\/comments?post=52056"}],"wp:featuredmedia":[{"embeddable":true,"href":"https:\/\/hqstore.ro\/index.php\/wp-json\/wp\/v2\/media\/56328"}],"wp:attachment":[{"href":"https:\/\/hqstore.ro\/index.php\/wp-json\/wp\/v2\/media?parent=52056"}],"wp:term":[{"taxonomy":"product_cat","embeddable":true,"href":"https:\/\/hqstore.ro\/index.php\/wp-json\/wp\/v2\/product_cat?post=52056"},{"taxonomy":"product_tag","embeddable":true,"href":"https:\/\/hqstore.ro\/index.php\/wp-json\/wp\/v2\/product_tag?post=52056"}],"curies":[{"name":"wp","href":"https:\/\/api.w.org\/{rel}","templated":true}]}}