{"id":5133,"date":"2020-05-16T18:20:41","date_gmt":"2020-05-16T15:20:41","guid":{"rendered":"https:\/\/hqstore.ro\/index.php\/product\/scannere-scanner-epson-ds-70000-dimensiune-a3-tip-flatbed-viteza-scanare-70ppm-b11b204331\/"},"modified":"2023-05-29T00:28:16","modified_gmt":"2023-05-28T21:28:16","slug":"scannere-scanner-epson-ds-70000-dimensiune-a3-tip-flatbed-viteza-scanare-70ppm-b11b204331","status":"publish","type":"product","link":"https:\/\/hqstore.ro\/index.php\/product\/scannere-scanner-epson-ds-70000-dimensiune-a3-tip-flatbed-viteza-scanare-70ppm-b11b204331\/","title":{"rendered":"Scanner Epson DS-70000, dimensiune A3, tip flatbed, viteza scanare: 70ppm"},"content":{"rendered":"<p>Scanner Epson DS-70000, dimensiune A3, tip flatbed, viteza scanare: 70ppm alb-negru si color, rezolutie optica 600x600dpi, duplex, ADF 200 pagini,Fiabilitate ciclu de lucru zilnic 8.000\u00a0Pagini, LCD cu 5 r\u00e2nduri cu func\u0163ii de scanare prin buton de comand\u0103, Formate ie\u015fire Scanare c\u0103tre JPEG, Scanare c\u0103tre TIFF, Scanare c\u0103tre multi TIFF, Scanare c\u0103tre PSF, Scanare c\u0103tre pdf \/ batch, Scanare c\u0103tre PDFc\u0103utabil, Scanare c\u0103tre PDF sigur, Scanare \u00een PDF\/A, Comprimare hardware JPEG, Comprimare TIFF (JPEG(7), CCITT G4, LZW), Comprimare PDF, Conexiuni Interfa\u0163\u0103 Gigabit Ethernet (op\u0163ional), USB 2.0 tip B<\/p>\n","protected":false},"excerpt":{"rendered":"<p>Scanner Epson DS-70000, dimensiune A3, tip flatbed, viteza scanare: 70ppm alb-negru si color, rezolutie optica 600x600dpi, duplex, ADF 200 pagini,Fiabilitate ciclu de lucru zilnic 8.000\u00a0Pagini, LCD cu 5 r\u00e2nduri cu func\u0163ii de scanare prin buton de comand\u0103, Formate ie\u015fire Scanare c\u0103tre JPEG, Scanare c\u0103tre TIFF, Scanare c\u0103tre multi TIFF, Scanare c\u0103tre PSF, Scanare c\u0103tre pdf<span class=\"read-more-faq\"><a href=\"https:\/\/hqstore.ro\/index.php\/product\/scannere-scanner-epson-ds-70000-dimensiune-a3-tip-flatbed-viteza-scanare-70ppm-b11b204331\/\">Read More<\/a><\/span><\/p>\n","protected":false},"featured_media":5134,"comment_status":"open","ping_status":"closed","template":"","meta":[],"product_cat":[307],"product_tag":[],"_links":{"self":[{"href":"https:\/\/hqstore.ro\/index.php\/wp-json\/wp\/v2\/product\/5133"}],"collection":[{"href":"https:\/\/hqstore.ro\/index.php\/wp-json\/wp\/v2\/product"}],"about":[{"href":"https:\/\/hqstore.ro\/index.php\/wp-json\/wp\/v2\/types\/product"}],"replies":[{"embeddable":true,"href":"https:\/\/hqstore.ro\/index.php\/wp-json\/wp\/v2\/comments?post=5133"}],"wp:featuredmedia":[{"embeddable":true,"href":"https:\/\/hqstore.ro\/index.php\/wp-json\/wp\/v2\/media\/5134"}],"wp:attachment":[{"href":"https:\/\/hqstore.ro\/index.php\/wp-json\/wp\/v2\/media?parent=5133"}],"wp:term":[{"taxonomy":"product_cat","embeddable":true,"href":"https:\/\/hqstore.ro\/index.php\/wp-json\/wp\/v2\/product_cat?post=5133"},{"taxonomy":"product_tag","embeddable":true,"href":"https:\/\/hqstore.ro\/index.php\/wp-json\/wp\/v2\/product_tag?post=5133"}],"curies":[{"name":"wp","href":"https:\/\/api.w.org\/{rel}","templated":true}]}}