{"id":5119,"date":"2020-05-16T18:20:22","date_gmt":"2020-05-16T15:20:22","guid":{"rendered":"https:\/\/hqstore.ro\/index.php\/product\/scannere-scanner-epson-ds-70-portabil-dimensiune-a4-tip-sheetfed-viteza-scanare-b11b252402\/"},"modified":"2023-05-29T00:28:15","modified_gmt":"2023-05-28T21:28:15","slug":"scannere-scanner-epson-ds-70-portabil-dimensiune-a4-tip-sheetfed-viteza-scanare-b11b252402","status":"publish","type":"product","link":"https:\/\/hqstore.ro\/index.php\/product\/scannere-scanner-epson-ds-70-portabil-dimensiune-a4-tip-sheetfed-viteza-scanare-b11b252402\/","title":{"rendered":"Scanner Epson DS-70 portabil, dimensiune A4, tip sheetfed, viteza scanare:"},"content":{"rendered":"<p>Scanner Epson DS-70 portabil, dimensiune A4, tip sheetfed, viteza scanare: 5.5 sec\/pacina alb-negru si color, rezolutie optica 600x600dpi, , fiabilitate ciclu de lucru zilnic 300 pagini, formate ie\u015fire : BMP, JPEG, TIFF, multi-TIFF, PDF, searchable PDF, PDF\/A, PNG, Caracteristici: Ignor\u0103 paginile goale, \u00cendep\u0103rtare perfora\u0163ii,Prelucrare avansat\u0103 imagini, Corectare automat\u0103 a pozi\u0163iei \u00eenclinate ah\u00e2rtiei, \u00cembun\u0103t\u0103\u0163ire culoare RGB, rotire automat\u0103 a imaginii,\u00cembun\u0103t\u0103\u0163ire text, De- rasterizare, interfata:USB 2.0, Dimensiuni 272\u200e x 47 x 34 mm, greutate: 0.27 kg.Posibilitatea prelungirii garantiei pana la 3 ani, doar cu inregistrarea acesteia in prima luna de la achizitia acestora de catre clientul final pe www.epson.ro\/garantiescanere.<\/p>\n","protected":false},"excerpt":{"rendered":"<p>Scanner Epson DS-70 portabil, dimensiune A4, tip sheetfed, viteza scanare: 5.5 sec\/pacina alb-negru si color, rezolutie optica 600x600dpi, , fiabilitate ciclu de lucru zilnic 300 pagini, formate ie\u015fire : BMP, JPEG, TIFF, multi-TIFF, PDF, searchable PDF, PDF\/A, PNG, Caracteristici: Ignor\u0103 paginile goale, \u00cendep\u0103rtare perfora\u0163ii,Prelucrare avansat\u0103 imagini, Corectare automat\u0103 a pozi\u0163iei \u00eenclinate ah\u00e2rtiei, \u00cembun\u0103t\u0103\u0163ire culoare RGB,<span class=\"read-more-faq\"><a href=\"https:\/\/hqstore.ro\/index.php\/product\/scannere-scanner-epson-ds-70-portabil-dimensiune-a4-tip-sheetfed-viteza-scanare-b11b252402\/\">Read More<\/a><\/span><\/p>\n","protected":false},"featured_media":5120,"comment_status":"open","ping_status":"closed","template":"","meta":[],"product_cat":[307],"product_tag":[],"_links":{"self":[{"href":"https:\/\/hqstore.ro\/index.php\/wp-json\/wp\/v2\/product\/5119"}],"collection":[{"href":"https:\/\/hqstore.ro\/index.php\/wp-json\/wp\/v2\/product"}],"about":[{"href":"https:\/\/hqstore.ro\/index.php\/wp-json\/wp\/v2\/types\/product"}],"replies":[{"embeddable":true,"href":"https:\/\/hqstore.ro\/index.php\/wp-json\/wp\/v2\/comments?post=5119"}],"wp:featuredmedia":[{"embeddable":true,"href":"https:\/\/hqstore.ro\/index.php\/wp-json\/wp\/v2\/media\/5120"}],"wp:attachment":[{"href":"https:\/\/hqstore.ro\/index.php\/wp-json\/wp\/v2\/media?parent=5119"}],"wp:term":[{"taxonomy":"product_cat","embeddable":true,"href":"https:\/\/hqstore.ro\/index.php\/wp-json\/wp\/v2\/product_cat?post=5119"},{"taxonomy":"product_tag","embeddable":true,"href":"https:\/\/hqstore.ro\/index.php\/wp-json\/wp\/v2\/product_tag?post=5119"}],"curies":[{"name":"wp","href":"https:\/\/api.w.org\/{rel}","templated":true}]}}