{"id":5115,"date":"2020-05-16T18:20:15","date_gmt":"2020-05-16T15:20:15","guid":{"rendered":"https:\/\/hqstore.ro\/index.php\/product\/scannere-scanner-epson-ds-80w-portabil-dimensiune-a4-tip-sheetfed-viteza-scanare-b11b253402\/"},"modified":"2023-05-29T00:28:20","modified_gmt":"2023-05-28T21:28:20","slug":"scannere-scanner-epson-ds-80w-portabil-dimensiune-a4-tip-sheetfed-viteza-scanare-b11b253402","status":"publish","type":"product","link":"https:\/\/hqstore.ro\/index.php\/product\/scannere-scanner-epson-ds-80w-portabil-dimensiune-a4-tip-sheetfed-viteza-scanare-b11b253402\/","title":{"rendered":"Scanner Epson DS-80W portabil, dimensiune A4, tip sheetfed, viteza scanare:"},"content":{"rendered":"<p>Scanner Epson DS-80W portabil, dimensiune A4, tip sheetfed, viteza scanare: 4 sec\/pagina alb-negru si color, rezolutie optica 600x600dpi, , fiabilitate ciclu de lucru zilnic 300 pagini, formate ie\u015fire : BMP, JPEG, TIFF, Scanare c\u0103tre multi TIFF, PDF, Scanare c\u0103tre PDFc\u0103utabil, PDF\/A, PNG, Caracteristici: One keypress, Degradare culoare RGB, Ignor\u0103 paginile goale, \u00cendep\u0103rtare perfora\u0163ii, Prelucrare avansat\u0103 imagini, Set\u0103ri prestabilite, Divizare automat\u0103 a intervalului, Corectare automat\u0103 a pozi\u0163iei \u00eenclinate a h\u00e2rtiei, Detectare automat\u0103 culori \u015fi alb-negru, \u00cembun\u0103t\u0103\u0163ire culoare RGB, rotire automat\u0103 a imaginii, \u00cembun\u0103t\u0103\u0163ire text, Netezire muchii, Func\u0163iune Cropping \u00eembun\u0103t\u0103\u0163it\u0103 pentru ajustarea m\u0103rimii, De-rasterizare , interfata:USB 2.0,WI-FI, Dimensiuni 272\u200e x 47 x 34 mm, greutate: 0.3 kg.Posibilitatea prelungirii garantiei pana la 3 ani, doar cu inregistrarea acesteia in prima luna de la achizitia acestora de catre clientul final pe www.epson.ro\/garantiescanere.<\/p>\n","protected":false},"excerpt":{"rendered":"<p>Scanner Epson DS-80W portabil, dimensiune A4, tip sheetfed, viteza scanare: 4 sec\/pagina alb-negru si color, rezolutie optica 600x600dpi, , fiabilitate ciclu de lucru zilnic 300 pagini, formate ie\u015fire : BMP, JPEG, TIFF, Scanare c\u0103tre multi TIFF, PDF, Scanare c\u0103tre PDFc\u0103utabil, PDF\/A, PNG, Caracteristici: One keypress, Degradare culoare RGB, Ignor\u0103 paginile goale, \u00cendep\u0103rtare perfora\u0163ii, Prelucrare avansat\u0103<span class=\"read-more-faq\"><a href=\"https:\/\/hqstore.ro\/index.php\/product\/scannere-scanner-epson-ds-80w-portabil-dimensiune-a4-tip-sheetfed-viteza-scanare-b11b253402\/\">Read More<\/a><\/span><\/p>\n","protected":false},"featured_media":5116,"comment_status":"open","ping_status":"closed","template":"","meta":[],"product_cat":[307],"product_tag":[],"_links":{"self":[{"href":"https:\/\/hqstore.ro\/index.php\/wp-json\/wp\/v2\/product\/5115"}],"collection":[{"href":"https:\/\/hqstore.ro\/index.php\/wp-json\/wp\/v2\/product"}],"about":[{"href":"https:\/\/hqstore.ro\/index.php\/wp-json\/wp\/v2\/types\/product"}],"replies":[{"embeddable":true,"href":"https:\/\/hqstore.ro\/index.php\/wp-json\/wp\/v2\/comments?post=5115"}],"wp:featuredmedia":[{"embeddable":true,"href":"https:\/\/hqstore.ro\/index.php\/wp-json\/wp\/v2\/media\/5116"}],"wp:attachment":[{"href":"https:\/\/hqstore.ro\/index.php\/wp-json\/wp\/v2\/media?parent=5115"}],"wp:term":[{"taxonomy":"product_cat","embeddable":true,"href":"https:\/\/hqstore.ro\/index.php\/wp-json\/wp\/v2\/product_cat?post=5115"},{"taxonomy":"product_tag","embeddable":true,"href":"https:\/\/hqstore.ro\/index.php\/wp-json\/wp\/v2\/product_tag?post=5115"}],"curies":[{"name":"wp","href":"https:\/\/api.w.org\/{rel}","templated":true}]}}