{"id":5111,"date":"2020-05-16T18:20:10","date_gmt":"2020-05-16T15:20:10","guid":{"rendered":"https:\/\/hqstore.ro\/index.php\/product\/scannere-scanner-epson-ds-870-dimensiune-a3-tip-sheetfed-viteza-scanare-65ppm-b11b250401\/"},"modified":"2023-05-29T00:28:21","modified_gmt":"2023-05-28T21:28:21","slug":"scannere-scanner-epson-ds-870-dimensiune-a4-tip-sheetfed-viteza-scanare-65ppm-b11b250401","status":"publish","type":"product","link":"https:\/\/hqstore.ro\/index.php\/product\/scannere-scanner-epson-ds-870-dimensiune-a4-tip-sheetfed-viteza-scanare-65ppm-b11b250401\/","title":{"rendered":"Scanner Epson DS-870, dimensiune A4, tip sheetfed, viteza scanare: 65ppm,"},"content":{"rendered":"<p>Scanner Epson DS-870, dimensiune A4, tip sheetfed, viteza scanare: 65ppm, rezolutie optica 600x600dpi, ADF 100 pagini, duplex, Fiabilitate ciclu de lucru zilnic 7.000 Pagini,Formate iesire: BMP, JPEG, TIFF, Scanare c\u0103tre multi TIFF, PDF, Scanare c\u0103tre PDFc\u0103utabil, PDF\/A, PNG. interfata: USB 3.0, optional retea.Posibilitatea prelungirii garantiei pana la 3 ani, doar cu inregistrarea acesteia in prima luna de la achizitia acestora de catre clientul final pe www.epson.ro\/garantiescanere.<\/p>\n","protected":false},"excerpt":{"rendered":"<p>Scanner Epson DS-870, dimensiune A4, tip sheetfed, viteza scanare: 65ppm, rezolutie optica 600x600dpi, ADF 100 pagini, duplex, Fiabilitate ciclu de lucru zilnic 7.000 Pagini,Formate iesire: BMP, JPEG, TIFF, Scanare c\u0103tre multi TIFF, PDF, Scanare c\u0103tre PDFc\u0103utabil, PDF\/A, PNG. interfata: USB 3.0, optional retea.Posibilitatea prelungirii garantiei pana la 3 ani, doar cu inregistrarea acesteia in prima<span class=\"read-more-faq\"><a href=\"https:\/\/hqstore.ro\/index.php\/product\/scannere-scanner-epson-ds-870-dimensiune-a4-tip-sheetfed-viteza-scanare-65ppm-b11b250401\/\">Read More<\/a><\/span><\/p>\n","protected":false},"featured_media":5112,"comment_status":"open","ping_status":"closed","template":"","meta":[],"product_cat":[307],"product_tag":[],"_links":{"self":[{"href":"https:\/\/hqstore.ro\/index.php\/wp-json\/wp\/v2\/product\/5111"}],"collection":[{"href":"https:\/\/hqstore.ro\/index.php\/wp-json\/wp\/v2\/product"}],"about":[{"href":"https:\/\/hqstore.ro\/index.php\/wp-json\/wp\/v2\/types\/product"}],"replies":[{"embeddable":true,"href":"https:\/\/hqstore.ro\/index.php\/wp-json\/wp\/v2\/comments?post=5111"}],"wp:featuredmedia":[{"embeddable":true,"href":"https:\/\/hqstore.ro\/index.php\/wp-json\/wp\/v2\/media\/5112"}],"wp:attachment":[{"href":"https:\/\/hqstore.ro\/index.php\/wp-json\/wp\/v2\/media?parent=5111"}],"wp:term":[{"taxonomy":"product_cat","embeddable":true,"href":"https:\/\/hqstore.ro\/index.php\/wp-json\/wp\/v2\/product_cat?post=5111"},{"taxonomy":"product_tag","embeddable":true,"href":"https:\/\/hqstore.ro\/index.php\/wp-json\/wp\/v2\/product_tag?post=5111"}],"curies":[{"name":"wp","href":"https:\/\/api.w.org\/{rel}","templated":true}]}}