{"id":5105,"date":"2020-05-16T18:20:01","date_gmt":"2020-05-16T15:20:01","guid":{"rendered":"https:\/\/hqstore.ro\/index.php\/product\/scannere-scanner-epson-expression-1200xl-dimensiune-a3-tip-flatbed-scanner-grafic-b11b240401\/"},"modified":"2023-05-29T00:28:23","modified_gmt":"2023-05-28T21:28:23","slug":"scannere-scanner-epson-expression-12000xl-dimensiune-a3-tip-flatbed-scanner-grafic-b11b240401","status":"publish","type":"product","link":"https:\/\/hqstore.ro\/index.php\/product\/scannere-scanner-epson-expression-12000xl-dimensiune-a3-tip-flatbed-scanner-grafic-b11b240401\/","title":{"rendered":"Scanner Epson Expression 12000XL, dimensiune A3, tip flatbed, scanner grafic,"},"content":{"rendered":"<p>Scanner Epson Expression 12000XL, dimensiune A3, tip flatbed, scanner grafic, viteza scanare: 12sec pagina alb-negru si color, rezolutie optica 2400 x 4800 dpi , sursa lumina: LED, Formate iesire: BMP, JPEG, TIFF, Software inclus: Epson Scan 2, SilverFast Ai ver.8.8, interfata: USB tip B, Continut ambalaj: Aparat principal, Cablu alimentare, Ghid introductiv, Software (CD), Cablu USB, Certificat de garan\u0163ie, Dimensiuni: 656\u200e x 458 x 158 mm (L\u0103\u0163ime x Lungime x \u00cen\u0103l\u0163ime), Greutate: 14.3 KG.<\/p>\n","protected":false},"excerpt":{"rendered":"<p>Scanner Epson Expression 12000XL, dimensiune A3, tip flatbed, scanner grafic, viteza scanare: 12sec pagina alb-negru si color, rezolutie optica 2400 x 4800 dpi , sursa lumina: LED, Formate iesire: BMP, JPEG, TIFF, Software inclus: Epson Scan 2, SilverFast Ai ver.8.8, interfata: USB tip B, Continut ambalaj: Aparat principal, Cablu alimentare, Ghid introductiv, Software (CD), Cablu<span class=\"read-more-faq\"><a href=\"https:\/\/hqstore.ro\/index.php\/product\/scannere-scanner-epson-expression-12000xl-dimensiune-a3-tip-flatbed-scanner-grafic-b11b240401\/\">Read More<\/a><\/span><\/p>\n","protected":false},"featured_media":5106,"comment_status":"open","ping_status":"closed","template":"","meta":[],"product_cat":[307],"product_tag":[],"_links":{"self":[{"href":"https:\/\/hqstore.ro\/index.php\/wp-json\/wp\/v2\/product\/5105"}],"collection":[{"href":"https:\/\/hqstore.ro\/index.php\/wp-json\/wp\/v2\/product"}],"about":[{"href":"https:\/\/hqstore.ro\/index.php\/wp-json\/wp\/v2\/types\/product"}],"replies":[{"embeddable":true,"href":"https:\/\/hqstore.ro\/index.php\/wp-json\/wp\/v2\/comments?post=5105"}],"wp:featuredmedia":[{"embeddable":true,"href":"https:\/\/hqstore.ro\/index.php\/wp-json\/wp\/v2\/media\/5106"}],"wp:attachment":[{"href":"https:\/\/hqstore.ro\/index.php\/wp-json\/wp\/v2\/media?parent=5105"}],"wp:term":[{"taxonomy":"product_cat","embeddable":true,"href":"https:\/\/hqstore.ro\/index.php\/wp-json\/wp\/v2\/product_cat?post=5105"},{"taxonomy":"product_tag","embeddable":true,"href":"https:\/\/hqstore.ro\/index.php\/wp-json\/wp\/v2\/product_tag?post=5105"}],"curies":[{"name":"wp","href":"https:\/\/api.w.org\/{rel}","templated":true}]}}