{"id":49983,"date":"2020-12-22T06:33:44","date_gmt":"2020-12-22T03:33:44","guid":{"rendered":"https:\/\/hqstore.ro\/index.php\/product\/antene-retelistica-2-deco-e43-pack\/"},"modified":"2023-05-20T22:37:14","modified_gmt":"2023-05-20T19:37:14","slug":"routere-wireless-tp-link-sistem-mesh-wi-fi-pentru-intreaga-casa-ac1200-deco-e43-pack2-deco-e43-pack","status":"publish","type":"product","link":"https:\/\/hqstore.ro\/index.php\/product\/routere-wireless-tp-link-sistem-mesh-wi-fi-pentru-intreaga-casa-ac1200-deco-e43-pack2-deco-e43-pack\/","title":{"rendered":"TP-Link Sistem Mesh Wi-Fi pentru \u00eentreaga cas\u0103 AC1200, DECO E4(3-PACK);2"},"content":{"rendered":"<p>TP-Link Sistem Mesh Wi-Fi pentru \u00eentreaga cas\u0103 AC1200, DECO E4(3-PACK);2 10\/100Mbps WAN\/LAN Ports, 1 Power Port, SDRAM: 128 MB, Flash:16 MB, 2 internal dual-band antennas per Deco unit, Standarde Wireless:IEEE 802.11 ac\/n\/a 5 GHz, IEEE 802.11 b\/g\/n 2.4 GHz, Frecven\u021b\u0103: 2.4 GHz and 5 GHz, Rat\u0103 de Semnal: 867 Mbps at 5 GHz, 300 Mbps at 2.4 GHz.<\/p>\n","protected":false},"excerpt":{"rendered":"<p>TP-Link Sistem Mesh Wi-Fi pentru \u00eentreaga cas\u0103 AC1200, DECO E4(3-PACK);2 10\/100Mbps WAN\/LAN Ports, 1 Power Port, SDRAM: 128 MB, Flash:16 MB, 2 internal dual-band antennas per Deco unit, Standarde Wireless:IEEE 802.11 ac\/n\/a 5 GHz, IEEE 802.11 b\/g\/n 2.4 GHz, Frecven\u021b\u0103: 2.4 GHz and 5 GHz, Rat\u0103 de Semnal: 867 Mbps at 5 GHz, 300 Mbps<span class=\"read-more-faq\"><a href=\"https:\/\/hqstore.ro\/index.php\/product\/routere-wireless-tp-link-sistem-mesh-wi-fi-pentru-intreaga-casa-ac1200-deco-e43-pack2-deco-e43-pack\/\">Read More<\/a><\/span><\/p>\n","protected":false},"featured_media":50173,"comment_status":"open","ping_status":"closed","template":"","meta":[],"product_cat":[335],"product_tag":[],"_links":{"self":[{"href":"https:\/\/hqstore.ro\/index.php\/wp-json\/wp\/v2\/product\/49983"}],"collection":[{"href":"https:\/\/hqstore.ro\/index.php\/wp-json\/wp\/v2\/product"}],"about":[{"href":"https:\/\/hqstore.ro\/index.php\/wp-json\/wp\/v2\/types\/product"}],"replies":[{"embeddable":true,"href":"https:\/\/hqstore.ro\/index.php\/wp-json\/wp\/v2\/comments?post=49983"}],"wp:featuredmedia":[{"embeddable":true,"href":"https:\/\/hqstore.ro\/index.php\/wp-json\/wp\/v2\/media\/50173"}],"wp:attachment":[{"href":"https:\/\/hqstore.ro\/index.php\/wp-json\/wp\/v2\/media?parent=49983"}],"wp:term":[{"taxonomy":"product_cat","embeddable":true,"href":"https:\/\/hqstore.ro\/index.php\/wp-json\/wp\/v2\/product_cat?post=49983"},{"taxonomy":"product_tag","embeddable":true,"href":"https:\/\/hqstore.ro\/index.php\/wp-json\/wp\/v2\/product_tag?post=49983"}],"curies":[{"name":"wp","href":"https:\/\/api.w.org\/{rel}","templated":true}]}}