{"id":49982,"date":"2020-12-22T06:33:42","date_gmt":"2020-12-22T03:33:42","guid":{"rendered":"https:\/\/hqstore.ro\/index.php\/product\/antene-retelistica-accesorii-wireless-range-extender-tp-link-re455-ac1750-5ghz-pana-la-1300mbps-re455\/"},"modified":"2023-05-03T14:59:13","modified_gmt":"2023-05-03T11:59:13","slug":"access-point-range-ext-range-extender-tp-link-re455-ac1750-gigabit-dual-band-re455","status":"publish","type":"product","link":"https:\/\/hqstore.ro\/index.php\/product\/access-point-range-ext-range-extender-tp-link-re455-ac1750-gigabit-dual-band-re455\/","title":{"rendered":"Range Extender TP-Link RE455, AC1750, Gigabit, Dual-Band"},"content":{"rendered":"<p>Wireless Range Extender TP-Link RE455, AC1750, 5GHz: p\u00e2n\u0103 la 1300Mbps, 2.4GHz: p\u00e2n\u0103 la 450Mpbs, 3 x antene externe, 1 x Port Ethernet (RJ45) de 10\/100\/1000M, IEEE802.11ac, IEEE 802.11n, IEEE 802.11g, IEEE 802.11b.<\/p>\n","protected":false},"excerpt":{"rendered":"<p>Wireless Range Extender TP-Link RE455, AC1750, 5GHz: p\u00e2n\u0103 la 1300Mbps, 2.4GHz: p\u00e2n\u0103 la 450Mpbs, 3 x antene externe, 1 x Port Ethernet (RJ45) de 10\/100\/1000M, IEEE802.11ac, IEEE 802.11n, IEEE 802.11g, IEEE 802.11b.<\/p>\n","protected":false},"featured_media":50171,"comment_status":"open","ping_status":"closed","template":"","meta":[],"product_cat":[332],"product_tag":[],"_links":{"self":[{"href":"https:\/\/hqstore.ro\/index.php\/wp-json\/wp\/v2\/product\/49982"}],"collection":[{"href":"https:\/\/hqstore.ro\/index.php\/wp-json\/wp\/v2\/product"}],"about":[{"href":"https:\/\/hqstore.ro\/index.php\/wp-json\/wp\/v2\/types\/product"}],"replies":[{"embeddable":true,"href":"https:\/\/hqstore.ro\/index.php\/wp-json\/wp\/v2\/comments?post=49982"}],"wp:featuredmedia":[{"embeddable":true,"href":"https:\/\/hqstore.ro\/index.php\/wp-json\/wp\/v2\/media\/50171"}],"wp:attachment":[{"href":"https:\/\/hqstore.ro\/index.php\/wp-json\/wp\/v2\/media?parent=49982"}],"wp:term":[{"taxonomy":"product_cat","embeddable":true,"href":"https:\/\/hqstore.ro\/index.php\/wp-json\/wp\/v2\/product_cat?post=49982"},{"taxonomy":"product_tag","embeddable":true,"href":"https:\/\/hqstore.ro\/index.php\/wp-json\/wp\/v2\/product_tag?post=49982"}],"curies":[{"name":"wp","href":"https:\/\/api.w.org\/{rel}","templated":true}]}}