{"id":4975,"date":"2020-05-16T18:16:37","date_gmt":"2020-05-16T15:16:37","guid":{"rendered":"https:\/\/hqstore.ro\/index.php\/product\/routere-wireless-ubiquiti-unifi-cloud-key-g2-with-hdd-uck-g2-plus-procesor-apq80538-uck-g2-plus\/"},"modified":"2023-05-06T15:46:07","modified_gmt":"2023-05-06T12:46:07","slug":"routere-wireless-ubiquiti-unifi-cloud-key-g2-with-hdd-uck-g2-plus-procesor-apq80538-uck-g2-plus","status":"publish","type":"product","link":"https:\/\/hqstore.ro\/index.php\/product\/routere-wireless-ubiquiti-unifi-cloud-key-g2-with-hdd-uck-g2-plus-procesor-apq80538-uck-g2-plus\/","title":{"rendered":"Ubiquiti Unifi Cloud Key, G2, with HDD, UCK-G2-Plus; Procesor: APQ8053;8*"},"content":{"rendered":"<p>Ubiquiti Unifi Cloud Key, G2, with HDD, UCK-G2-Plus; Procesor: APQ8053;8* Num\u0103rul de nuclee de procesor; Memorie intern\u0103: 3Giga Bites; 1* HDD2.5&#8243;; 1* Gigabit Ethernet LAN (RJ-45) cantitatea de porturi; Putereaconsumat\u0103: 12.95W;<\/p>\n","protected":false},"excerpt":{"rendered":"<p>Ubiquiti Unifi Cloud Key, G2, with HDD, UCK-G2-Plus; Procesor: APQ8053;8* Num\u0103rul de nuclee de procesor; Memorie intern\u0103: 3Giga Bites; 1* HDD2.5&#8243;; 1* Gigabit Ethernet LAN (RJ-45) cantitatea de porturi; Putereaconsumat\u0103: 12.95W;<\/p>\n","protected":false},"featured_media":4976,"comment_status":"open","ping_status":"closed","template":"","meta":[],"product_cat":[335],"product_tag":[],"_links":{"self":[{"href":"https:\/\/hqstore.ro\/index.php\/wp-json\/wp\/v2\/product\/4975"}],"collection":[{"href":"https:\/\/hqstore.ro\/index.php\/wp-json\/wp\/v2\/product"}],"about":[{"href":"https:\/\/hqstore.ro\/index.php\/wp-json\/wp\/v2\/types\/product"}],"replies":[{"embeddable":true,"href":"https:\/\/hqstore.ro\/index.php\/wp-json\/wp\/v2\/comments?post=4975"}],"wp:featuredmedia":[{"embeddable":true,"href":"https:\/\/hqstore.ro\/index.php\/wp-json\/wp\/v2\/media\/4976"}],"wp:attachment":[{"href":"https:\/\/hqstore.ro\/index.php\/wp-json\/wp\/v2\/media?parent=4975"}],"wp:term":[{"taxonomy":"product_cat","embeddable":true,"href":"https:\/\/hqstore.ro\/index.php\/wp-json\/wp\/v2\/product_cat?post=4975"},{"taxonomy":"product_tag","embeddable":true,"href":"https:\/\/hqstore.ro\/index.php\/wp-json\/wp\/v2\/product_tag?post=4975"}],"curies":[{"name":"wp","href":"https:\/\/api.w.org\/{rel}","templated":true}]}}