{"id":4765,"date":"2020-05-16T17:49:38","date_gmt":"2020-05-16T14:49:38","guid":{"rendered":"https:\/\/hqstore.ro\/index.php\/product\/routere-wireless-router-wireless-asus-rt-ax88u-standard-retea-ieee-802-11a-ieee-802-11b-rt-ax88u\/"},"modified":"2023-05-29T00:23:35","modified_gmt":"2023-05-28T21:23:35","slug":"routere-wireless-router-wireless-asus-rt-ax88u-ax6000-wi-fi-6-dual-band-gigabit-rt-ax88u","status":"publish","type":"product","link":"https:\/\/hqstore.ro\/index.php\/product\/routere-wireless-router-wireless-asus-rt-ax88u-ax6000-wi-fi-6-dual-band-gigabit-rt-ax88u\/","title":{"rendered":"Router Wireless Asus RT-AX88U, AX6000, Wi-Fi 6, Dual-Band, Gigabit"},"content":{"rendered":"<p>Router Wireless Asus RT-AX88U; Standard re\u021bea: IEEE 802.11a, IEEE 802.11b, IEEE 802.11g, IEEE 802.11n, IEEE 802.11ac, IEEE 802.11ax, IPv4, IPv6; Segment produs: Performan\u021b\u0103 AX Extrem\u0103 AX6000; Rata Datelor: 802.11ax (2.4GHz): p\u00e2n\u0103 la 1148 Mbps, 802.11ax (5GHz): p\u00e2n\u0103 la 4804 Mbps; 4* anten\u0103 extern\u0103; Procesor: Quad-core la 1.8GHz; Memorie: 256 MB Flash, 1GB RAM; Frecven\u021ba de operare: 2.4 GHz\/ 5 GHz; Porturi: 1 x RJ45 pentru Gigabits BaseT pentru WAN, 8 x RJ45 pentru Gigabits BaseT pentru LAN, USB 3.1 Gen1x 2; Surs\u0103 curent: Intrare AC 110V~240V(50~60Hz), Ie\u015fire DC 19 V cu max. 2.37 A;<\/p>\n","protected":false},"excerpt":{"rendered":"<p>Router Wireless Asus RT-AX88U; Standard re\u021bea: IEEE 802.11a, IEEE 802.11b, IEEE 802.11g, IEEE 802.11n, IEEE 802.11ac, IEEE 802.11ax, IPv4, IPv6; Segment produs: Performan\u021b\u0103 AX Extrem\u0103 AX6000; Rata Datelor: 802.11ax (2.4GHz): p\u00e2n\u0103 la 1148 Mbps, 802.11ax (5GHz): p\u00e2n\u0103 la 4804 Mbps; 4* anten\u0103 extern\u0103; Procesor: Quad-core la 1.8GHz; Memorie: 256 MB Flash, 1GB RAM; Frecven\u021ba de<span class=\"read-more-faq\"><a href=\"https:\/\/hqstore.ro\/index.php\/product\/routere-wireless-router-wireless-asus-rt-ax88u-ax6000-wi-fi-6-dual-band-gigabit-rt-ax88u\/\">Read More<\/a><\/span><\/p>\n","protected":false},"featured_media":4766,"comment_status":"open","ping_status":"closed","template":"","meta":[],"product_cat":[335],"product_tag":[],"_links":{"self":[{"href":"https:\/\/hqstore.ro\/index.php\/wp-json\/wp\/v2\/product\/4765"}],"collection":[{"href":"https:\/\/hqstore.ro\/index.php\/wp-json\/wp\/v2\/product"}],"about":[{"href":"https:\/\/hqstore.ro\/index.php\/wp-json\/wp\/v2\/types\/product"}],"replies":[{"embeddable":true,"href":"https:\/\/hqstore.ro\/index.php\/wp-json\/wp\/v2\/comments?post=4765"}],"wp:featuredmedia":[{"embeddable":true,"href":"https:\/\/hqstore.ro\/index.php\/wp-json\/wp\/v2\/media\/4766"}],"wp:attachment":[{"href":"https:\/\/hqstore.ro\/index.php\/wp-json\/wp\/v2\/media?parent=4765"}],"wp:term":[{"taxonomy":"product_cat","embeddable":true,"href":"https:\/\/hqstore.ro\/index.php\/wp-json\/wp\/v2\/product_cat?post=4765"},{"taxonomy":"product_tag","embeddable":true,"href":"https:\/\/hqstore.ro\/index.php\/wp-json\/wp\/v2\/product_tag?post=4765"}],"curies":[{"name":"wp","href":"https:\/\/api.w.org\/{rel}","templated":true}]}}