{"id":4759,"date":"2020-05-16T17:49:29","date_gmt":"2020-05-16T14:49:29","guid":{"rendered":"https:\/\/hqstore.ro\/index.php\/product\/routere-wireless-router-wireless-asus-rt-ax58u-standard-retea-ieee-802-11a-ieee-802-11b-rt-ax58u\/"},"modified":"2023-05-19T21:53:54","modified_gmt":"2023-05-19T18:53:54","slug":"routere-wireless-router-wireless-asus-rt-ax58u-ax3000-wi-fi-6-dual-band-gigabit-rt-ax58u","status":"publish","type":"product","link":"https:\/\/hqstore.ro\/index.php\/product\/routere-wireless-router-wireless-asus-rt-ax58u-ax3000-wi-fi-6-dual-band-gigabit-rt-ax58u\/","title":{"rendered":"Router Wireless Asus RT-AX58U, AX3000, Wi-Fi 6, Dual-Band, Gigabit"},"content":{"rendered":"<p>Router Wireless Asus RT-AX58U; Standard re\u021bea: IEEE 802.11a, IEEE 802.11b, IEEE 802.11g, IEEE 802.11n, IEEE 802.11ac, IEEE 802.11ax, IPv4, IPv6; Segment produs: Performan\u021b\u0103 AX Extrem\u0103 AX3000; Rata Datelor: 802.11ax (2.4GHz) : up to 574 Mbps, 802.11ax (5GHz) : up to 2402 Mbps; 4 * anten\u0103 extern\u0103; Procesor: tri-core la 1.5GHz; Memorie: 256 MB Flash, 512GB RAM; Frecven\u021ba de operare: 2.4 GHz\/ 5 GHz; Porturi: RJ45 for Gigabits BaseT for WAN x 1, RJ45 for Gigabits BaseT for LAN x 4 USB 3.1 Gen 1 x 1; Surs\u0103 curent: Intrare AC 110V~240V(50~ 60Hz),Ie\u015fire DC 19 V cu max. 1.75 A.<\/p>\n","protected":false},"excerpt":{"rendered":"<p>Router Wireless Asus RT-AX58U; Standard re\u021bea: IEEE 802.11a, IEEE 802.11b, IEEE 802.11g, IEEE 802.11n, IEEE 802.11ac, IEEE 802.11ax, IPv4, IPv6; Segment produs: Performan\u021b\u0103 AX Extrem\u0103 AX3000; Rata Datelor: 802.11ax (2.4GHz) : up to 574 Mbps, 802.11ax (5GHz) : up to 2402 Mbps; 4 * anten\u0103 extern\u0103; Procesor: tri-core la 1.5GHz; Memorie: 256 MB Flash, 512GB<span class=\"read-more-faq\"><a href=\"https:\/\/hqstore.ro\/index.php\/product\/routere-wireless-router-wireless-asus-rt-ax58u-ax3000-wi-fi-6-dual-band-gigabit-rt-ax58u\/\">Read More<\/a><\/span><\/p>\n","protected":false},"featured_media":4760,"comment_status":"open","ping_status":"closed","template":"","meta":[],"product_cat":[335],"product_tag":[],"_links":{"self":[{"href":"https:\/\/hqstore.ro\/index.php\/wp-json\/wp\/v2\/product\/4759"}],"collection":[{"href":"https:\/\/hqstore.ro\/index.php\/wp-json\/wp\/v2\/product"}],"about":[{"href":"https:\/\/hqstore.ro\/index.php\/wp-json\/wp\/v2\/types\/product"}],"replies":[{"embeddable":true,"href":"https:\/\/hqstore.ro\/index.php\/wp-json\/wp\/v2\/comments?post=4759"}],"wp:featuredmedia":[{"embeddable":true,"href":"https:\/\/hqstore.ro\/index.php\/wp-json\/wp\/v2\/media\/4760"}],"wp:attachment":[{"href":"https:\/\/hqstore.ro\/index.php\/wp-json\/wp\/v2\/media?parent=4759"}],"wp:term":[{"taxonomy":"product_cat","embeddable":true,"href":"https:\/\/hqstore.ro\/index.php\/wp-json\/wp\/v2\/product_cat?post=4759"},{"taxonomy":"product_tag","embeddable":true,"href":"https:\/\/hqstore.ro\/index.php\/wp-json\/wp\/v2\/product_tag?post=4759"}],"curies":[{"name":"wp","href":"https:\/\/api.w.org\/{rel}","templated":true}]}}