{"id":47525,"date":"2020-11-20T06:24:56","date_gmt":"2020-11-20T03:24:56","guid":{"rendered":"https:\/\/hqstore.ro\/index.php\/product\/antene-retelistica-2-deco-e42-pack\/"},"modified":"2023-05-15T18:56:42","modified_gmt":"2023-05-15T15:56:42","slug":"routere-wireless-tp-link-sistem-mesh-wi-fi-pentru-intreaga-casa-ac1200-deco-e42-pack2-deco-e42-pack","status":"publish","type":"product","link":"https:\/\/hqstore.ro\/index.php\/product\/routere-wireless-tp-link-sistem-mesh-wi-fi-pentru-intreaga-casa-ac1200-deco-e42-pack2-deco-e42-pack\/","title":{"rendered":"TP-Link Sistem Mesh Wi-Fi pentru \u00eentreaga cas\u0103 AC1200, DECO E4(2-PACK);2"},"content":{"rendered":"<p>TP-Link Sistem Mesh Wi-Fi pentru \u00eentreaga cas\u0103 AC1200, DECO E4(2-PACK);2 10\/100Mbps WAN\/LAN Ports, 1 Power Port, SDRAM: 128 MB, Flash:16 MB, 2 internal dual-band antennas per Deco unit, Standarde Wireless:IEEE 802.11 ac\/n\/a 5 GHz, IEEE 802.11 b\/g\/n 2.4 GHz, Frecven\u021b\u0103: 2.4 GHz and 5 GHz, Rat\u0103 de Semnal: 867 Mbps at 5 GHz, 300 Mbps at 2.4 GHz.<\/p>\n","protected":false},"excerpt":{"rendered":"<p>TP-Link Sistem Mesh Wi-Fi pentru \u00eentreaga cas\u0103 AC1200, DECO E4(2-PACK);2 10\/100Mbps WAN\/LAN Ports, 1 Power Port, SDRAM: 128 MB, Flash:16 MB, 2 internal dual-band antennas per Deco unit, Standarde Wireless:IEEE 802.11 ac\/n\/a 5 GHz, IEEE 802.11 b\/g\/n 2.4 GHz, Frecven\u021b\u0103: 2.4 GHz and 5 GHz, Rat\u0103 de Semnal: 867 Mbps at 5 GHz, 300 Mbps<span class=\"read-more-faq\"><a href=\"https:\/\/hqstore.ro\/index.php\/product\/routere-wireless-tp-link-sistem-mesh-wi-fi-pentru-intreaga-casa-ac1200-deco-e42-pack2-deco-e42-pack\/\">Read More<\/a><\/span><\/p>\n","protected":false},"featured_media":48050,"comment_status":"open","ping_status":"closed","template":"","meta":[],"product_cat":[335],"product_tag":[],"_links":{"self":[{"href":"https:\/\/hqstore.ro\/index.php\/wp-json\/wp\/v2\/product\/47525"}],"collection":[{"href":"https:\/\/hqstore.ro\/index.php\/wp-json\/wp\/v2\/product"}],"about":[{"href":"https:\/\/hqstore.ro\/index.php\/wp-json\/wp\/v2\/types\/product"}],"replies":[{"embeddable":true,"href":"https:\/\/hqstore.ro\/index.php\/wp-json\/wp\/v2\/comments?post=47525"}],"wp:featuredmedia":[{"embeddable":true,"href":"https:\/\/hqstore.ro\/index.php\/wp-json\/wp\/v2\/media\/48050"}],"wp:attachment":[{"href":"https:\/\/hqstore.ro\/index.php\/wp-json\/wp\/v2\/media?parent=47525"}],"wp:term":[{"taxonomy":"product_cat","embeddable":true,"href":"https:\/\/hqstore.ro\/index.php\/wp-json\/wp\/v2\/product_cat?post=47525"},{"taxonomy":"product_tag","embeddable":true,"href":"https:\/\/hqstore.ro\/index.php\/wp-json\/wp\/v2\/product_tag?post=47525"}],"curies":[{"name":"wp","href":"https:\/\/api.w.org\/{rel}","templated":true}]}}