{"id":45892,"date":"2020-10-30T06:51:40","date_gmt":"2020-10-30T03:51:40","guid":{"rendered":"https:\/\/hqstore.ro\/index.php\/product\/antene-retelistica-deco-m41pack\/"},"modified":"2023-02-01T05:24:20","modified_gmt":"2023-02-01T02:24:20","slug":"antene-retelistica-deco-m41pack","status":"publish","type":"product","link":"https:\/\/hqstore.ro\/index.php\/product\/antene-retelistica-deco-m41pack\/","title":{"rendered":"TP-Link Sistem Mesh Wi-Fi pentru \u00eentreaga cas\u0103 AC1200, DECO M4(1-PACK);"},"content":{"rendered":"<p>TP-Link Sistem Mesh Wi-Fi pentru \u00eentreaga cas\u0103 AC1200, DECO M4(1-PACK); Procesor: Quad-core CPU; Interfa\u021b\u0103: 2 Gigabit Ethernet Ports (WAN\/LAN auto-sensing) per Deco unit; 2 internal dual-band antennas per Deco unit; Flash: 16 MB; SDRAM: 128 MB; Standarde Wireless: IEEE 802.11 ac\/n\/a 5 GHz, IEEE 802.11 b\/g\/n 2.4 GHz; Frecven\u021b\u0103: 2.4 GHz and 5 GHz; Rat\u0103 de Semnal: 300 Mbps on 2.4 GHz, 867 Mbps on 5 GHz; Alimentare Extern\u0103: 12 V\/1.2 A;<\/p>\n","protected":false},"excerpt":{"rendered":"<p>TP-Link Sistem Mesh Wi-Fi pentru \u00eentreaga cas\u0103 AC1200, DECO M4(1-PACK); Procesor: Quad-core CPU; Interfa\u021b\u0103: 2 Gigabit Ethernet Ports (WAN\/LAN auto-sensing) per Deco unit; 2 internal dual-band antennas per Deco unit; Flash: 16 MB; SDRAM: 128 MB; Standarde Wireless: IEEE 802.11 ac\/n\/a 5 GHz, IEEE 802.11 b\/g\/n 2.4 GHz; Frecven\u021b\u0103: 2.4 GHz and 5 GHz; Rat\u0103<span class=\"read-more-faq\"><a href=\"https:\/\/hqstore.ro\/index.php\/product\/antene-retelistica-deco-m41pack\/\">Read More<\/a><\/span><\/p>\n","protected":false},"featured_media":45893,"comment_status":"open","ping_status":"closed","template":"","meta":[],"product_cat":[326],"product_tag":[],"_links":{"self":[{"href":"https:\/\/hqstore.ro\/index.php\/wp-json\/wp\/v2\/product\/45892"}],"collection":[{"href":"https:\/\/hqstore.ro\/index.php\/wp-json\/wp\/v2\/product"}],"about":[{"href":"https:\/\/hqstore.ro\/index.php\/wp-json\/wp\/v2\/types\/product"}],"replies":[{"embeddable":true,"href":"https:\/\/hqstore.ro\/index.php\/wp-json\/wp\/v2\/comments?post=45892"}],"wp:featuredmedia":[{"embeddable":true,"href":"https:\/\/hqstore.ro\/index.php\/wp-json\/wp\/v2\/media\/45893"}],"wp:attachment":[{"href":"https:\/\/hqstore.ro\/index.php\/wp-json\/wp\/v2\/media?parent=45892"}],"wp:term":[{"taxonomy":"product_cat","embeddable":true,"href":"https:\/\/hqstore.ro\/index.php\/wp-json\/wp\/v2\/product_cat?post=45892"},{"taxonomy":"product_tag","embeddable":true,"href":"https:\/\/hqstore.ro\/index.php\/wp-json\/wp\/v2\/product_tag?post=45892"}],"curies":[{"name":"wp","href":"https:\/\/api.w.org\/{rel}","templated":true}]}}