{"id":45615,"date":"2020-10-30T06:03:29","date_gmt":"2020-10-30T03:03:29","guid":{"rendered":"https:\/\/hqstore.ro\/index.php\/product\/acces-point-uri-ubiquiti-nano-station-mimo-5-ghz-loco5ac-2-porturi-ethernet-loco5ac\/"},"modified":"2024-03-08T03:32:58","modified_gmt":"2024-03-08T00:32:58","slug":"access-point-mimo-5-ghz-loco5ac","status":"publish","type":"product","link":"https:\/\/hqstore.ro\/index.php\/product\/access-point-mimo-5-ghz-loco5ac\/","title":{"rendered":"Access point Ubiquiti Nano Station LOCO5AC; MIMO 5 GHz"},"content":{"rendered":"<p>Ubiquiti Nano Station MIMO 5 GHz LOCO5AC; 2 porturi Ethernet LAN,rat\u0103 de transfer de date: 10\/100\/1000 Mbps;Memorie intern\u0103: 64Megabites; Procesor Atheros MIPS 74Kc, 560 MHz,;Nivelul de c\u00e2\u015ftig a antenei (max): 16dBi; Puterea consumat\u0103: 9W;Tensiunea de intrare: 24V; Curent de intrare: 0.5A; Culoare: alb; Distan\u0163amaxim\u0103 de operare: 10+km; kit montare pe stalp inclus.<\/p>\n","protected":false},"excerpt":{"rendered":"<p>Ubiquiti Nano Station MIMO 5 GHz LOCO5AC; 2 porturi Ethernet LAN,rat\u0103 de transfer de date: 10\/100\/1000 Mbps;Memorie intern\u0103: 64Megabites; Procesor Atheros MIPS 74Kc, 560 MHz,;Nivelul de c\u00e2\u015ftig a antenei (max): 16dBi; Puterea consumat\u0103: 9W;Tensiunea de intrare: 24V; Curent de intrare: 0.5A; Culoare: alb; Distan\u0163amaxim\u0103 de operare: 10+km; kit montare pe stalp inclus.<\/p>\n","protected":false},"featured_media":45616,"comment_status":"open","ping_status":"closed","template":"","meta":[],"product_cat":[332],"product_tag":[],"_links":{"self":[{"href":"https:\/\/hqstore.ro\/index.php\/wp-json\/wp\/v2\/product\/45615"}],"collection":[{"href":"https:\/\/hqstore.ro\/index.php\/wp-json\/wp\/v2\/product"}],"about":[{"href":"https:\/\/hqstore.ro\/index.php\/wp-json\/wp\/v2\/types\/product"}],"replies":[{"embeddable":true,"href":"https:\/\/hqstore.ro\/index.php\/wp-json\/wp\/v2\/comments?post=45615"}],"wp:featuredmedia":[{"embeddable":true,"href":"https:\/\/hqstore.ro\/index.php\/wp-json\/wp\/v2\/media\/45616"}],"wp:attachment":[{"href":"https:\/\/hqstore.ro\/index.php\/wp-json\/wp\/v2\/media?parent=45615"}],"wp:term":[{"taxonomy":"product_cat","embeddable":true,"href":"https:\/\/hqstore.ro\/index.php\/wp-json\/wp\/v2\/product_cat?post=45615"},{"taxonomy":"product_tag","embeddable":true,"href":"https:\/\/hqstore.ro\/index.php\/wp-json\/wp\/v2\/product_tag?post=45615"}],"curies":[{"name":"wp","href":"https:\/\/api.w.org\/{rel}","templated":true}]}}