{"id":45518,"date":"2020-10-29T14:12:56","date_gmt":"2020-10-29T11:12:56","guid":{"rendered":"https:\/\/hqstore.ro\/index.php\/product\/alte-gadgeturi-garmin-trainer-tacx-flow-smart-caracteristici-fizice-si-performante-t2240-61\/"},"modified":"2023-05-24T22:57:52","modified_gmt":"2023-05-24T19:57:52","slug":"alte-gadgeturi-garmin-trainer-tacx-flow-smart-t2240-61","status":"publish","type":"product","link":"https:\/\/hqstore.ro\/index.php\/product\/alte-gadgeturi-garmin-trainer-tacx-flow-smart-t2240-61\/","title":{"rendered":"Garmin Trainer Tacx Flow Smart"},"content":{"rendered":"<p>Garmin Trainer Tacx Flow Smart  Caracteristici Fizice \u015fi Performan\u0163e DIMENSIUNI LA PLIERE 22,2&#8243; x 16,1&#8243; x 9,7&#8243; (565 x 410 x 245 mm) DIMENSIUNI FIZICE 26,6&#8243; x 25,6&#8243; (675 x 650 mm) GREUTATE 20,7 lbs (9,4 kg)  \u00ceN\u0102L\u0162IME 16,1&#8243; (410 mm) Conectivitate COMUNICA\u0162II WIRELESS Conectivitate ANT+, tehnologie wireless BLUETOOTH  CONTROL PRIN Smartphone, tablet\u0103, computere ANT+ pentru biciclet\u0103, individual, conexiune la computer prin antena ANT+  CITIRE PE Smartphone, tablet\u0103, computer pentru biciclet\u0103, computer cu anten\u0103 ANT+  Indoor Training Features MAGNE\u0162I 6 magne\u0163i TRANSMISIE Rulou, 30 mm CERIN\u0162E DE ECHIPARE ELECTRIC\u0102 110-240 V AXURI ADECVATE L\u0103\u0163ime furc\u0103 spate: curs\u0103 130 mm, MTB 135 mm. Adaptoare disponibile pentru alte l\u0103\u0163imi.  PUTERE MAX. 800 wa\u0163i PANT\u0102 MAX. 0 CUPLU MAX. 15,3 Nm FOR\u0162\u0102 MAX. DE FR\u00c2NARE 45N VOLANT 3,5 lbs (1,6 kg) INER\u0162IA MASEI 26,0 lbs (11,8 kg) CALIBRARE Prin rotirea pedalelor REDARE Vitez\u0103, caden\u0163\u0103, putere ACURATE\u0162E &lt;5% Magne\u0163i 6 magne\u0163i Transmisie Rulou, 30 mm Cerin\u0163e de echipare electric\u0103 110-240 V Axuri adecvate L\u0103\u0163imea furcii spate: cursier\u0103 130 mm, MTB 135 mm. Sunt disponibile adaptoare pentru alte l\u0103\u0163imi Putere max. 800 wa\u0163i Pant\u0103 max. 6% Cuplu max. 15.3 Nm For\u0163\u0103 max. de fr\u00e2nare 45 N Volant 1.6 kg Iner\u0163ia masei 11.8 kg Calibrare Spin down Amprent\u0103 675 x 650 mm \u00cen\u0103l\u0163ime 410 mm Dimensiuni la pliere 565 x 410 x 245 mm Greutate 9.4 kg Comunica\u0163ii wireless Conectivitate ANT+, tehnologie wireless prin Bluetooth Control prin Smartphone, tablet\u0103, computere ANT+ pentru biciclet\u0103, individual, conexiune la computer prin antena ANT+ Redare Vitez\u0103, caden\u0163\u0103, putere Citire pe Smartphone, tablet\u0103, computer pentru biciclet\u0103, computer cu anten\u0103 ANT+ Acurate\u0163e &lt; 5%  https:\/\/buy.garmin.com\/ro-RO\/RO\/p\/690890#specs<\/p>\n","protected":false},"excerpt":{"rendered":"<p>Garmin Trainer Tacx Flow Smart Caracteristici Fizice \u015fi Performan\u0163e DIMENSIUNI LA PLIERE 22,2&#8243; x 16,1&#8243; x 9,7&#8243; (565 x 410 x 245 mm) DIMENSIUNI FIZICE 26,6&#8243; x 25,6&#8243; (675 x 650 mm) GREUTATE 20,7 lbs (9,4 kg) \u00ceN\u0102L\u0162IME 16,1&#8243; (410 mm) Conectivitate COMUNICA\u0162II WIRELESS Conectivitate ANT+, tehnologie wireless BLUETOOTH CONTROL PRIN Smartphone, tablet\u0103, computere ANT+<span class=\"read-more-faq\"><a href=\"https:\/\/hqstore.ro\/index.php\/product\/alte-gadgeturi-garmin-trainer-tacx-flow-smart-t2240-61\/\">Read More<\/a><\/span><\/p>\n","protected":false},"featured_media":53574,"comment_status":"open","ping_status":"closed","template":"","meta":[],"product_cat":[45],"product_tag":[],"_links":{"self":[{"href":"https:\/\/hqstore.ro\/index.php\/wp-json\/wp\/v2\/product\/45518"}],"collection":[{"href":"https:\/\/hqstore.ro\/index.php\/wp-json\/wp\/v2\/product"}],"about":[{"href":"https:\/\/hqstore.ro\/index.php\/wp-json\/wp\/v2\/types\/product"}],"replies":[{"embeddable":true,"href":"https:\/\/hqstore.ro\/index.php\/wp-json\/wp\/v2\/comments?post=45518"}],"wp:featuredmedia":[{"embeddable":true,"href":"https:\/\/hqstore.ro\/index.php\/wp-json\/wp\/v2\/media\/53574"}],"wp:attachment":[{"href":"https:\/\/hqstore.ro\/index.php\/wp-json\/wp\/v2\/media?parent=45518"}],"wp:term":[{"taxonomy":"product_cat","embeddable":true,"href":"https:\/\/hqstore.ro\/index.php\/wp-json\/wp\/v2\/product_cat?post=45518"},{"taxonomy":"product_tag","embeddable":true,"href":"https:\/\/hqstore.ro\/index.php\/wp-json\/wp\/v2\/product_tag?post=45518"}],"curies":[{"name":"wp","href":"https:\/\/api.w.org\/{rel}","templated":true}]}}