{"id":41136,"date":"2020-10-28T23:31:27","date_gmt":"2020-10-28T20:31:27","guid":{"rendered":"https:\/\/hqstore.ro\/index.php\/product\/laptopuri-workstation-mobile-precision-3540-intel-core-i7-8565u-8gb-256gb-ssd-n021p3540emea\/"},"modified":"2023-02-11T09:53:58","modified_gmt":"2023-02-11T06:53:58","slug":"laptopuri-workstation-mobile-precision-3540-intel-core-i7-8565u-8gb-256gb-ssd-n021p3540emea","status":"publish","type":"product","link":"https:\/\/hqstore.ro\/index.php\/product\/laptopuri-workstation-mobile-precision-3540-intel-core-i7-8565u-8gb-256gb-ssd-n021p3540emea\/","title":{"rendered":"Workstation Mobile Precision 3540, Intel Core i7-8565U, 8GB, 256GB SSD,"},"content":{"rendered":"<p><span style=\"font-family: Arial;font-size: 12px\"><\/span><\/p>\n<div class=\"tabFeature inlineContent\" style=\"margin-top: 15px;margin-bottom: 15px;vertical-align: baseline;background-position: initial;background-color: #eeeeee;font-size: 13px;color: #000000;font-family: roboto, Arial, Helvetica, sans-serif\">\n<div class=\"topImgContainer\" style=\"margin-bottom: 30px;vertical-align: baseline;background-position: initial\">\n<div class=\"topImg \" style=\"margin-top: 20px;margin-bottom: 20px;vertical-align: baseline;background-position: initial;text-align: center\"><img decoding=\"async\" alt=\"Asigura\u021bi-v\u0103 mobilitatea. P\u0103stra\u021bi-v\u0103 puterea de calcul.\" src=\"https:\/\/i.dell.com\/is\/image\/DellContent\/\/content\/dam\/global-site-design\/product_images\/dell_client_products\/workstations\/mobile_workstations\/precision\/15_3540\/pdp\/laptop-precision-3540-pdp-2.jpg?fmt=jpg\" title=\"Asigura\u021bi-v\u0103 mobilitatea. P\u0103stra\u021bi-v\u0103 puterea de calcul.\" style=\"vertical-align: baseline;background-position: initial\" \/><\/div>\n<h2 style=\"margin-top: 20px;margin-bottom: 10px;padding-bottom: 10px;vertical-align: baseline;background-position: initial;font-size: 1.153em;color: #000000;font-weight: bold;line-height: 1.154em\">Asigura\u021bi-v\u0103 mobilitatea. P\u0103stra\u021bi-v\u0103 puterea de calcul.<\/h2>\n<div class=\"bottomContent inlineContent\" style=\"margin-right: 10px;vertical-align: baseline;background-position: initial;color: #000000;line-height: 1.42em\"><strong style=\"vertical-align: baseline;background-position: initial\">Inova\u021bie revolu\u021bionar\u0103:<\/strong>&nbsp;cu o greutate &icirc;ncep&acirc;nd de la doar 1,83 kg (4,04 lb), sta\u021bia de lucru Precision 3540 are drept punct forte mobilitatea. Este realizat\u0103 din materiale de calitate superioar\u0103, cu o greutate de p&acirc;n\u0103 la 10&nbsp;% mai redus\u0103 \u0219i are o autonomie extraordinar\u0103 de func\u021bionare a bateriei.<br style=\"clear: both\" \/><br style=\"clear: both\" \/><strong style=\"vertical-align: baseline;background-position: initial\">ProductivItate mai ridicat\u0103:<\/strong>&nbsp;afi\u0219ajul cu margini &icirc;nguste v\u0103 ofer\u0103 mai mult spa\u021biu de ecran pe sta\u021bia de lucru mobil\u0103 de 15&rdquo; (38 cm), ceea ce faciliteaz\u0103 vizualizarea aplica\u021biilor CAD \u0219i a foilor de calcul Excel cu volum mare de date.<br style=\"clear: both\" \/><br style=\"clear: both\" \/><strong style=\"vertical-align: baseline;background-position: initial\">Performan\u021b\u0103 uimitoare:<\/strong>&nbsp;sta\u021bia de lucru Precision 3540 este echipat\u0103 complet cu procesoare de p&acirc;n\u0103 la cele mai recente modele Intel<span style=\"vertical-align: baseline;background-position: initial;font-size: 0.846em\">&reg;<\/span>&nbsp;Core&trade; i7 (Quad-Core), perfecte pentru aplica\u021bii CAD solicitante \u0219i foi de calcul cu volum mare de date.<br style=\"clear: both\" \/><br style=\"clear: both\" \/><strong style=\"vertical-align: baseline;background-position: initial\">Plac\u0103 grafic\u0103 profesional\u0103:<\/strong>&nbsp;bucura\u021bi-v\u0103 de performan\u021be excep\u021bionale pentru orice, de la foi de calcul cu volum mare la aplica\u021bii CAD 2D \u0219i 3D entry-level cu ajutorul pl\u0103cii grafice op\u021bionale AMD Radeon<span style=\"vertical-align: baseline;background-position: initial;font-size: 0.846em\">&reg;<\/span>&nbsp;Pro de genera\u021bie urm\u0103toare, cu memorie de 2 GB.<br style=\"clear: both\" \/><br style=\"clear: both\" \/><strong style=\"vertical-align: baseline;background-position: initial\">Memorie rapid\u0103:<\/strong>&nbsp;accelera\u021bi fluxurile de lucru \u0219i &icirc;mbun\u0103t\u0103\u021bi\u021bi timpul de r\u0103spuns cu memoria de mare vitez\u0103 de p&acirc;n\u0103 la 32 GB la 2.400 MHz<a class=\"technote microcontent\" rel=\"technotes:system-memory-graphic\" href=\"https:\/\/www.dell.com\/mc.ashx?id=technotes:system-memory-graphic&amp;c=ro&amp;l=ro&amp;s=bsd&amp;modalwidth=400&amp;modalHeight=150&amp;ovropac=0&amp;modalscroll=yes&amp;modaltarget=div&amp;modaltype=tooltip&amp;position=bottom&amp;title=Detalii%20importante&amp;flip=false&amp;eventType=rollover\" name=\"modalPopup\" style=\"vertical-align: 0px;background-position: initial;font-size: 1.1em;color: #006699\"><span style=\"vertical-align: baseline;background-position: initial;font-weight: bold;color: #999999;font-size: 0.769em\">1<\/span><\/a>.<br style=\"clear: both\" \/><br style=\"clear: both\" \/><strong style=\"vertical-align: baseline;background-position: initial\">Versatilitate la cel mai &icirc;nalt nivel:<\/strong>&nbsp;r\u0103m&acirc;ne\u021bi conectat la toate instrumentele de care ave\u021bi nevoie cu ajutorul porturilor de tip Thunderbolt&trade;, HDMI, USB \u0219i multe altele.<br style=\"clear: both\" \/><br style=\"clear: both\" \/><strong style=\"vertical-align: baseline;background-position: initial\">Fiabilitate vital\u0103:<\/strong>&nbsp;beneficia\u021bi de o autonomie extraordinar\u0103 de func\u021bionare a bateriei cu ajutorul bateriei op\u021bionale cu 4 elemente, de 68 Wh, cu capacitate ExpressCharge. Pute\u021bi &icirc;ncepe s\u0103 lucra\u021bi rapid \u0219i s\u0103 v\u0103 men\u021bine\u021bi productivitatea.<br style=\"clear: both\" \/><br style=\"clear: both\" \/><strong style=\"vertical-align: baseline;background-position: initial\">Stoca\u021bi-v\u0103 crea\u021biile:<\/strong>&nbsp;p\u0103stra\u021bi-v\u0103 proiectele &icirc;n memoria local\u0103 cu un spa\u021biu de stocare de mare vitez\u0103 de p&acirc;n\u0103 la 2 TB<a class=\"technote microcontent\" rel=\"technotes:hard-drive-capacity1\" href=\"https:\/\/www.dell.com\/mc.ashx?id=technotes:hard-drive-capacity1&amp;c=ro&amp;l=ro&amp;s=bsd&amp;modalwidth=400&amp;modalHeight=150&amp;ovropac=0&amp;modalscroll=yes&amp;modaltarget=div&amp;modaltype=tooltip&amp;position=bottom&amp;title=Detalii%20importante&amp;flip=false&amp;eventType=rollover\" name=\"modalPopup\" style=\"vertical-align: 0px;background-position: initial;font-size: 1.1em;color: #006699\"><span style=\"vertical-align: baseline;background-position: initial;font-weight: bold;color: #999999;font-size: 0.769em\">2<\/span><\/a>.<\/div>\n<\/div>\n<\/div>\n<div class=\"tabFeature inlineContent\" style=\"margin-top: 15px;margin-bottom: 15px;vertical-align: baseline;background-position: initial;background-color: #eeeeee;font-size: 13px;color: #000000;font-family: roboto, Arial, Helvetica, sans-serif\">\n<div class=\"leftImgContainer\" style=\"vertical-align: baseline;background-position: initial\"><img decoding=\"async\" alt=\"&Icirc;mbun\u0103t\u0103\u021bi\u021bi productivitatea cu ajutorul instrumentului Dell Precision Optimizer\" src=\"https:\/\/i.dell.com\/is\/image\/DellContent\/\/content\/dam\/global-site-design\/product_images\/dell_client_products\/workstations\/mobile_workstations\/precision\/15_3540\/pdp\/laptop-precision-3540-pdp-4.jpg?fmt=jpg\" title=\"&Icirc;mbun\u0103t\u0103\u021bi\u021bi productivitatea cu ajutorul instrumentului Dell Precision Optimizer\" style=\"padding-top: 1px;padding-right: 30px;vertical-align: baseline;background-position: initial;float: left\" \/><\/p>\n<div class=\"rightContent inlineContent\" style=\"margin-right: 10px;vertical-align: baseline;background-position: initial;color: #000000;height: 293.636px;line-height: 1.42em;overflow: hidden\">\n<h2 style=\"margin-top: 20px;margin-bottom: 10px;padding-bottom: 10px;vertical-align: baseline;background-position: initial;font-size: 1.153em;color: #000000;font-weight: bold;line-height: 1.154em\">&Icirc;mbun\u0103t\u0103\u021bi\u021bi productivitatea cu ajutorul instrumentului Dell Precision Optimizer<\/h2>\n<p><span style=\"vertical-align: baseline;background-position: initial\"><strong style=\"vertical-align: baseline;background-position: initial\">Performan\u021b\u0103 optimizat\u0103:<\/strong>&nbsp;fiind inclus gratuit &icirc;n sta\u021bia de lucru Precision, Dell Precision Optimizer ofer\u0103 o optimizare mai rapid\u0103 a aplica\u021biilor. De asemenea, regleaz\u0103 automat sta\u021bia dvs. de lucru astfel &icirc;nc&acirc;t s\u0103 ruleze aplica\u021biile ISV (Independent Software Vendor &ndash; Furnizor independent de software) populare la cele mai mari viteze posibile, dispune de actualiz\u0103ri de sistem automatizate \u0219i ofer\u0103 analize pentru eliminarea g&acirc;tuirilor de resurse.<br style=\"clear: both\" \/><br style=\"clear: both\" \/><strong style=\"vertical-align: baseline;background-position: initial\">Performan\u021b\u0103 personalizat\u0103 de nivel premium:<\/strong>&nbsp;face\u021bi upgrade la versiunea premium Dell Precision Optimizer, primul software de optimizare a performan\u021belor pentru sta\u021biile de lucru bazat pe inteligen\u021ba artificial\u0103<a class=\"technote microcontent\" rel=\"technotes:DPO-claims\" href=\"https:\/\/www.dell.com\/mc.ashx?id=technotes:DPO-claims&amp;c=ro&amp;l=ro&amp;s=bsd&amp;modalwidth=400&amp;modalHeight=150&amp;ovropac=0&amp;modalscroll=yes&amp;modaltarget=div&amp;modaltype=tooltip&amp;position=bottom&amp;title=Detalii%20importante&amp;flip=false&amp;eventType=rollover\" name=\"modalPopup\" style=\"vertical-align: 0px;background-position: initial;font-size: 1.1em;color: #006699\"><span style=\"vertical-align: baseline;background-position: initial;font-weight: bold;color: #999999;font-size: 0.769em\">3<\/span><\/a>. Acest program &icirc;nva\u021b\u0103 comportamentul oric\u0103rei aplica\u021bii specificate de utilizator, identific\u0103 oportunit\u0103\u021bile de optimizare utiliz&acirc;nd &icirc;nv\u0103\u021barea programat\u0103 \u0219i aplic\u0103 &icirc;mbun\u0103t\u0103\u021birile de performan\u021b\u0103.<\/span><\/div>\n<div class=\"allPurposeClear\" style=\"vertical-align: baseline;background-position: initial;clear: both\"><\/div>\n<\/div>\n<\/div>\n<div class=\"tabFeature inlineContent\" style=\"margin-top: 15px;margin-bottom: 15px;vertical-align: baseline;background-position: initial;background-color: #eeeeee;font-size: 13px;color: #000000;font-family: roboto, Arial, Helvetica, sans-serif\">\n<div class=\"rightImgContainer\" style=\"margin-bottom: 30px;vertical-align: baseline;background-position: initial;width: 925px\"><img decoding=\"async\" alt=\"Privat, sigur, productiv\" src=\"https:\/\/i.dell.com\/is\/image\/DellContent\/\/content\/dam\/global-site-design\/product_images\/dell_client_products\/workstations\/mobile_workstations\/precision\/15_3540\/pdp\/laptop-precision-3540-pdp-5.jpg?fmt=jpg\" title=\"Privat, sigur, productiv\" style=\"padding-top: 8px;padding-left: 30px;vertical-align: baseline;background-position: initial;float: right\" \/><\/p>\n<div class=\"leftContent inlineContent\" style=\"margin-right: 10px;vertical-align: baseline;background-position: initial;color: #000000;height: 220.909px;line-height: 1.42em;overflow: hidden\">\n<h2 style=\"margin-top: 20px;margin-bottom: 10px;padding-bottom: 10px;vertical-align: baseline;background-position: initial;font-size: 1.153em;color: #000000;font-weight: bold;line-height: 1.154em\">Privat, sigur, productiv<\/h2>\n<p><span style=\"vertical-align: baseline;background-position: initial\"><strong style=\"vertical-align: baseline;background-position: initial\">Productivitate la &icirc;ndem&acirc;n\u0103:<\/strong>&nbsp;cititorul de amprente Hello op\u021bional asigur\u0103 faptul c\u0103 dvs. \u0219i numai dvs. v\u0103 pute\u021bi accesa proiectele. Pune\u021bi degetul pe senzor \u0219i, pur \u0219i simplu, sunte\u021bi preg\u0103tit s\u0103 &icirc;ndeplini\u021bi sarcinile urm\u0103toare.&nbsp;<br style=\"clear: both\" \/><br style=\"clear: both\" \/><strong style=\"vertical-align: baseline;background-position: initial\">Cu Precision, confiden\u021bialitatea este asigurat\u0103:<\/strong>&nbsp;o nou\u0103 caracteristic\u0103 pentru toate sta\u021biile de lucru Precision, un obturator pentru camer\u0103, care asigur\u0103 faptul c\u0103 alte persoane nu v\u0103 pot vedea prin lentil\u0103. Acum pute\u021bi &icirc;nchide manual obturatorul pentru intimitate sau &icirc;l pute\u021bi deschide atunci c&acirc;nd dori\u021bi s\u0103 face\u021bi o conferin\u021b\u0103 video sau s\u0103 realiza\u021bi fotografii.<\/span><\/div>\n<div class=\"allPurposeClear\" style=\"vertical-align: baseline;background-position: initial;clear: both\"><\/div>\n<\/div>\n<\/div>\n<div class=\"tabFeature inlineContent\" style=\"margin-top: 15px;margin-bottom: 15px;vertical-align: baseline;background-position: initial;background-color: #eeeeee;font-size: 13px;color: #000000;font-family: roboto, Arial, Helvetica, sans-serif\">\n<div class=\"leftImgContainer\" style=\"vertical-align: baseline;background-position: initial\"><img decoding=\"async\" alt=\"Certificare ISV (Independent Software Vendor &ndash; Furnizor independent de software)\" src=\"https:\/\/i.dell.com\/is\/image\/DellContent\/\/content\/dam\/global-site-design\/product_images\/dell_client_products\/workstations\/mobile_workstations\/precision\/15_3540\/pdp\/laptop-precision-3540-pdp-6.jpg?fmt=jpg\" title=\"Certificare ISV (Independent Software Vendor &ndash; Furnizor independent de software)\" style=\"padding-top: 1px;padding-right: 30px;vertical-align: baseline;background-position: initial;float: left\" \/><\/p>\n<div class=\"rightContent inlineContent\" style=\"margin-right: 10px;vertical-align: baseline;background-position: initial;color: #000000;height: 109.091px;line-height: 1.42em;overflow: hidden\"><span style=\"vertical-align: baseline;background-position: initial\"><strong style=\"vertical-align: baseline;background-position: initial\">Certificare de la furnizori independen\u021bi de software (ISV)<\/strong>: sta\u021biile de lucru Precision sunt testate pentru a asigura func\u021bionarea perfect\u0103 a aplica\u021biilor cu performan\u021b\u0103 ridicat\u0103 pe care v\u0103 baza\u021bi &icirc;n fiecare zi. Sta\u021bia de lucru Dell are certificare ISV pentru cele mai populare aplica\u021bii software independente.<br style=\"clear: both\" \/><br style=\"clear: both\" \/><a href=\"http:\/\/precisionworkstations.com\/\" target=\"_blank\" rel=\"noopener\" style=\"vertical-align: baseline;background-position: initial;color: #006699\">Afla\u021bi mai multe<\/a>&nbsp;(&icirc;n limba englez\u0103)<\/span><\/div>\n<div class=\"allPurposeClear\" style=\"vertical-align: baseline;background-position: initial;clear: both\"><\/div>\n<\/div>\n<\/div>\n<div class=\"tabFeature inlineContent\" style=\"margin-top: 15px;margin-bottom: 15px;vertical-align: baseline;background-position: initial;background-color: #eeeeee;font-size: 13px;color: #000000;font-family: roboto, Arial, Helvetica, sans-serif\">\n<div class=\"topImgContainer\" style=\"margin-bottom: 30px;vertical-align: baseline;background-position: initial\">\n<div class=\"topImg \" style=\"margin-top: 20px;margin-bottom: 20px;vertical-align: baseline;background-position: initial;text-align: center\"><img decoding=\"async\" alt=\"Porturi \u0219i sloturi\" src=\"https:\/\/i.dell.com\/is\/image\/DellContent\/\/content\/dam\/global-site-design\/product_images\/dell_client_products\/workstations\/mobile_workstations\/precision\/15_3540\/pdp\/laptop-precision-3540-pdp-7.jpg?qlt=95&amp;fit=constrain,1&amp;hei=380&amp;wid=910&amp;fmt=jpg\" title=\"Porturi \u0219i sloturi\" style=\"vertical-align: baseline;background-position: initial\" \/><\/div>\n<h2 style=\"margin-top: 20px;margin-bottom: 10px;padding-bottom: 10px;vertical-align: baseline;background-position: initial;font-size: 1.153em;color: #000000;font-weight: bold;line-height: 1.154em\">Porturi \u0219i sloturi<\/h2>\n<div class=\"bottomContent inlineContent\" style=\"margin-right: 10px;vertical-align: baseline;background-position: initial;color: #000000;line-height: 1.42em\">1. Cititor de carduri de memorie | 2. Muf\u0103 pentru c\u0103\u0219ti | 3. Port USB 3.1 din prima genera\u021bie | 4. Port USB 3.1 din prima genera\u021bie, cu PowerShare | 5. Port HDMI | 6. Port RJ-45 | 7. &Icirc;ncuietoare de securitate | 8. Port pentru adaptorul de alimentare | 9. Port USB-C cu caracteristic\u0103 Thunderbolt&trade; op\u021bional\u0103 | 10. Port USB 3.1 din prima genera\u021bie | 11. Cititor de smart card-uri (op\u021bional)<\/div>\n<\/div>\n<\/div>\n<div class=\"tabFeature inlineContent\" style=\"margin-top: 15px;margin-bottom: 15px;vertical-align: baseline;background-position: initial;background-color: #eeeeee;font-size: 13px;color: #000000;font-family: roboto, Arial, Helvetica, sans-serif\">\n<div class=\"topImgContainer\" style=\"margin-bottom: 30px;vertical-align: baseline;background-position: initial\">\n<div class=\"topImg \" style=\"margin-top: 20px;margin-bottom: 20px;vertical-align: baseline;background-position: initial;text-align: center\"><img decoding=\"async\" alt=\"Dimensiuni \u0219i greutate\" src=\"https:\/\/i.dell.com\/is\/image\/DellContent\/\/content\/dam\/global-site-design\/product_images\/dell_client_products\/workstations\/mobile_workstations\/precision\/15_3540\/pdp\/laptop-precision-3540-pdp-8.jpg?fmt=jpg\" title=\"Dimensiuni \u0219i greutate\" style=\"vertical-align: baseline;background-position: initial\" \/><\/div>\n<h2 style=\"margin-top: 20px;margin-bottom: 10px;padding-bottom: 10px;vertical-align: baseline;background-position: initial;font-size: 1.153em;color: #000000;font-weight: bold;line-height: 1.154em\">Dimensiuni \u0219i greutate<\/h2>\n<div class=\"bottomContent inlineContent\" style=\"margin-right: 10px;vertical-align: baseline;background-position: initial;color: #000000;line-height: 1.42em\">1. &Icirc;n\u0103l\u021bime: 20,35 mm (0,80&#8243;) | 2. L\u0103\u021bime: 359,1 mm (14,14&#8243;) | 3. Ad&acirc;ncime: 236,2 mm (9,30&#8243;) | Greutate minim\u0103: 1,83 kg (4,04 lb)<a class=\"technote microcontent\" rel=\"technotes:weight-vary\" href=\"https:\/\/www.dell.com\/mc.ashx?id=technotes:weight-vary&amp;c=ro&amp;l=ro&amp;s=bsd&amp;modalwidth=400&amp;modalHeight=150&amp;ovropac=0&amp;modalscroll=yes&amp;modaltarget=div&amp;modaltype=tooltip&amp;position=bottom&amp;title=Detalii%20importante&amp;flip=false&amp;eventType=rollover\" name=\"modalPopup\" style=\"vertical-align: 0px;background-position: initial;font-size: 1.1em;color: #006699\"><span style=\"vertical-align: baseline;background-position: initial;font-weight: bold;color: #999999;font-size: 0.769em\">4<\/span><\/a><\/div>\n<\/div>\n<\/div>\n","protected":false},"excerpt":{"rendered":"<p>Asigura\u021bi-v\u0103 mobilitatea. P\u0103stra\u021bi-v\u0103 puterea de calcul. Inova\u021bie revolu\u021bionar\u0103:&nbsp;cu o greutate &icirc;ncep&acirc;nd de la doar 1,83 kg (4,04 lb), sta\u021bia de lucru Precision 3540 are drept punct forte mobilitatea. Este realizat\u0103 din materiale de calitate superioar\u0103, cu o greutate de p&acirc;n\u0103 la 10&nbsp;% mai redus\u0103 \u0219i are o autonomie extraordinar\u0103 de func\u021bionare a bateriei.ProductivItate mai ridicat\u0103:&nbsp;afi\u0219ajul<span class=\"read-more-faq\"><a href=\"https:\/\/hqstore.ro\/index.php\/product\/laptopuri-workstation-mobile-precision-3540-intel-core-i7-8565u-8gb-256gb-ssd-n021p3540emea\/\">Read More<\/a><\/span><\/p>\n","protected":false},"featured_media":41137,"comment_status":"open","ping_status":"closed","template":"","meta":[],"product_cat":[209],"product_tag":[],"_links":{"self":[{"href":"https:\/\/hqstore.ro\/index.php\/wp-json\/wp\/v2\/product\/41136"}],"collection":[{"href":"https:\/\/hqstore.ro\/index.php\/wp-json\/wp\/v2\/product"}],"about":[{"href":"https:\/\/hqstore.ro\/index.php\/wp-json\/wp\/v2\/types\/product"}],"replies":[{"embeddable":true,"href":"https:\/\/hqstore.ro\/index.php\/wp-json\/wp\/v2\/comments?post=41136"}],"wp:featuredmedia":[{"embeddable":true,"href":"https:\/\/hqstore.ro\/index.php\/wp-json\/wp\/v2\/media\/41137"}],"wp:attachment":[{"href":"https:\/\/hqstore.ro\/index.php\/wp-json\/wp\/v2\/media?parent=41136"}],"wp:term":[{"taxonomy":"product_cat","embeddable":true,"href":"https:\/\/hqstore.ro\/index.php\/wp-json\/wp\/v2\/product_cat?post=41136"},{"taxonomy":"product_tag","embeddable":true,"href":"https:\/\/hqstore.ro\/index.php\/wp-json\/wp\/v2\/product_tag?post=41136"}],"curies":[{"name":"wp","href":"https:\/\/api.w.org\/{rel}","templated":true}]}}