{"id":36420,"date":"2020-10-28T16:09:58","date_gmt":"2020-10-28T13:09:58","guid":{"rendered":"https:\/\/hqstore.ro\/index.php\/product\/detectori-contact-magnetic-wireless-axpro-hikvision-ds-pdmcs-eg2-we-frecventa-operare-868-mhz-ds-pdmcs-eg2-we\/"},"modified":"2023-05-23T23:01:08","modified_gmt":"2023-05-23T20:01:08","slug":"detectori-contact-magnetic-wireless-axpro-hikvision-ds-pdmcs-eg2-we-frecventa-operare-868-mhz-ds-pdmcs-eg2-we","status":"publish","type":"product","link":"https:\/\/hqstore.ro\/index.php\/product\/detectori-contact-magnetic-wireless-axpro-hikvision-ds-pdmcs-eg2-we-frecventa-operare-868-mhz-ds-pdmcs-eg2-we\/","title":{"rendered":"Contact magnetic wireless AXPRO Hikvision DS-PDMCS-EG2-WE, frecventa operare: 868 MHz,"},"content":{"rendered":"<p>Contact magnetic wireless AXPRO Hikvision DS-PDMCS-EG2-WE, frecventa operare: 868 MHz, transmisie:  Tri-X Wireless, criptare: AES-128, distanta comunicare: 1200 m in camp deschis, metoda de detectie: deschidere contact, SSI(Signal Strength Indicators), Environment Temperature Indication, indicator LED: Alarm (blue), 2 x tamper, complet configurabil la distan\u021b\u0103 prin APP, baterie: CR2450 x 1 (inclusa), dimensiuni: 29mm \u00d7 69mm \u00d7 10mm si 14mm \u00d7 69mm \u00d7 10mm, greutate: 38 g<\/p>\n","protected":false},"excerpt":{"rendered":"<p>Contact magnetic wireless AXPRO Hikvision DS-PDMCS-EG2-WE, frecventa operare: 868 MHz, transmisie: Tri-X Wireless, criptare: AES-128, distanta comunicare: 1200 m in camp deschis, metoda de detectie: deschidere contact, SSI(Signal Strength Indicators), Environment Temperature Indication, indicator LED: Alarm (blue), 2 x tamper, complet configurabil la distan\u021b\u0103 prin APP, baterie: CR2450 x 1 (inclusa), dimensiuni: 29mm \u00d7 69mm<span class=\"read-more-faq\"><a href=\"https:\/\/hqstore.ro\/index.php\/product\/detectori-contact-magnetic-wireless-axpro-hikvision-ds-pdmcs-eg2-we-frecventa-operare-868-mhz-ds-pdmcs-eg2-we\/\">Read More<\/a><\/span><\/p>\n","protected":false},"featured_media":36421,"comment_status":"open","ping_status":"closed","template":"","meta":[],"product_cat":[371],"product_tag":[],"_links":{"self":[{"href":"https:\/\/hqstore.ro\/index.php\/wp-json\/wp\/v2\/product\/36420"}],"collection":[{"href":"https:\/\/hqstore.ro\/index.php\/wp-json\/wp\/v2\/product"}],"about":[{"href":"https:\/\/hqstore.ro\/index.php\/wp-json\/wp\/v2\/types\/product"}],"replies":[{"embeddable":true,"href":"https:\/\/hqstore.ro\/index.php\/wp-json\/wp\/v2\/comments?post=36420"}],"wp:featuredmedia":[{"embeddable":true,"href":"https:\/\/hqstore.ro\/index.php\/wp-json\/wp\/v2\/media\/36421"}],"wp:attachment":[{"href":"https:\/\/hqstore.ro\/index.php\/wp-json\/wp\/v2\/media?parent=36420"}],"wp:term":[{"taxonomy":"product_cat","embeddable":true,"href":"https:\/\/hqstore.ro\/index.php\/wp-json\/wp\/v2\/product_cat?post=36420"},{"taxonomy":"product_tag","embeddable":true,"href":"https:\/\/hqstore.ro\/index.php\/wp-json\/wp\/v2\/product_tag?post=36420"}],"curies":[{"name":"wp","href":"https:\/\/api.w.org\/{rel}","templated":true}]}}