{"id":35190,"date":"2020-10-28T14:26:18","date_gmt":"2020-10-28T11:26:18","guid":{"rendered":"https:\/\/hqstore.ro\/index.php\/product\/televizoare-televizor-led-samsung-85-ue82tu8072uxxh-208-cm-82-crystal-uhd-ue82tu8072uxxh\/"},"modified":"2020-11-09T11:42:51","modified_gmt":"2020-11-09T08:42:51","slug":"televizoare-televizor-led-samsung-85-ue82tu8072uxxh-208-cm-82-crystal-uhd-ue82tu8072uxxh","status":"publish","type":"product","link":"https:\/\/hqstore.ro\/index.php\/product\/televizoare-televizor-led-samsung-85-ue82tu8072uxxh-208-cm-82-crystal-uhd-ue82tu8072uxxh\/","title":{"rendered":"Televizor LED SAMSUNG 85&#034; UE82TU8072UXXH, 208 cm (82&#034;) Crystal UHD"},"content":{"rendered":"<p>Televizor LED SAMSUNG 85&#8243; UE82TU8072UXXH, 208 cm (82&#8243;) Crystal UHD 4K Smart TV, LED, 3,840 x 2,160, Procesor Crystal 4K, HDR 10+, Mega Contrast, UHD Dimming, Dolby Digital Plus, Dialog Enhancement, RMS*20W, Tizen\u2122, Browser Web, WiFi Direct, DVB-T2CS2, CI+(1.4), 3*HDMI, 2*USB, Ethernet (LAN), Slot CI, Wireless LAN integrat, Bluetooth, 3 laturi f\u0103r\u0103 ram\u0103, NEGRU<\/p>\n","protected":false},"excerpt":{"rendered":"<p>Televizor LED SAMSUNG 85&#8243; UE82TU8072UXXH, 208 cm (82&#8243;) Crystal UHD 4K Smart TV, LED, 3,840 x 2,160, Procesor Crystal 4K, HDR 10+, Mega Contrast, UHD Dimming, Dolby Digital Plus, Dialog Enhancement, RMS*20W, Tizen\u2122, Browser Web, WiFi Direct, DVB-T2CS2, CI+(1.4), 3*HDMI, 2*USB, Ethernet (LAN), Slot CI, Wireless LAN integrat, Bluetooth, 3 laturi f\u0103r\u0103 ram\u0103, NEGRU<\/p>\n","protected":false},"featured_media":35191,"comment_status":"open","ping_status":"closed","template":"","meta":[],"product_cat":[76],"product_tag":[],"_links":{"self":[{"href":"https:\/\/hqstore.ro\/index.php\/wp-json\/wp\/v2\/product\/35190"}],"collection":[{"href":"https:\/\/hqstore.ro\/index.php\/wp-json\/wp\/v2\/product"}],"about":[{"href":"https:\/\/hqstore.ro\/index.php\/wp-json\/wp\/v2\/types\/product"}],"replies":[{"embeddable":true,"href":"https:\/\/hqstore.ro\/index.php\/wp-json\/wp\/v2\/comments?post=35190"}],"wp:featuredmedia":[{"embeddable":true,"href":"https:\/\/hqstore.ro\/index.php\/wp-json\/wp\/v2\/media\/35191"}],"wp:attachment":[{"href":"https:\/\/hqstore.ro\/index.php\/wp-json\/wp\/v2\/media?parent=35190"}],"wp:term":[{"taxonomy":"product_cat","embeddable":true,"href":"https:\/\/hqstore.ro\/index.php\/wp-json\/wp\/v2\/product_cat?post=35190"},{"taxonomy":"product_tag","embeddable":true,"href":"https:\/\/hqstore.ro\/index.php\/wp-json\/wp\/v2\/product_tag?post=35190"}],"curies":[{"name":"wp","href":"https:\/\/api.w.org\/{rel}","templated":true}]}}