{"id":35170,"date":"2020-10-28T14:24:57","date_gmt":"2020-10-28T11:24:57","guid":{"rendered":"https:\/\/hqstore.ro\/index.php\/product\/televizoare-televizor-philips-43pfs5525-12-led-43-full-hd-108-cm-43pfs5525-12\/"},"modified":"2023-05-30T00:50:21","modified_gmt":"2023-05-29T21:50:21","slug":"televizoare-televizor-philips-43pfs5525-12-led-43-full-hd-108-cm-43pfs5525-12","status":"publish","type":"product","link":"https:\/\/hqstore.ro\/index.php\/product\/televizoare-televizor-philips-43pfs5525-12-led-43-full-hd-108-cm-43pfs5525-12\/","title":{"rendered":"Televizor, PHILIPS, 43PFS5525\/12, LED, 43&#034;, Full HD, 108  cm,"},"content":{"rendered":"<p>Televizor, PHILIPS, 43PFS5525\/12, LED, 43&#8243;, Full HD, 108  cm, 4:3\/16:9, 1920 x 1080, Pixel Plus HD, Buton Home multifunctional, DVB-T\/T2\/T2- HD\/C\/S\/S2, 2*HDMI, 1*USB, Interfa\u0163\u0103 comun\u0103 Plus (CI+), Ie\u015fire audio digital\u0103 (optic\u0103), RMS 16 W, Incredible Surround, Smart Sound, VESA 200 x 100 mm, Silver<\/p>\n","protected":false},"excerpt":{"rendered":"<p>Televizor, PHILIPS, 43PFS5525\/12, LED, 43&#8243;, Full HD, 108 cm, 4:3\/16:9, 1920 x 1080, Pixel Plus HD, Buton Home multifunctional, DVB-T\/T2\/T2- HD\/C\/S\/S2, 2*HDMI, 1*USB, Interfa\u0163\u0103 comun\u0103 Plus (CI+), Ie\u015fire audio digital\u0103 (optic\u0103), RMS 16 W, Incredible Surround, Smart Sound, VESA 200 x 100 mm, Silver<\/p>\n","protected":false},"featured_media":35171,"comment_status":"open","ping_status":"closed","template":"","meta":[],"product_cat":[76],"product_tag":[],"_links":{"self":[{"href":"https:\/\/hqstore.ro\/index.php\/wp-json\/wp\/v2\/product\/35170"}],"collection":[{"href":"https:\/\/hqstore.ro\/index.php\/wp-json\/wp\/v2\/product"}],"about":[{"href":"https:\/\/hqstore.ro\/index.php\/wp-json\/wp\/v2\/types\/product"}],"replies":[{"embeddable":true,"href":"https:\/\/hqstore.ro\/index.php\/wp-json\/wp\/v2\/comments?post=35170"}],"wp:featuredmedia":[{"embeddable":true,"href":"https:\/\/hqstore.ro\/index.php\/wp-json\/wp\/v2\/media\/35171"}],"wp:attachment":[{"href":"https:\/\/hqstore.ro\/index.php\/wp-json\/wp\/v2\/media?parent=35170"}],"wp:term":[{"taxonomy":"product_cat","embeddable":true,"href":"https:\/\/hqstore.ro\/index.php\/wp-json\/wp\/v2\/product_cat?post=35170"},{"taxonomy":"product_tag","embeddable":true,"href":"https:\/\/hqstore.ro\/index.php\/wp-json\/wp\/v2\/product_tag?post=35170"}],"curies":[{"name":"wp","href":"https:\/\/api.w.org\/{rel}","templated":true}]}}